{"id":61,"date":"2016-07-21T02:04:39","date_gmt":"2016-07-21T02:04:39","guid":{"rendered":"http:\/\/sw-themes.com\/porto_dummy\/?page_id=61"},"modified":"2024-07-10T22:34:47","modified_gmt":"2024-07-10T19:34:47","slug":"iletisim","status":"publish","type":"page","link":"https:\/\/www.bigadicyilmazasansor.com\/index.php\/iletisim\/","title":{"rendered":"\u0130leti\u015fim"},"content":{"rendered":"\t\t<div data-elementor-type=\"wp-page\" data-elementor-id=\"61\" class=\"elementor elementor-61\">\n\t\t\t\t\t\t<section class=\"elementor-section elementor-top-section elementor-element elementor-element-3d64b7a mb-5 contact-info elementor-section-boxed elementor-section-height-default elementor-section-height-default\" data-id=\"3d64b7a\" data-element_type=\"section\">\n\t\t\n\t\t\t\t\t\t\t<div class=\"elementor-container elementor-column-gap-default\">\n\t\t\t\t\t\t\t\t\t\t\t<div class=\"elementor-column elementor-col-33 elementor-top-column elementor-element elementor-element-fbd3234 elementor-invisible\" data-id=\"fbd3234\" data-element_type=\"column\" data-settings=\"{&quot;animation&quot;:&quot;fadeInUp&quot;,&quot;animation_delay&quot;:200}\">\n\t\t\t\t\t<div class=\"elementor-widget-wrap elementor-element-populated\">\n\t\t\t\t\t\t\t\t<div class=\"elementor-element elementor-element-5151874 w-auto elementor-widget elementor-widget-porto_info_box\" data-id=\"5151874\" data-element_type=\"widget\" data-widget_type=\"porto_info_box.default\">\n\t\t\t\t<div class=\"elementor-widget-container\">\n\t\t\t<div class=\"porto-sicon-box style_1 default-icon flex-wrap\"><div class=\"porto-sicon-default\"><div class=\"porto-just-icon-wrapper porto-icon none\" style=\"margin-right:6px;\"><svg xmlns=\"http:\/\/www.w3.org\/2000\/svg\" xmlns:xlink=\"http:\/\/www.w3.org\/1999\/xlink\" x=\"0px\" y=\"0px\" viewBox=\"0 0 419 420\" style=\"enable-background:new 0 0 419 420;\" xml:space=\"preserve\" width=\"23\" height=\"23\">\t<path d=\"M303.7,411.1c-15.6-0.1-31.2-2.1-46.4-5.9c-52.4-12.6-106.4-44.7-152-90.4s-77.7-99.6-90.4-152   C1.7,107.8,11.2,60.6,41.7,30.1l8.7-8.7c16.5-16.4,43.1-16.4,59.6,0l50.1,50.1c16.5,16.5,16.5,43.2,0,59.6l-29.6,29.6   c14.2,24.9,33.5,49.8,56.3,72.6s47.8,42.1,72.6,56.3l29.6-29.6c16.5-16.5,43.1-16.5,59.6,0c0,0,0,0,0,0l50.1,50.1   c16.5,16.5,16.5,43.1,0,59.6l-8.7,8.7C368.5,400,338.7,411.1,303.7,411.1z M80.2,39c-3.2,0-6.3,1.3-8.6,3.6l-8.7,8.7   c-22.9,22.9-29.6,60-18.8,104.5c11.4,47.1,40.6,96.1,82.4,137.9s90.7,71,137.9,82.4c44.5,10.7,81.6,4.1,104.5-18.8l8.7-8.7   c4.7-4.7,4.7-12.4,0-17.2l-50.1-50.1c-4.7-4.7-12.4-4.7-17.2,0l-37.5,37.5c-4.6,4.6-11.7,5.7-17.5,2.7c-30.8-15.9-61.8-39-89.6-67   s-51-58.9-66.9-89.6c-3-5.8-1.9-12.9,2.7-17.5l37.5-37.5c4.7-4.7,4.7-12.4,0-17.2L88.8,42.6C86.5,40.3,83.4,39,80.2,39z\"><\/path>\t<path d=\"M319.8,230.7c-8.3,0-15-6.7-15-15l0,0c-0.1-54.8-44.5-99.2-99.3-99.3c-8.3,0-15-6.7-15-15s6.7-15,15-15l0,0   c71.3,0,129.3,58,129.3,129.3C334.8,224,328,230.7,319.8,230.7C319.8,230.7,319.8,230.7,319.8,230.7z\"><\/path>\t<path d=\"M383.1,230.7c-8.3,0-15-6.7-15-15l0,0c0-89.7-73-162.7-162.6-162.7c-8.3,0-15-6.7-15-15s6.7-15,15-15l0,0   c106.2,0,192.6,86.4,192.6,192.7C398.1,224,391.4,230.7,383.1,230.7L383.1,230.7z\"><\/path><\/svg><\/div><\/div><div class=\"porto-sicon-header\"><a class=\"porto-sicon-box-link\" href=\"tel:#\"><h5 class=\"porto-sicon-title\" style=\"\">0 545 599 17 61<\/h5><\/a><\/div> <!-- header --><div class=\"porto-sicon-description\" style=\"\" ><p>Telefon<\/p><\/div> <!-- description --><\/div><!-- porto-sicon-box -->\t\t<\/div>\n\t\t\t\t<\/div>\n\t\t\t\t\t<\/div>\n\t\t\t\t<\/div>\n\t\t\t\t<div class=\"elementor-column elementor-col-33 elementor-top-column elementor-element elementor-element-4c1937e elementor-invisible\" data-id=\"4c1937e\" data-element_type=\"column\" data-settings=\"{&quot;animation&quot;:&quot;fadeInUp&quot;,&quot;animation_delay&quot;:200}\">\n\t\t\t\t\t<div class=\"elementor-widget-wrap elementor-element-populated\">\n\t\t\t\t\t\t\t\t<div class=\"elementor-element elementor-element-1cdc872 w-auto elementor-widget elementor-widget-porto_info_box\" data-id=\"1cdc872\" data-element_type=\"widget\" data-widget_type=\"porto_info_box.default\">\n\t\t\t\t<div class=\"elementor-widget-container\">\n\t\t\t<div class=\"porto-sicon-box style_1 default-icon flex-wrap\"><div class=\"porto-sicon-default\"><div class=\"porto-just-icon-wrapper porto-icon none\" style=\"margin-right:6px;\"><svg xmlns=\"http:\/\/www.w3.org\/2000\/svg\" xmlns:xlink=\"http:\/\/www.w3.org\/1999\/xlink\" x=\"0px\" y=\"0px\" viewBox=\"0 0 64 64\" style=\"enable-background:new 0 0 64 64;\" xml:space=\"preserve\" width=\"23\" height=\"23\"><path d=\"M32,60C16.5,60,4,47.5,4,32S16.5,4,32,4c15.9,0,25,8.7,25,24v1c0.2,3.4-0.6,6.8-2.3,9.7c-1.8,3.1-5.1,5.1-8.7,5  c-4,0-8.6-2.3-8.6-8.8v-0.1L38,22.9c-0.5-0.1-1-0.2-1.5-0.3c-1.4-0.2-2.7-0.3-4.1-0.3c-2.5-0.1-5,0.8-6.7,2.7  c-1.8,2.1-2.8,4.8-2.6,7.6c-0.1,2.2,0.5,4.3,1.7,6.1c1.1,1.3,2.7,1.9,4.3,1.8c1.2,0,2.4-0.3,3.4-0.9c0.9-0.6,2.2-0.4,2.8,0.6  s0.4,2.2-0.6,2.8C33,44,31,44.6,29.1,44.5c-2.8,0.1-5.6-1.1-7.4-3.3c-1.8-2.1-2.6-5-2.6-8.7c-0.2-3.8,1.1-7.5,3.7-10.3  c2.5-2.7,6-4.1,9.7-4c1.6,0,3.1,0.1,4.7,0.4c1.2,0.2,2.4,0.4,3.5,0.7l1.6,0.4L41.4,35c0,4.1,2.9,4.7,4.6,4.7c2.1,0,4.1-1.1,5.2-2.9  c1.4-2.4,2-5.1,1.8-7.8v-1c0-12.9-7.5-20-21-20C18.7,8,8,18.7,8,32c0,13.3,10.7,24,24,24c6.2,0,12.1-2.4,16.6-6.7  c0.8-0.8,2.1-0.7,2.8,0.1c0.8,0.8,0.7,2.1-0.1,2.8l0,0C46.2,57.2,39.2,60,32,60z\"><\/path><\/svg><\/div><\/div><div class=\"porto-sicon-header\"><a class=\"porto-sicon-box-link\" href=\"mailto:yilmazasansorbigadic@gmail.com\"><h5 class=\"porto-sicon-title\" style=\"\">yilmazasansorbigadic@gmail.com<\/h5><\/a><\/div> <!-- header --><div class=\"porto-sicon-description\" style=\"\" ><p>E-Posta<\/p><\/div> <!-- description --><\/div><!-- porto-sicon-box -->\t\t<\/div>\n\t\t\t\t<\/div>\n\t\t\t\t\t<\/div>\n\t\t\t\t<\/div>\n\t\t\t\t<div class=\"elementor-column elementor-col-33 elementor-top-column elementor-element elementor-element-26ea81c elementor-invisible\" data-id=\"26ea81c\" data-element_type=\"column\" data-settings=\"{&quot;animation&quot;:&quot;fadeInUp&quot;,&quot;animation_delay&quot;:600}\">\n\t\t\t\t\t<div class=\"elementor-widget-wrap elementor-element-populated\">\n\t\t\t\t\t\t\t\t<div class=\"elementor-element elementor-element-0e552ab elementor-widget elementor-widget-porto_info_box\" data-id=\"0e552ab\" data-element_type=\"widget\" data-widget_type=\"porto_info_box.default\">\n\t\t\t\t<div class=\"elementor-widget-container\">\n\t\t\t<div class=\"porto-sicon-box style_1 default-icon flex-wrap\"><div class=\"porto-sicon-default\"><div class=\"porto-just-icon-wrapper porto-icon none\" style=\"margin-right:6px;\"><i class=\"porto-icon-map-location\"><\/i><\/div><\/div><div class=\"porto-sicon-header\"><h5 class=\"porto-sicon-title\" style=\"\">Kuyu Mahallesi Ye\u015filli Caddesi NO:7A Bigadi\u00e7 \/  Bal\u0131kesir<\/h5><\/div> <!-- header --><div class=\"porto-sicon-description\" style=\"\" ><p>Adres<\/p><div id=\"mttContainer\" class=\"notranslate\" style=\"transform: translate(160px, 2px);\" aria-expanded=\"false\">\u00a0<\/div><\/div> <!-- description --><\/div><!-- porto-sicon-box -->\t\t<\/div>\n\t\t\t\t<\/div>\n\t\t\t\t\t<\/div>\n\t\t\t\t<\/div>\n\t\t\t\t\t<\/div>\n\t\t\t\t<\/section>\n\t\t\t\t<section class=\"elementor-section elementor-top-section elementor-element elementor-element-253b373 elementor-section-boxed elementor-section-height-default elementor-section-height-default\" data-id=\"253b373\" data-element_type=\"section\">\n\t\t\n\t\t\t\t\t\t\t<div class=\"elementor-container elementor-column-gap-default\">\n\t\t\t\t\t\t\t\t\t\t\t<div class=\"elementor-column elementor-col-50 elementor-top-column elementor-element elementor-element-e460834 elementor-invisible\" data-id=\"e460834\" data-element_type=\"column\" data-settings=\"{&quot;animation&quot;:&quot;fadeInUp&quot;,&quot;animation_delay&quot;:400}\">\n\t\t\t\t\t<div class=\"elementor-widget-wrap elementor-element-populated\">\n\t\t\t\t\t\t\t\t<div class=\"elementor-element elementor-element-d7500b8 mb-2 elementor-widget elementor-widget-heading\" data-id=\"d7500b8\" data-element_type=\"widget\" data-widget_type=\"heading.default\">\n\t\t\t\t<div class=\"elementor-widget-container\">\n\t\t\t<style>\/*! elementor - v3.22.0 - 26-06-2024 *\/\n.elementor-heading-title{padding:0;margin:0;line-height:1}.elementor-widget-heading .elementor-heading-title[class*=elementor-size-]>a{color:inherit;font-size:inherit;line-height:inherit}.elementor-widget-heading .elementor-heading-title.elementor-size-small{font-size:15px}.elementor-widget-heading .elementor-heading-title.elementor-size-medium{font-size:19px}.elementor-widget-heading .elementor-heading-title.elementor-size-large{font-size:29px}.elementor-widget-heading .elementor-heading-title.elementor-size-xl{font-size:39px}.elementor-widget-heading .elementor-heading-title.elementor-size-xxl{font-size:59px}<\/style><h2 class=\"elementor-heading-title elementor-size-default\">Bize Ula\u015f\u0131n<\/h2>\t\t<\/div>\n\t\t\t\t<\/div>\n\t\t\t\t<div class=\"elementor-element elementor-element-26e90f8 m-b-lg pb-1 elementor-widget elementor-widget-heading\" data-id=\"26e90f8\" data-element_type=\"widget\" data-widget_type=\"heading.default\">\n\t\t\t\t<div class=\"elementor-widget-container\">\n\t\t\t<p class=\"elementor-heading-title elementor-size-default\">A\u015fa\u011f\u0131daki ileti\u015fim formunu kullanarak da bizlere ula\u015fabilirsiniz.<\/p>\t\t<\/div>\n\t\t\t\t<\/div>\n\t\t\t\t<div class=\"elementor-element elementor-element-3c68607 elementor-widget elementor-widget-shortcode\" data-id=\"3c68607\" data-element_type=\"widget\" data-widget_type=\"shortcode.default\">\n\t\t\t\t<div class=\"elementor-widget-container\">\n\t\t\t\t\t<div class=\"elementor-shortcode\">\n<div class=\"wpcf7 no-js\" id=\"wpcf7-f66-o1\" lang=\"en-US\" dir=\"ltr\">\n<div class=\"screen-reader-response\"><p role=\"status\" aria-live=\"polite\" aria-atomic=\"true\"><\/p> <ul><\/ul><\/div>\n<form action=\"\/index.php\/wp-json\/wp\/v2\/pages\/61#wpcf7-f66-o1\" method=\"post\" class=\"wpcf7-form init\" aria-label=\"Contact form\" novalidate=\"novalidate\" data-status=\"init\">\n<div style=\"display: none;\">\n<input type=\"hidden\" name=\"_wpcf7\" value=\"66\" \/>\n<input type=\"hidden\" name=\"_wpcf7_version\" value=\"5.9.6\" \/>\n<input type=\"hidden\" name=\"_wpcf7_locale\" value=\"en_US\" \/>\n<input type=\"hidden\" name=\"_wpcf7_unit_tag\" value=\"wpcf7-f66-o1\" \/>\n<input type=\"hidden\" name=\"_wpcf7_container_post\" value=\"0\" \/>\n<input type=\"hidden\" name=\"_wpcf7_posted_data_hash\" value=\"\" \/>\n<\/div>\n<div class=\"form-group\">\n\t<span class=\"wpcf7-form-control-wrap\" data-name=\"your-name\"><input size=\"40\" maxlength=\"80\" class=\"wpcf7-form-control wpcf7-text wpcf7-validates-as-required form-control\" id=\"contact-name\" aria-required=\"true\" aria-invalid=\"false\" placeholder=\"Ad\u0131n\u0131z\" value=\"\" type=\"text\" name=\"your-name\" \/><\/span>\n<\/div>\n<div class=\"form-group\">\n\t<span class=\"wpcf7-form-control-wrap\" data-name=\"your-email\"><input size=\"40\" maxlength=\"80\" class=\"wpcf7-form-control wpcf7-email wpcf7-validates-as-required wpcf7-text wpcf7-validates-as-email form-control\" id=\"contact-email\" aria-required=\"true\" aria-invalid=\"false\" placeholder=\"E-Posta Adresiniz\" value=\"\" type=\"email\" name=\"your-email\" \/><\/span>\n<\/div>\n<div class=\"form-group\">\n\t<span class=\"wpcf7-form-control-wrap\" data-name=\"your-subject\"><input size=\"40\" maxlength=\"80\" class=\"wpcf7-form-control wpcf7-text form-control\" id=\"contact-subject\" aria-invalid=\"false\" placeholder=\"Konu\" value=\"\" type=\"text\" name=\"your-subject\" \/><\/span>\n<\/div>\n<div class=\"form-group\">\n\t<span class=\"wpcf7-form-control-wrap\" data-name=\"your-message\"><textarea cols=\"40\" rows=\"10\" maxlength=\"400\" class=\"wpcf7-form-control wpcf7-textarea form-control\" id=\"contact-message\" aria-invalid=\"false\" placeholder=\"Mesaj\u0131n\u0131z\" name=\"your-message\"><\/textarea><\/span>\n<\/div>\n<div class=\"form-group\">\n\t<input class=\"wpcf7-form-control wpcf7-submit has-spinner btn btn-primary btn-xl\" type=\"submit\" value=\"G\u00f6nder\" \/>\n<\/div><div class=\"wpcf7-response-output\" aria-hidden=\"true\"><\/div>\n<\/form>\n<\/div>\n<\/div>\n\t\t\t\t<\/div>\n\t\t\t\t<\/div>\n\t\t\t\t\t<\/div>\n\t\t\t\t<\/div>\n\t\t\t\t<div class=\"elementor-column elementor-col-50 elementor-top-column elementor-element elementor-element-e3ec724 elementor-invisible\" data-id=\"e3ec724\" data-element_type=\"column\" data-settings=\"{&quot;animation&quot;:&quot;fadeInUp&quot;,&quot;animation_delay&quot;:800}\">\n\t\t\t\t\t<div class=\"elementor-widget-wrap elementor-element-populated\">\n\t\t\t\t\t\t\t\t<div class=\"elementor-element elementor-element-2f91529 mb-2 elementor-widget elementor-widget-heading\" data-id=\"2f91529\" data-element_type=\"widget\" data-widget_type=\"heading.default\">\n\t\t\t\t<div class=\"elementor-widget-container\">\n\t\t\t<h2 class=\"elementor-heading-title elementor-size-default\">Adresimiz<\/h2>\t\t<\/div>\n\t\t\t\t<\/div>\n\t\t\t\t<div class=\"elementor-element elementor-element-4cee1f2 m-b-lg pb-1 elementor-widget elementor-widget-heading\" data-id=\"4cee1f2\" data-element_type=\"widget\" data-widget_type=\"heading.default\">\n\t\t\t\t<div class=\"elementor-widget-container\">\n\t\t\t<p class=\"elementor-heading-title elementor-size-default\">A\u015fa\u011f\u0131daki haritadan bizlere kolayca ula\u015fabilirsiniz.<\/p>\t\t<\/div>\n\t\t\t\t<\/div>\n\t\t\t\t<div class=\"elementor-element elementor-element-39c13f5 elementor-invisible elementor-widget elementor-widget-google_maps\" data-id=\"39c13f5\" data-element_type=\"widget\" data-settings=\"{&quot;_animation&quot;:&quot;fadeIn&quot;}\" data-widget_type=\"google_maps.default\">\n\t\t\t\t<div class=\"elementor-widget-container\">\n\t\t\t<style>\/*! elementor - v3.22.0 - 26-06-2024 *\/\n.elementor-widget-google_maps .elementor-widget-container{overflow:hidden}.elementor-widget-google_maps .elementor-custom-embed{line-height:0}.elementor-widget-google_maps iframe{height:300px}<\/style>\t\t<div class=\"elementor-custom-embed\">\n\t\t\t<iframe loading=\"lazy\"\n\t\t\t\t\tsrc=\"https:\/\/maps.google.com\/maps?q=Kuyu%20Mahallesi%20Ye%C5%9Filli%20Caddesi%20NO%3A7A%20Bigadi%C3%A7%20%2F%20%20Bal%C4%B1kesir&#038;t=m&#038;z=17&#038;output=embed&#038;iwloc=near\"\n\t\t\t\t\ttitle=\"Kuyu Mahallesi Ye\u015filli Caddesi NO:7A Bigadi\u00e7 \/  Bal\u0131kesir\"\n\t\t\t\t\taria-label=\"Kuyu Mahallesi Ye\u015filli Caddesi NO:7A Bigadi\u00e7 \/  Bal\u0131kesir\"\n\t\t\t><\/iframe>\n\t\t<\/div>\n\t\t\t\t<\/div>\n\t\t\t\t<\/div>\n\t\t\t\t\t<\/div>\n\t\t\t\t<\/div>\n\t\t\t\t\t<\/div>\n\t\t\t\t<\/section>\n\t\t\t\t<\/div>\n\t\t","protected":false},"excerpt":{"rendered":"<p>0 545 599 17 61 Telefon yilmazasansorbigadic@gmail.com E-Posta Kuyu Mahallesi Ye\u015filli Caddesi NO:7A Bigadi\u00e7 \/ Bal\u0131kesir Adres \u00a0 Bize Ula\u015f\u0131n A\u015fa\u011f\u0131daki ileti\u015fim formunu kullanarak da bizlere ula\u015fabilirsiniz. Adresimiz A\u015fa\u011f\u0131daki haritadan bizlere kolayca ula\u015fabilirsiniz.<\/p>\n","protected":false},"author":1,"featured_media":0,"parent":0,"menu_order":0,"comment_status":"closed","ping_status":"closed","template":"","meta":{"footnotes":""},"class_list":["post-61","page","type-page","status-publish","hentry"],"_links":{"self":[{"href":"https:\/\/www.bigadicyilmazasansor.com\/index.php\/wp-json\/wp\/v2\/pages\/61","targetHints":{"allow":["GET"]}}],"collection":[{"href":"https:\/\/www.bigadicyilmazasansor.com\/index.php\/wp-json\/wp\/v2\/pages"}],"about":[{"href":"https:\/\/www.bigadicyilmazasansor.com\/index.php\/wp-json\/wp\/v2\/types\/page"}],"author":[{"embeddable":true,"href":"https:\/\/www.bigadicyilmazasansor.com\/index.php\/wp-json\/wp\/v2\/users\/1"}],"replies":[{"embeddable":true,"href":"https:\/\/www.bigadicyilmazasansor.com\/index.php\/wp-json\/wp\/v2\/comments?post=61"}],"version-history":[{"count":10,"href":"https:\/\/www.bigadicyilmazasansor.com\/index.php\/wp-json\/wp\/v2\/pages\/61\/revisions"}],"predecessor-version":[{"id":2367,"href":"https:\/\/www.bigadicyilmazasansor.com\/index.php\/wp-json\/wp\/v2\/pages\/61\/revisions\/2367"}],"wp:attachment":[{"href":"https:\/\/www.bigadicyilmazasansor.com\/index.php\/wp-json\/wp\/v2\/media?parent=61"}],"curies":[{"name":"wp","href":"https:\/\/api.w.org\/{rel}","templated":true}]}}