{"id":2295,"date":"2024-07-04T13:08:59","date_gmt":"2024-07-04T10:08:59","guid":{"rendered":"https:\/\/www.bigadicyilmazasansor.com\/?page_id=2295"},"modified":"2024-07-04T13:11:22","modified_gmt":"2024-07-04T10:11:22","slug":"hidrolik-asansor","status":"publish","type":"page","link":"https:\/\/www.bigadicyilmazasansor.com\/index.php\/asansor-tipleri\/hidrolik-asansor\/","title":{"rendered":"Hidrolik Asans\u00f6r"},"content":{"rendered":"\t\t<div data-elementor-type=\"wp-page\" data-elementor-id=\"2295\" class=\"elementor elementor-2295\">\n\t\t\t\t<div class=\"elementor-element elementor-element-20bb7ac e-flex e-con-boxed e-con e-parent\" data-id=\"20bb7ac\" data-element_type=\"container\">\n\t\t\t\t\t<div class=\"e-con-inner\">\n\t\t\t\t<div class=\"elementor-element elementor-element-d334702 elementor-widget elementor-widget-spacer\" data-id=\"d334702\" data-element_type=\"widget\" data-widget_type=\"spacer.default\">\n\t\t\t\t<div class=\"elementor-widget-container\">\n\t\t\t<style>\/*! elementor - v3.22.0 - 26-06-2024 *\/\n.elementor-column .elementor-spacer-inner{height:var(--spacer-size)}.e-con{--container-widget-width:100%}.e-con-inner>.elementor-widget-spacer,.e-con>.elementor-widget-spacer{width:var(--container-widget-width,var(--spacer-size));--align-self:var(--container-widget-align-self,initial);--flex-shrink:0}.e-con-inner>.elementor-widget-spacer>.elementor-widget-container,.e-con>.elementor-widget-spacer>.elementor-widget-container{height:100%;width:100%}.e-con-inner>.elementor-widget-spacer>.elementor-widget-container>.elementor-spacer,.e-con>.elementor-widget-spacer>.elementor-widget-container>.elementor-spacer{height:100%}.e-con-inner>.elementor-widget-spacer>.elementor-widget-container>.elementor-spacer>.elementor-spacer-inner,.e-con>.elementor-widget-spacer>.elementor-widget-container>.elementor-spacer>.elementor-spacer-inner{height:var(--container-widget-height,var(--spacer-size))}.e-con-inner>.elementor-widget-spacer.elementor-widget-empty,.e-con>.elementor-widget-spacer.elementor-widget-empty{position:relative;min-height:22px;min-width:22px}.e-con-inner>.elementor-widget-spacer.elementor-widget-empty .elementor-widget-empty-icon,.e-con>.elementor-widget-spacer.elementor-widget-empty .elementor-widget-empty-icon{position:absolute;top:0;bottom:0;left:0;right:0;margin:auto;padding:0;width:22px;height:22px}<\/style>\t\t<div class=\"elementor-spacer\">\n\t\t\t<div class=\"elementor-spacer-inner\"><\/div>\n\t\t<\/div>\n\t\t\t\t<\/div>\n\t\t\t\t<\/div>\n\t\t\t\t<div class=\"elementor-element elementor-element-abd51ee elementor-widget elementor-widget-image\" data-id=\"abd51ee\" data-element_type=\"widget\" data-widget_type=\"image.default\">\n\t\t\t\t<div class=\"elementor-widget-container\">\n\t\t\t<style>\/*! elementor - v3.22.0 - 26-06-2024 *\/\n.elementor-widget-image{text-align:center}.elementor-widget-image a{display:inline-block}.elementor-widget-image a img[src$=\".svg\"]{width:48px}.elementor-widget-image img{vertical-align:middle;display:inline-block}<\/style>\t\t\t\t\t\t\t\t\t\t<img fetchpriority=\"high\" decoding=\"async\" width=\"770\" height=\"433\" src=\"https:\/\/www.bigadicyilmazasansor.com\/wp-content\/uploads\/2024\/07\/hidrolik-asansor-770x433-1.webp\" class=\"attachment-portfolio-grid-one size-portfolio-grid-one wp-image-2297\" alt=\"\" srcset=\"https:\/\/www.bigadicyilmazasansor.com\/wp-content\/uploads\/2024\/07\/hidrolik-asansor-770x433-1.webp 770w, https:\/\/www.bigadicyilmazasansor.com\/wp-content\/uploads\/2024\/07\/hidrolik-asansor-770x433-1-768x432.webp 768w, https:\/\/www.bigadicyilmazasansor.com\/wp-content\/uploads\/2024\/07\/hidrolik-asansor-770x433-1-640x360.webp 640w, https:\/\/www.bigadicyilmazasansor.com\/wp-content\/uploads\/2024\/07\/hidrolik-asansor-770x433-1-400x225.webp 400w, https:\/\/www.bigadicyilmazasansor.com\/wp-content\/uploads\/2024\/07\/hidrolik-asansor-770x433-1-367x206.webp 367w\" sizes=\"(max-width: 770px) 100vw, 770px\" \/>\t\t\t\t\t\t\t\t\t\t\t\t\t<\/div>\n\t\t\t\t<\/div>\n\t\t\t\t<div class=\"elementor-element elementor-element-9cccf1f elementor-widget elementor-widget-heading\" data-id=\"9cccf1f\" data-element_type=\"widget\" data-widget_type=\"heading.default\">\n\t\t\t\t<div class=\"elementor-widget-container\">\n\t\t\t<style>\/*! elementor - v3.22.0 - 26-06-2024 *\/\n.elementor-heading-title{padding:0;margin:0;line-height:1}.elementor-widget-heading .elementor-heading-title[class*=elementor-size-]>a{color:inherit;font-size:inherit;line-height:inherit}.elementor-widget-heading .elementor-heading-title.elementor-size-small{font-size:15px}.elementor-widget-heading .elementor-heading-title.elementor-size-medium{font-size:19px}.elementor-widget-heading .elementor-heading-title.elementor-size-large{font-size:29px}.elementor-widget-heading .elementor-heading-title.elementor-size-xl{font-size:39px}.elementor-widget-heading .elementor-heading-title.elementor-size-xxl{font-size:59px}<\/style><h2 class=\"elementor-heading-title elementor-size-default\">Hidrolik Asans\u00f6r<\/h2>\t\t<\/div>\n\t\t\t\t<\/div>\n\t\t\t\t<div class=\"elementor-element elementor-element-3dacaa9 elementor-widget elementor-widget-text-editor\" data-id=\"3dacaa9\" data-element_type=\"widget\" data-widget_type=\"text-editor.default\">\n\t\t\t\t<div class=\"elementor-widget-container\">\n\t\t\t<style>\/*! elementor - v3.22.0 - 26-06-2024 *\/\n.elementor-widget-text-editor.elementor-drop-cap-view-stacked .elementor-drop-cap{background-color:#69727d;color:#fff}.elementor-widget-text-editor.elementor-drop-cap-view-framed .elementor-drop-cap{color:#69727d;border:3px solid;background-color:transparent}.elementor-widget-text-editor:not(.elementor-drop-cap-view-default) .elementor-drop-cap{margin-top:8px}.elementor-widget-text-editor:not(.elementor-drop-cap-view-default) .elementor-drop-cap-letter{width:1em;height:1em}.elementor-widget-text-editor .elementor-drop-cap{float:left;text-align:center;line-height:1;font-size:50px}.elementor-widget-text-editor .elementor-drop-cap-letter{display:inline-block}<\/style>\t\t\t\t<p>\u00c7al\u0131\u015fma prensibine bakarak asans\u00f6r\u00fcn kald\u0131rma i\u015flemi; hidrolik s\u0131v\u0131s\u0131n\u0131, kabini do\u011frudan veya dolayl\u0131 olarak etkileyen bir kald\u0131r\u0131c\u0131ya sevk eden ve elektrikle tahrik edilen bir pompa vas\u0131tas\u0131yla ger\u00e7ekle\u015fen asans\u00f6rlerdir.<\/p><p>Bu asans\u00f6rlerde a\u015fa\u011f\u0131 y\u00f6n hareketi kabinin kendi a\u011f\u0131rl\u0131\u011f\u0131 ile ger\u00e7ekle\u015fmektedir. Hidrolik asans\u00f6rlerde makine dairesi genel olarak, ilk durak seviyesinde bulunur. Burada bir ya\u011f kazan\u0131 ve bunun \u00fczerinde hidrolik makinesi (d\u00fczene\u011fi), kumanda panosu ve hidrolik s\u0131v\u0131s\u0131n\u0131n i\u00e7inden ge\u00e7ti\u011fi hortumlar bulunmaktad\u0131r.<\/p><p>Asans\u00f6r kuyusu i\u00e7inde; kabin, varsa kar\u015f\u0131 a\u011f\u0131rl\u0131k, silindir piston sistemi, ask\u0131 tertibat\u0131 ve tamponlar bulunmaktad\u0131r. Hidrolik asans\u00f6rler elektri\u011fin tahrik etti\u011fi pompan\u0131n ya\u011f\u0131 itmesiyle pistonlar\u0131n kabini kald\u0131rmas\u0131 esas\u0131na g\u00f6re \u00e7al\u0131\u015f\u0131r. Pompalanan ya\u011f, hidrolik makinesinden belirli \u015fartlar\u0131 yerine getirerek ge\u00e7ip borular vas\u0131tas\u0131yla silindiri harekete ge\u00e7irirler. Silindir kabine do\u011frudan veya dolayl\u0131 olarak ba\u011flanm\u0131\u015f olabilir. Silindirin itti\u011fi kabin al\u0131nan kumanda ile gerekli kata ta\u015f\u0131n\u0131r.<\/p><p>Hidrolik asans\u00f6rler genellikle; konutlarda, villa ve evlerde, tadilat g\u00f6ren binalarda; bina stati\u011fine ek y\u00fck getirilmesinin istenmedi\u011fi durumlarda(\u00f6rne\u011fin eski eser tadilat\u0131), fabrikalarda, al\u0131\u015f veri\u015f merkezlerinde panoramik olarak kullan\u0131l\u0131rlar.<\/p><p>Asans\u00f6rler genel olarak yap\u0131lan s\u00f6zle\u015fmeler gere\u011fi ayl\u0131k periyotlarla gerekli bak\u0131mlardan ge\u00e7melidir.<br \/>Esas olarak oteller, bak\u0131m evleri, b\u00fcrolar ve apartmanlar gibi yeni in\u015fa edilmi\u015f veya mevcut al\u00e7ak binalar i\u00e7in uygundur ve orta d\u00fczeyde yolcu ak\u0131\u015f\u0131 i\u00e7in idealdir.<\/p><p>Hidrolik asans\u00f6rler; kald\u0131rma kapasitesine, tesis edilecekleri binalar\u0131n y\u00fcksekli\u011fine ve bina fonksiyonuna g\u00f6re dizayn edilirler. En uygun hidrolik asans\u00f6r\u00fcn se\u00e7imi i\u00e7in kabinin tahrik edilme y\u00f6ntemine g\u00f6re temel sistemler belirlenmekte ve m\u00fc\u015fterilerimize bununla ilgili olarak a\u00e7\u0131klay\u0131c\u0131 bilgiler verilmektedir.<\/p><p><b>Dikkat! Hidrolik asans\u00f6r\u00fcn\u00fcz\u00fc mutlaka, Bigadi\u00e7 Y\u0131lmaz Asans\u00f6r taraf\u0131ndan periyodik ve genel asans\u00f6r bak\u0131m\u0131 yapt\u0131r\u0131lmal\u0131d\u0131r. \u0130nsan hayat\u0131 her \u015feyden \u00f6nemli ve de\u011ferlidir.<\/b><\/p>\t\t\t\t\t\t<\/div>\n\t\t\t\t<\/div>\n\t\t\t\t\t<\/div>\n\t\t\t\t<\/div>\n\t\t\t\t<\/div>\n\t\t","protected":false},"excerpt":{"rendered":"<p>Hidrolik Asans\u00f6r \u00c7al\u0131\u015fma prensibine bakarak asans\u00f6r\u00fcn kald\u0131rma i\u015flemi; hidrolik s\u0131v\u0131s\u0131n\u0131, kabini do\u011frudan veya dolayl\u0131 olarak etkileyen bir kald\u0131r\u0131c\u0131ya sevk eden ve elektrikle tahrik edilen bir pompa vas\u0131tas\u0131yla ger\u00e7ekle\u015fen asans\u00f6rlerdir. Bu asans\u00f6rlerde a\u015fa\u011f\u0131 y\u00f6n hareketi kabinin kendi a\u011f\u0131rl\u0131\u011f\u0131 ile ger\u00e7ekle\u015fmektedir. Hidrolik asans\u00f6rlerde makine dairesi genel olarak, ilk durak seviyesinde bulunur. Burada bir ya\u011f kazan\u0131 ve bunun [&hellip;]<\/p>\n","protected":false},"author":1,"featured_media":0,"parent":2132,"menu_order":0,"comment_status":"closed","ping_status":"closed","template":"","meta":{"footnotes":""},"class_list":["post-2295","page","type-page","status-publish","hentry"],"_links":{"self":[{"href":"https:\/\/www.bigadicyilmazasansor.com\/index.php\/wp-json\/wp\/v2\/pages\/2295","targetHints":{"allow":["GET"]}}],"collection":[{"href":"https:\/\/www.bigadicyilmazasansor.com\/index.php\/wp-json\/wp\/v2\/pages"}],"about":[{"href":"https:\/\/www.bigadicyilmazasansor.com\/index.php\/wp-json\/wp\/v2\/types\/page"}],"author":[{"embeddable":true,"href":"https:\/\/www.bigadicyilmazasansor.com\/index.php\/wp-json\/wp\/v2\/users\/1"}],"replies":[{"embeddable":true,"href":"https:\/\/www.bigadicyilmazasansor.com\/index.php\/wp-json\/wp\/v2\/comments?post=2295"}],"version-history":[{"count":7,"href":"https:\/\/www.bigadicyilmazasansor.com\/index.php\/wp-json\/wp\/v2\/pages\/2295\/revisions"}],"predecessor-version":[{"id":2303,"href":"https:\/\/www.bigadicyilmazasansor.com\/index.php\/wp-json\/wp\/v2\/pages\/2295\/revisions\/2303"}],"up":[{"embeddable":true,"href":"https:\/\/www.bigadicyilmazasansor.com\/index.php\/wp-json\/wp\/v2\/pages\/2132"}],"wp:attachment":[{"href":"https:\/\/www.bigadicyilmazasansor.com\/index.php\/wp-json\/wp\/v2\/media?parent=2295"}],"curies":[{"name":"wp","href":"https:\/\/api.w.org\/{rel}","templated":true}]}}