{"id":2286,"date":"2024-07-04T13:05:51","date_gmt":"2024-07-04T10:05:51","guid":{"rendered":"https:\/\/www.bigadicyilmazasansor.com\/?page_id=2286"},"modified":"2024-07-04T13:08:28","modified_gmt":"2024-07-04T10:08:28","slug":"makine-dairesiz-mrl-asansor","status":"publish","type":"page","link":"https:\/\/www.bigadicyilmazasansor.com\/index.php\/asansor-tipleri\/makine-dairesiz-mrl-asansor\/","title":{"rendered":"Makine Dairesiz (MRL) Asans\u00f6r"},"content":{"rendered":"\t\t<div data-elementor-type=\"wp-page\" data-elementor-id=\"2286\" class=\"elementor elementor-2286\">\n\t\t\t\t<div class=\"elementor-element elementor-element-1a8f7bf e-flex e-con-boxed e-con e-parent\" data-id=\"1a8f7bf\" data-element_type=\"container\">\n\t\t\t\t\t<div class=\"e-con-inner\">\n\t\t\t\t<div class=\"elementor-element elementor-element-829af5a elementor-widget elementor-widget-spacer\" data-id=\"829af5a\" data-element_type=\"widget\" data-widget_type=\"spacer.default\">\n\t\t\t\t<div class=\"elementor-widget-container\">\n\t\t\t<style>\/*! elementor - v3.22.0 - 26-06-2024 *\/\n.elementor-column .elementor-spacer-inner{height:var(--spacer-size)}.e-con{--container-widget-width:100%}.e-con-inner>.elementor-widget-spacer,.e-con>.elementor-widget-spacer{width:var(--container-widget-width,var(--spacer-size));--align-self:var(--container-widget-align-self,initial);--flex-shrink:0}.e-con-inner>.elementor-widget-spacer>.elementor-widget-container,.e-con>.elementor-widget-spacer>.elementor-widget-container{height:100%;width:100%}.e-con-inner>.elementor-widget-spacer>.elementor-widget-container>.elementor-spacer,.e-con>.elementor-widget-spacer>.elementor-widget-container>.elementor-spacer{height:100%}.e-con-inner>.elementor-widget-spacer>.elementor-widget-container>.elementor-spacer>.elementor-spacer-inner,.e-con>.elementor-widget-spacer>.elementor-widget-container>.elementor-spacer>.elementor-spacer-inner{height:var(--container-widget-height,var(--spacer-size))}.e-con-inner>.elementor-widget-spacer.elementor-widget-empty,.e-con>.elementor-widget-spacer.elementor-widget-empty{position:relative;min-height:22px;min-width:22px}.e-con-inner>.elementor-widget-spacer.elementor-widget-empty .elementor-widget-empty-icon,.e-con>.elementor-widget-spacer.elementor-widget-empty .elementor-widget-empty-icon{position:absolute;top:0;bottom:0;left:0;right:0;margin:auto;padding:0;width:22px;height:22px}<\/style>\t\t<div class=\"elementor-spacer\">\n\t\t\t<div class=\"elementor-spacer-inner\"><\/div>\n\t\t<\/div>\n\t\t\t\t<\/div>\n\t\t\t\t<\/div>\n\t\t\t\t<div class=\"elementor-element elementor-element-82e4024 elementor-widget elementor-widget-image\" data-id=\"82e4024\" data-element_type=\"widget\" data-widget_type=\"image.default\">\n\t\t\t\t<div class=\"elementor-widget-container\">\n\t\t\t<style>\/*! elementor - v3.22.0 - 26-06-2024 *\/\n.elementor-widget-image{text-align:center}.elementor-widget-image a{display:inline-block}.elementor-widget-image a img[src$=\".svg\"]{width:48px}.elementor-widget-image img{vertical-align:middle;display:inline-block}<\/style>\t\t\t\t\t\t\t\t\t\t<img fetchpriority=\"high\" decoding=\"async\" width=\"560\" height=\"367\" src=\"https:\/\/www.bigadicyilmazasansor.com\/wp-content\/uploads\/2024\/07\/makinadairesiz-scaled-1-560x367.webp\" class=\"attachment-portfolio-large size-portfolio-large wp-image-2288\" alt=\"\" \/>\t\t\t\t\t\t\t\t\t\t\t\t\t<\/div>\n\t\t\t\t<\/div>\n\t\t\t\t<div class=\"elementor-element elementor-element-16aa7a4 elementor-widget elementor-widget-heading\" data-id=\"16aa7a4\" data-element_type=\"widget\" data-widget_type=\"heading.default\">\n\t\t\t\t<div class=\"elementor-widget-container\">\n\t\t\t<style>\/*! elementor - v3.22.0 - 26-06-2024 *\/\n.elementor-heading-title{padding:0;margin:0;line-height:1}.elementor-widget-heading .elementor-heading-title[class*=elementor-size-]>a{color:inherit;font-size:inherit;line-height:inherit}.elementor-widget-heading .elementor-heading-title.elementor-size-small{font-size:15px}.elementor-widget-heading .elementor-heading-title.elementor-size-medium{font-size:19px}.elementor-widget-heading .elementor-heading-title.elementor-size-large{font-size:29px}.elementor-widget-heading .elementor-heading-title.elementor-size-xl{font-size:39px}.elementor-widget-heading .elementor-heading-title.elementor-size-xxl{font-size:59px}<\/style><h2 class=\"elementor-heading-title elementor-size-default\">Makine Dairesiz (MRL) Asans\u00f6r<\/h2>\t\t<\/div>\n\t\t\t\t<\/div>\n\t\t\t\t<div class=\"elementor-element elementor-element-b241d7c elementor-widget elementor-widget-text-editor\" data-id=\"b241d7c\" data-element_type=\"widget\" data-widget_type=\"text-editor.default\">\n\t\t\t\t<div class=\"elementor-widget-container\">\n\t\t\t<style>\/*! elementor - v3.22.0 - 26-06-2024 *\/\n.elementor-widget-text-editor.elementor-drop-cap-view-stacked .elementor-drop-cap{background-color:#69727d;color:#fff}.elementor-widget-text-editor.elementor-drop-cap-view-framed .elementor-drop-cap{color:#69727d;border:3px solid;background-color:transparent}.elementor-widget-text-editor:not(.elementor-drop-cap-view-default) .elementor-drop-cap{margin-top:8px}.elementor-widget-text-editor:not(.elementor-drop-cap-view-default) .elementor-drop-cap-letter{width:1em;height:1em}.elementor-widget-text-editor .elementor-drop-cap{float:left;text-align:center;line-height:1;font-size:50px}.elementor-widget-text-editor .elementor-drop-cap-letter{display:inline-block}<\/style>\t\t\t\t<p>Makine dairesiz asans\u00f6rler \u00f6zellikle yolcu terminalleri, \u00e7ok katl\u0131 ma\u011fazalar, al\u0131\u015fveri\u015f merkezleri ile e\u011fitim, k\u00fclt\u00fcr ve sa\u011fl\u0131k kurulu\u015flar\u0131 i\u00e7in uygun bir \u00e7\u00f6z\u00fcm olu\u015fturur. \u00d6zellikle daha yo\u011fun yolcu trafi\u011fi olan ve daha y\u00fcksek ticari binalar da tasar\u0131mc\u0131lar, in\u015faat\u00e7\u0131lar ve bina sahipleri i\u00e7in \u00f6nemli avantajlar sa\u011flar.<\/p><ul><li>Makine dairesine gerek duymamas\u0131 bina alan\u0131n\u0131 artt\u0131rmakta ve sistemin enerji etkinli\u011fi, i\u015fletme maliyetini d\u00fc\u015f\u00fcrerek ek bir de\u011fer kazand\u0131rmaktad\u0131r.<\/li><li>Makine dairesiz asans\u00f6rlerimizin, 24 kata kadar olan binalarda, 2000 kg. Kapasiteye ve 1.6 m\/sn h\u0131za kadar, tesis edilebilme imk\u00e2n\u0131 vard\u0131r.<\/li><li>Geleneksel motorlara g\u00f6re % 40\u2019 a varan enerji tasarrufunun yan\u0131 s\u0131ra, di\u015fli kutusunun olmamas\u0131 nedeniyle y\u0131pranma son derece az olmaktad\u0131r. Sistemin ya\u011fs\u0131z olmas\u0131 \u00e7evre kirlili\u011fi ve yang\u0131n tehlikesini tamamen ortadan kald\u0131rmaktad\u0131r.<\/li><li>V3F kontrol\u00fc ise son derece sessiz ve konforlu bir seyir sa\u011flarken, d\u00fc\u015f\u00fck motor devri de sistemin g\u00fcvenli\u011fini en \u00fcst d\u00fczeye \u00e7\u0131kartmaktad\u0131r.<\/li><\/ul><p>Makine dairesiz sistemlerin di\u011fer avantajlar\u0131;<\/p><ul><li>Makine dairesiz tasar\u0131m ile bina hacminde tasarruf.<\/li><li>\u00dcst\u00fcn kontrol teknikleri ile e\u015fsiz duru\u015f hassasiyeti.<\/li><li>Her \u00e7e\u015fit binaya kolay entegrasyon.<\/li><li>Kald\u0131rma \u00fcnitesinin \u00fcst\u00fcn performans\u0131 ile sessiz ve konforlu seyir.<\/li><li>Daha az kalk\u0131\u015f ak\u0131m\u0131, daha az enerji kullan\u0131m\u0131.<\/li><\/ul><p><b>Dikkat! Makine dairesiz asans\u00f6r\u00fcn\u00fcz\u00fc mutlaka, Bigadi\u00e7 Y\u0131lmaz Asans\u00f6r taraf\u0131ndan periyodik ve genel asans\u00f6r bak\u0131m\u0131 yapt\u0131r\u0131lmal\u0131d\u0131r. \u0130nsan hayat\u0131 her \u015feyden \u00f6nemli ve de\u011ferlidir.<\/b><\/p><div id=\"mttContainer\" class=\"notranslate\" style=\"transform: translate(-21px, -18px);\" aria-expanded=\"false\">\u00a0<\/div>\t\t\t\t\t\t<\/div>\n\t\t\t\t<\/div>\n\t\t\t\t\t<\/div>\n\t\t\t\t<\/div>\n\t\t\t\t<\/div>\n\t\t","protected":false},"excerpt":{"rendered":"<p>Makine Dairesiz (MRL) Asans\u00f6r Makine dairesiz asans\u00f6rler \u00f6zellikle yolcu terminalleri, \u00e7ok katl\u0131 ma\u011fazalar, al\u0131\u015fveri\u015f merkezleri ile e\u011fitim, k\u00fclt\u00fcr ve sa\u011fl\u0131k kurulu\u015flar\u0131 i\u00e7in uygun bir \u00e7\u00f6z\u00fcm olu\u015fturur. \u00d6zellikle daha yo\u011fun yolcu trafi\u011fi olan ve daha y\u00fcksek ticari binalar da tasar\u0131mc\u0131lar, in\u015faat\u00e7\u0131lar ve bina sahipleri i\u00e7in \u00f6nemli avantajlar sa\u011flar. Makine dairesine gerek duymamas\u0131 bina alan\u0131n\u0131 artt\u0131rmakta ve [&hellip;]<\/p>\n","protected":false},"author":1,"featured_media":0,"parent":2132,"menu_order":0,"comment_status":"closed","ping_status":"closed","template":"","meta":{"footnotes":""},"class_list":["post-2286","page","type-page","status-publish","hentry"],"_links":{"self":[{"href":"https:\/\/www.bigadicyilmazasansor.com\/index.php\/wp-json\/wp\/v2\/pages\/2286","targetHints":{"allow":["GET"]}}],"collection":[{"href":"https:\/\/www.bigadicyilmazasansor.com\/index.php\/wp-json\/wp\/v2\/pages"}],"about":[{"href":"https:\/\/www.bigadicyilmazasansor.com\/index.php\/wp-json\/wp\/v2\/types\/page"}],"author":[{"embeddable":true,"href":"https:\/\/www.bigadicyilmazasansor.com\/index.php\/wp-json\/wp\/v2\/users\/1"}],"replies":[{"embeddable":true,"href":"https:\/\/www.bigadicyilmazasansor.com\/index.php\/wp-json\/wp\/v2\/comments?post=2286"}],"version-history":[{"count":7,"href":"https:\/\/www.bigadicyilmazasansor.com\/index.php\/wp-json\/wp\/v2\/pages\/2286\/revisions"}],"predecessor-version":[{"id":2294,"href":"https:\/\/www.bigadicyilmazasansor.com\/index.php\/wp-json\/wp\/v2\/pages\/2286\/revisions\/2294"}],"up":[{"embeddable":true,"href":"https:\/\/www.bigadicyilmazasansor.com\/index.php\/wp-json\/wp\/v2\/pages\/2132"}],"wp:attachment":[{"href":"https:\/\/www.bigadicyilmazasansor.com\/index.php\/wp-json\/wp\/v2\/media?parent=2286"}],"curies":[{"name":"wp","href":"https:\/\/api.w.org\/{rel}","templated":true}]}}