{"id":2229,"date":"2024-07-04T12:12:18","date_gmt":"2024-07-04T09:12:18","guid":{"rendered":"https:\/\/www.bigadicyilmazasansor.com\/?page_id=2229"},"modified":"2024-07-04T12:14:24","modified_gmt":"2024-07-04T09:14:24","slug":"panoramik-asansor","status":"publish","type":"page","link":"https:\/\/www.bigadicyilmazasansor.com\/index.php\/modeller\/panoramik-asansor\/","title":{"rendered":"Panoramik Asans\u00f6r"},"content":{"rendered":"\t\t<div data-elementor-type=\"wp-page\" data-elementor-id=\"2229\" class=\"elementor elementor-2229\">\n\t\t\t\t<div class=\"elementor-element elementor-element-dd70869 e-flex e-con-boxed e-con e-parent\" data-id=\"dd70869\" data-element_type=\"container\">\n\t\t\t\t\t<div class=\"e-con-inner\">\n\t\t\t\t<div class=\"elementor-element elementor-element-cf438e4 elementor-widget elementor-widget-spacer\" data-id=\"cf438e4\" data-element_type=\"widget\" data-widget_type=\"spacer.default\">\n\t\t\t\t<div class=\"elementor-widget-container\">\n\t\t\t<style>\/*! elementor - v3.22.0 - 26-06-2024 *\/\n.elementor-column .elementor-spacer-inner{height:var(--spacer-size)}.e-con{--container-widget-width:100%}.e-con-inner>.elementor-widget-spacer,.e-con>.elementor-widget-spacer{width:var(--container-widget-width,var(--spacer-size));--align-self:var(--container-widget-align-self,initial);--flex-shrink:0}.e-con-inner>.elementor-widget-spacer>.elementor-widget-container,.e-con>.elementor-widget-spacer>.elementor-widget-container{height:100%;width:100%}.e-con-inner>.elementor-widget-spacer>.elementor-widget-container>.elementor-spacer,.e-con>.elementor-widget-spacer>.elementor-widget-container>.elementor-spacer{height:100%}.e-con-inner>.elementor-widget-spacer>.elementor-widget-container>.elementor-spacer>.elementor-spacer-inner,.e-con>.elementor-widget-spacer>.elementor-widget-container>.elementor-spacer>.elementor-spacer-inner{height:var(--container-widget-height,var(--spacer-size))}.e-con-inner>.elementor-widget-spacer.elementor-widget-empty,.e-con>.elementor-widget-spacer.elementor-widget-empty{position:relative;min-height:22px;min-width:22px}.e-con-inner>.elementor-widget-spacer.elementor-widget-empty .elementor-widget-empty-icon,.e-con>.elementor-widget-spacer.elementor-widget-empty .elementor-widget-empty-icon{position:absolute;top:0;bottom:0;left:0;right:0;margin:auto;padding:0;width:22px;height:22px}<\/style>\t\t<div class=\"elementor-spacer\">\n\t\t\t<div class=\"elementor-spacer-inner\"><\/div>\n\t\t<\/div>\n\t\t\t\t<\/div>\n\t\t\t\t<\/div>\n\t\t\t\t<div class=\"elementor-element elementor-element-53dd806 elementor-widget elementor-widget-image\" data-id=\"53dd806\" data-element_type=\"widget\" data-widget_type=\"image.default\">\n\t\t\t\t<div class=\"elementor-widget-container\">\n\t\t\t<style>\/*! elementor - v3.22.0 - 26-06-2024 *\/\n.elementor-widget-image{text-align:center}.elementor-widget-image a{display:inline-block}.elementor-widget-image a img[src$=\".svg\"]{width:48px}.elementor-widget-image img{vertical-align:middle;display:inline-block}<\/style>\t\t\t\t\t\t\t\t\t\t<img fetchpriority=\"high\" decoding=\"async\" width=\"1140\" height=\"445\" src=\"https:\/\/www.bigadicyilmazasansor.com\/wp-content\/uploads\/2024\/07\/sung-jin-cho-S87hxapFvU-unsplash-scaled-1-1140x445.webp\" class=\"attachment-blog-large size-blog-large wp-image-1888\" alt=\"\" \/>\t\t\t\t\t\t\t\t\t\t\t\t\t<\/div>\n\t\t\t\t<\/div>\n\t\t\t\t<div class=\"elementor-element elementor-element-1e103fc elementor-widget elementor-widget-heading\" data-id=\"1e103fc\" data-element_type=\"widget\" data-widget_type=\"heading.default\">\n\t\t\t\t<div class=\"elementor-widget-container\">\n\t\t\t<style>\/*! elementor - v3.22.0 - 26-06-2024 *\/\n.elementor-heading-title{padding:0;margin:0;line-height:1}.elementor-widget-heading .elementor-heading-title[class*=elementor-size-]>a{color:inherit;font-size:inherit;line-height:inherit}.elementor-widget-heading .elementor-heading-title.elementor-size-small{font-size:15px}.elementor-widget-heading .elementor-heading-title.elementor-size-medium{font-size:19px}.elementor-widget-heading .elementor-heading-title.elementor-size-large{font-size:29px}.elementor-widget-heading .elementor-heading-title.elementor-size-xl{font-size:39px}.elementor-widget-heading .elementor-heading-title.elementor-size-xxl{font-size:59px}<\/style><h2 class=\"elementor-heading-title elementor-size-default\">Panoramik Asans\u00f6r<\/h2>\t\t<\/div>\n\t\t\t\t<\/div>\n\t\t\t\t<div class=\"elementor-element elementor-element-7e6bf4a elementor-widget elementor-widget-text-editor\" data-id=\"7e6bf4a\" data-element_type=\"widget\" data-widget_type=\"text-editor.default\">\n\t\t\t\t<div class=\"elementor-widget-container\">\n\t\t\t<style>\/*! elementor - v3.22.0 - 26-06-2024 *\/\n.elementor-widget-text-editor.elementor-drop-cap-view-stacked .elementor-drop-cap{background-color:#69727d;color:#fff}.elementor-widget-text-editor.elementor-drop-cap-view-framed .elementor-drop-cap{color:#69727d;border:3px solid;background-color:transparent}.elementor-widget-text-editor:not(.elementor-drop-cap-view-default) .elementor-drop-cap{margin-top:8px}.elementor-widget-text-editor:not(.elementor-drop-cap-view-default) .elementor-drop-cap-letter{width:1em;height:1em}.elementor-widget-text-editor .elementor-drop-cap{float:left;text-align:center;line-height:1;font-size:50px}.elementor-widget-text-editor .elementor-drop-cap-letter{display:inline-block}<\/style>\t\t\t\t<p>G\u00fcn\u00fcm\u00fczde artan modern binalar ve estetik mimari tasar\u0131mlar, beraberinde asans\u00f6r tasar\u0131mlar\u0131n\u0131 da etkilemi\u015ftir. Panoramik asans\u00f6rler binalara g\u00fczellik ve zarafet katarken kullan\u0131c\u0131lara al\u0131\u015f\u0131lm\u0131\u015f\u0131n d\u0131\u015f\u0131nda bir g\u00f6r\u00fcn\u00fcm sa\u011flamaktad\u0131r.<\/p>\n<p>Panoramik asans\u00f6rlerin en belirgin \u00f6zelli\u011fi, kabinin cam ile \u00e7er\u00e7evelenmi\u015f olmas\u0131d\u0131r. Bu sayede kullan\u0131c\u0131s\u0131na g\u00f6rsel bir keyif ve ferahl\u0131k vermektedir. Asans\u00f6r\u00fc kullanan ki\u015filerin, seyir halindeyken kabin d\u0131\u015f\u0131n\u0131 g\u00f6rebilir olmas\u0131, kapal\u0131 asans\u00f6rlere g\u00f6re \u00e7ok daha rahatlat\u0131c\u0131 ve asans\u00f6r korkusu olanlar i\u00e7in huzur vericidir. Panoramik asans\u00f6rde kullan\u0131lan camlar, kullan\u0131c\u0131lar\u0131n\u0131n g\u00fcvenli\u011fini koruyacak \u015fekilde k\u0131r\u0131lmaz ya da k\u0131r\u0131ld\u0131\u011f\u0131 zaman da\u011f\u0131lmaz \u00f6zellikte \u00fcretilmektedir.<\/p>\n<p>Hidrolik ve elektrik tahrik sistemleri sayesinde panoramik asans\u00f6rlerde \u00e7ok geni\u015f kapsaml\u0131 yerle\u015ftirme \u00e7\u00f6z\u00fcmleri \u00fcretilebilmektedir. Teknik olarak panoramik asans\u00f6rler 4 ki\u015fiden 21 ki\u015fi ta\u015f\u0131ma kapasitesine ve 0,63 m\/s h\u0131zdan 2,5 m\/s h\u0131za kadar tasarlan\u0131p \u00fcretilebilirler.<\/p>\n<p>Panoramik asans\u00f6rler her bina i\u00e7in ayr\u0131 ayr\u0131 tasarlan\u0131r. Binan\u0131n mimarisine uygun olarak dairesel, kare, \u00fc\u00e7gen ve benzer \u015fekilde tasarlanmalar\u0131 m\u00fcmk\u00fcnd\u00fcr.<\/p>\n<p>Panoramik asans\u00f6rlerin di\u011fer bir \u00f6zelli\u011fi ise, bina i\u00e7ine montaj\u0131 oldu\u011fu gibi, bina d\u0131\u015f\u0131na da montaj\u0131 yap\u0131labilir. Bu nedenle yap\u0131 i\u00e7erisinde kullan\u0131m alan\u0131 avantaj\u0131 sa\u011flar.<\/p>\n<p>Al\u0131\u015fveri\u015f merkezleri panoramik asans\u00f6rlerin en fazla tercih edildi\u011fi binalard\u0131r. Bununla beraber otellerde, e\u011flence merkezlerinde, y\u00fcksek ofis bloklar\u0131nda, b\u00fcy\u00fck metro ve tren garlar\u0131nda geni\u015f kullan\u0131m alanlar\u0131 vard\u0131r.<\/p>\n<p><b>Dikkat! Panoramik asans\u00f6r\u00fcn\u00fcz\u00fc mutlaka, Bigadi\u00e7 Y\u0131lmaz Asans\u00f6r taraf\u0131ndan periyodik ve genel asans\u00f6r bak\u0131m\u0131 yapt\u0131r\u0131lmal\u0131d\u0131r. \u0130nsan hayat\u0131 her \u015feyden \u00f6nemli ve de\u011ferlidir.<\/b><\/p>\n<div id=\"mttContainer\" class=\"notranslate\" style=\"transform: translate(-21px, 12px);\" aria-expanded=\"false\">&nbsp;<\/div>\t\t\t\t\t\t<\/div>\n\t\t\t\t<\/div>\n\t\t\t\t\t<\/div>\n\t\t\t\t<\/div>\n\t\t\t\t<\/div>\n\t\t","protected":false},"excerpt":{"rendered":"<p>Panoramik Asans\u00f6r G\u00fcn\u00fcm\u00fczde artan modern binalar ve estetik mimari tasar\u0131mlar, beraberinde asans\u00f6r tasar\u0131mlar\u0131n\u0131 da etkilemi\u015ftir. Panoramik asans\u00f6rler binalara g\u00fczellik ve zarafet katarken kullan\u0131c\u0131lara al\u0131\u015f\u0131lm\u0131\u015f\u0131n d\u0131\u015f\u0131nda bir g\u00f6r\u00fcn\u00fcm sa\u011flamaktad\u0131r. Panoramik asans\u00f6rlerin en belirgin \u00f6zelli\u011fi, kabinin cam ile \u00e7er\u00e7evelenmi\u015f olmas\u0131d\u0131r. Bu sayede kullan\u0131c\u0131s\u0131na g\u00f6rsel bir keyif ve ferahl\u0131k vermektedir. Asans\u00f6r\u00fc kullanan ki\u015filerin, seyir halindeyken kabin d\u0131\u015f\u0131n\u0131 g\u00f6rebilir [&hellip;]<\/p>\n","protected":false},"author":1,"featured_media":0,"parent":2142,"menu_order":0,"comment_status":"closed","ping_status":"closed","template":"","meta":{"footnotes":""},"class_list":["post-2229","page","type-page","status-publish","hentry"],"_links":{"self":[{"href":"https:\/\/www.bigadicyilmazasansor.com\/index.php\/wp-json\/wp\/v2\/pages\/2229","targetHints":{"allow":["GET"]}}],"collection":[{"href":"https:\/\/www.bigadicyilmazasansor.com\/index.php\/wp-json\/wp\/v2\/pages"}],"about":[{"href":"https:\/\/www.bigadicyilmazasansor.com\/index.php\/wp-json\/wp\/v2\/types\/page"}],"author":[{"embeddable":true,"href":"https:\/\/www.bigadicyilmazasansor.com\/index.php\/wp-json\/wp\/v2\/users\/1"}],"replies":[{"embeddable":true,"href":"https:\/\/www.bigadicyilmazasansor.com\/index.php\/wp-json\/wp\/v2\/comments?post=2229"}],"version-history":[{"count":10,"href":"https:\/\/www.bigadicyilmazasansor.com\/index.php\/wp-json\/wp\/v2\/pages\/2229\/revisions"}],"predecessor-version":[{"id":2239,"href":"https:\/\/www.bigadicyilmazasansor.com\/index.php\/wp-json\/wp\/v2\/pages\/2229\/revisions\/2239"}],"up":[{"embeddable":true,"href":"https:\/\/www.bigadicyilmazasansor.com\/index.php\/wp-json\/wp\/v2\/pages\/2142"}],"wp:attachment":[{"href":"https:\/\/www.bigadicyilmazasansor.com\/index.php\/wp-json\/wp\/v2\/media?parent=2229"}],"curies":[{"name":"wp","href":"https:\/\/api.w.org\/{rel}","templated":true}]}}