{"id":2223,"date":"2024-07-04T12:09:32","date_gmt":"2024-07-04T09:09:32","guid":{"rendered":"https:\/\/www.bigadicyilmazasansor.com\/?page_id=2223"},"modified":"2024-07-04T12:11:53","modified_gmt":"2024-07-04T09:11:53","slug":"sedye-asansorleri","status":"publish","type":"page","link":"https:\/\/www.bigadicyilmazasansor.com\/index.php\/modeller\/sedye-asansorleri\/","title":{"rendered":"Sedye Asans\u00f6rleri"},"content":{"rendered":"\t\t<div data-elementor-type=\"wp-page\" data-elementor-id=\"2223\" class=\"elementor elementor-2223\">\n\t\t\t\t<div class=\"elementor-element elementor-element-7d64782 e-flex e-con-boxed e-con e-parent\" data-id=\"7d64782\" data-element_type=\"container\">\n\t\t\t\t\t<div class=\"e-con-inner\">\n\t\t\t\t<div class=\"elementor-element elementor-element-43e49fd elementor-widget elementor-widget-spacer\" data-id=\"43e49fd\" data-element_type=\"widget\" data-widget_type=\"spacer.default\">\n\t\t\t\t<div class=\"elementor-widget-container\">\n\t\t\t<style>\/*! elementor - v3.22.0 - 26-06-2024 *\/\n.elementor-column .elementor-spacer-inner{height:var(--spacer-size)}.e-con{--container-widget-width:100%}.e-con-inner>.elementor-widget-spacer,.e-con>.elementor-widget-spacer{width:var(--container-widget-width,var(--spacer-size));--align-self:var(--container-widget-align-self,initial);--flex-shrink:0}.e-con-inner>.elementor-widget-spacer>.elementor-widget-container,.e-con>.elementor-widget-spacer>.elementor-widget-container{height:100%;width:100%}.e-con-inner>.elementor-widget-spacer>.elementor-widget-container>.elementor-spacer,.e-con>.elementor-widget-spacer>.elementor-widget-container>.elementor-spacer{height:100%}.e-con-inner>.elementor-widget-spacer>.elementor-widget-container>.elementor-spacer>.elementor-spacer-inner,.e-con>.elementor-widget-spacer>.elementor-widget-container>.elementor-spacer>.elementor-spacer-inner{height:var(--container-widget-height,var(--spacer-size))}.e-con-inner>.elementor-widget-spacer.elementor-widget-empty,.e-con>.elementor-widget-spacer.elementor-widget-empty{position:relative;min-height:22px;min-width:22px}.e-con-inner>.elementor-widget-spacer.elementor-widget-empty .elementor-widget-empty-icon,.e-con>.elementor-widget-spacer.elementor-widget-empty .elementor-widget-empty-icon{position:absolute;top:0;bottom:0;left:0;right:0;margin:auto;padding:0;width:22px;height:22px}<\/style>\t\t<div class=\"elementor-spacer\">\n\t\t\t<div class=\"elementor-spacer-inner\"><\/div>\n\t\t<\/div>\n\t\t\t\t<\/div>\n\t\t\t\t<\/div>\n\t\t\t\t<div class=\"elementor-element elementor-element-18a5a17 elementor-widget elementor-widget-image\" data-id=\"18a5a17\" data-element_type=\"widget\" data-widget_type=\"image.default\">\n\t\t\t\t<div class=\"elementor-widget-container\">\n\t\t\t<style>\/*! elementor - v3.22.0 - 26-06-2024 *\/\n.elementor-widget-image{text-align:center}.elementor-widget-image a{display:inline-block}.elementor-widget-image a img[src$=\".svg\"]{width:48px}.elementor-widget-image img{vertical-align:middle;display:inline-block}<\/style>\t\t\t\t\t\t\t\t\t\t<img fetchpriority=\"high\" decoding=\"async\" width=\"565\" height=\"200\" src=\"https:\/\/www.bigadicyilmazasansor.com\/wp-content\/uploads\/2024\/07\/sedye_asansoru.webp\" class=\"attachment-large size-large wp-image-2225\" alt=\"\" srcset=\"https:\/\/www.bigadicyilmazasansor.com\/wp-content\/uploads\/2024\/07\/sedye_asansoru.webp 565w, https:\/\/www.bigadicyilmazasansor.com\/wp-content\/uploads\/2024\/07\/sedye_asansoru-400x142.webp 400w, https:\/\/www.bigadicyilmazasansor.com\/wp-content\/uploads\/2024\/07\/sedye_asansoru-367x130.webp 367w\" sizes=\"(max-width: 565px) 100vw, 565px\" \/>\t\t\t\t\t\t\t\t\t\t\t\t\t<\/div>\n\t\t\t\t<\/div>\n\t\t\t\t<div class=\"elementor-element elementor-element-9e402e0 elementor-widget elementor-widget-heading\" data-id=\"9e402e0\" data-element_type=\"widget\" data-widget_type=\"heading.default\">\n\t\t\t\t<div class=\"elementor-widget-container\">\n\t\t\t<style>\/*! elementor - v3.22.0 - 26-06-2024 *\/\n.elementor-heading-title{padding:0;margin:0;line-height:1}.elementor-widget-heading .elementor-heading-title[class*=elementor-size-]>a{color:inherit;font-size:inherit;line-height:inherit}.elementor-widget-heading .elementor-heading-title.elementor-size-small{font-size:15px}.elementor-widget-heading .elementor-heading-title.elementor-size-medium{font-size:19px}.elementor-widget-heading .elementor-heading-title.elementor-size-large{font-size:29px}.elementor-widget-heading .elementor-heading-title.elementor-size-xl{font-size:39px}.elementor-widget-heading .elementor-heading-title.elementor-size-xxl{font-size:59px}<\/style><h2 class=\"elementor-heading-title elementor-size-default\">Sedye Asans\u00f6rleri<\/h2>\t\t<\/div>\n\t\t\t\t<\/div>\n\t\t\t\t<div class=\"elementor-element elementor-element-e191385 elementor-widget elementor-widget-text-editor\" data-id=\"e191385\" data-element_type=\"widget\" data-widget_type=\"text-editor.default\">\n\t\t\t\t<div class=\"elementor-widget-container\">\n\t\t\t<style>\/*! elementor - v3.22.0 - 26-06-2024 *\/\n.elementor-widget-text-editor.elementor-drop-cap-view-stacked .elementor-drop-cap{background-color:#69727d;color:#fff}.elementor-widget-text-editor.elementor-drop-cap-view-framed .elementor-drop-cap{color:#69727d;border:3px solid;background-color:transparent}.elementor-widget-text-editor:not(.elementor-drop-cap-view-default) .elementor-drop-cap{margin-top:8px}.elementor-widget-text-editor:not(.elementor-drop-cap-view-default) .elementor-drop-cap-letter{width:1em;height:1em}.elementor-widget-text-editor .elementor-drop-cap{float:left;text-align:center;line-height:1;font-size:50px}.elementor-widget-text-editor .elementor-drop-cap-letter{display:inline-block}<\/style>\t\t\t\t<p>Sa\u011fl\u0131k tesislerinde kullan\u0131lan hasta asans\u00f6rleri, sedye ta\u015f\u0131mak ama\u00e7l\u0131 olarak tasarlanm\u0131\u015f olup 1600 kg, 2000 kg ve 2500 kg ta\u015f\u0131ma kapasiteleri vard\u0131r. H\u0131z 0,63 m\/s den 2,5 m\/s ye kadar olabilir.<\/p>\n<p>Elektrik tahrikli hasta asans\u00f6rleri, \u00e7ift h\u0131zl\u0131 (1 m\/s ye kadar ) veya kademesiz h\u0131z ayarl\u0131 (3,15 m\/s ye kadar ) olabilmektedir.<\/p>\n<p>Hidrolik tahriklilerde ise azami h\u0131z 1 m\/s dir. Hastanenin yatak say\u0131s\u0131 dikkate al\u0131narak, asans\u00f6r say\u0131s\u0131, kapasitesi ve h\u0131z\u0131 yap\u0131lan trafik hesab\u0131 sonucu tespit edilmektedir. Asans\u00f6r kumanda sistemleri olarak mikro i\u015flemcili; basit kumandal\u0131, tek y\u00f6n toplamal\u0131, y\u00f6nlere hassas toplama ve da\u011f\u0131tmal\u0131 ve ikili grup (dubleks)dan 6\u2019l\u0131 gruba kadar grup kumandal\u0131 sistemler kullan\u0131lmaktad\u0131r.<\/p>\n<p>Kap\u0131lar man\u00fcel veya otomatik yana toplanan\/merkezden a\u00e7\u0131lan tip veya elektrostatik boyal\u0131 ve setine\/desenli paslanmaz \u00e7elik sac kapl\u0131 olabilir.<\/p>\n<p>Kabinler, TSE standartlar\u0131na uygun ebatlarda laminant veya paslanmaz \u00e7elik kapl\u0131 olarak yap\u0131lmakta ve darbe ku\u015faklar\u0131 ile te\u00e7hiz edilmektedir. Bu sayede kabine giri\u015f ve \u00e7\u0131k\u0131\u015flardaki \u00e7arpma s\u0131ras\u0131nda hastaya ve kabine verilebilecek zararlar ortadan kald\u0131r\u0131lmaktad\u0131r. Kabin taban\u0131 anti bakteriyel PVC evsafl\u0131 malzeme ile kapl\u0131d\u0131r. Kabin ayd\u0131nlatmas\u0131, sedyede bulunan ve hastay\u0131 rahats\u0131z etmeyecek \u0131\u015f\u0131k \u015fiddetindeki ayd\u0131nlatma ile ve m\u00fc\u015fteri talepleri do\u011frultusunda dekoratif \u015fekilde yap\u0131lmaktad\u0131r. Sedye asans\u00f6rler elektrik kesilmelerine kar\u015f\u0131 \u00f6nlem, ayarlanm\u0131\u015f \u0131\u015f\u0131k ak\u0131s\u0131, anti bakteriyel tedbirler, paslanmaz aksam gibi ilave \u00f6zel donam\u0131nlar eklenmi\u015f asans\u00f6rlerdir.<\/p>\n<p>Sedye asans\u00f6rleri, yar\u0131 otomatik, tam otomatik ya da hidrolik olarak tercih edilebilir.<\/p>\n<p><b>Dikkat! Sedye asans\u00f6r\u00fcn\u00fcz\u00fc mutlaka, Bigadi\u00e7 Y\u0131lmaz Asans\u00f6r taraf\u0131ndan periyodik ve genel asans\u00f6r bak\u0131m\u0131 yapt\u0131r\u0131lmal\u0131d\u0131r. \u0130nsan hayat\u0131 her \u015feyden \u00f6nemli ve de\u011ferlidir.<\/b><\/p>\t\t\t\t\t\t<\/div>\n\t\t\t\t<\/div>\n\t\t\t\t\t<\/div>\n\t\t\t\t<\/div>\n\t\t\t\t<\/div>\n\t\t","protected":false},"excerpt":{"rendered":"<p>Sedye Asans\u00f6rleri Sa\u011fl\u0131k tesislerinde kullan\u0131lan hasta asans\u00f6rleri, sedye ta\u015f\u0131mak ama\u00e7l\u0131 olarak tasarlanm\u0131\u015f olup 1600 kg, 2000 kg ve 2500 kg ta\u015f\u0131ma kapasiteleri vard\u0131r. H\u0131z 0,63 m\/s den 2,5 m\/s ye kadar olabilir. Elektrik tahrikli hasta asans\u00f6rleri, \u00e7ift h\u0131zl\u0131 (1 m\/s ye kadar ) veya kademesiz h\u0131z ayarl\u0131 (3,15 m\/s ye kadar ) olabilmektedir. Hidrolik tahriklilerde [&hellip;]<\/p>\n","protected":false},"author":1,"featured_media":0,"parent":2142,"menu_order":0,"comment_status":"closed","ping_status":"closed","template":"","meta":{"footnotes":""},"class_list":["post-2223","page","type-page","status-publish","hentry"],"_links":{"self":[{"href":"https:\/\/www.bigadicyilmazasansor.com\/index.php\/wp-json\/wp\/v2\/pages\/2223","targetHints":{"allow":["GET"]}}],"collection":[{"href":"https:\/\/www.bigadicyilmazasansor.com\/index.php\/wp-json\/wp\/v2\/pages"}],"about":[{"href":"https:\/\/www.bigadicyilmazasansor.com\/index.php\/wp-json\/wp\/v2\/types\/page"}],"author":[{"embeddable":true,"href":"https:\/\/www.bigadicyilmazasansor.com\/index.php\/wp-json\/wp\/v2\/users\/1"}],"replies":[{"embeddable":true,"href":"https:\/\/www.bigadicyilmazasansor.com\/index.php\/wp-json\/wp\/v2\/comments?post=2223"}],"version-history":[{"count":4,"href":"https:\/\/www.bigadicyilmazasansor.com\/index.php\/wp-json\/wp\/v2\/pages\/2223\/revisions"}],"predecessor-version":[{"id":2228,"href":"https:\/\/www.bigadicyilmazasansor.com\/index.php\/wp-json\/wp\/v2\/pages\/2223\/revisions\/2228"}],"up":[{"embeddable":true,"href":"https:\/\/www.bigadicyilmazasansor.com\/index.php\/wp-json\/wp\/v2\/pages\/2142"}],"wp:attachment":[{"href":"https:\/\/www.bigadicyilmazasansor.com\/index.php\/wp-json\/wp\/v2\/media?parent=2223"}],"curies":[{"name":"wp","href":"https:\/\/api.w.org\/{rel}","templated":true}]}}