{"id":2218,"date":"2024-07-04T12:04:22","date_gmt":"2024-07-04T09:04:22","guid":{"rendered":"https:\/\/www.bigadicyilmazasansor.com\/?page_id=2218"},"modified":"2024-07-04T12:07:10","modified_gmt":"2024-07-04T09:07:10","slug":"monsarj-yemek-asansoru","status":"publish","type":"page","link":"https:\/\/www.bigadicyilmazasansor.com\/index.php\/modeller\/monsarj-yemek-asansoru\/","title":{"rendered":"Mon\u015farj (Yemek) Asans\u00f6r\u00fc"},"content":{"rendered":"\t\t<div data-elementor-type=\"wp-page\" data-elementor-id=\"2218\" class=\"elementor elementor-2218\">\n\t\t\t\t<div class=\"elementor-element elementor-element-c2540d5 e-flex e-con-boxed e-con e-parent\" data-id=\"c2540d5\" data-element_type=\"container\">\n\t\t\t\t\t<div class=\"e-con-inner\">\n\t\t\t\t<div class=\"elementor-element elementor-element-c2f19b3 elementor-widget elementor-widget-spacer\" data-id=\"c2f19b3\" data-element_type=\"widget\" data-widget_type=\"spacer.default\">\n\t\t\t\t<div class=\"elementor-widget-container\">\n\t\t\t<style>\/*! elementor - v3.22.0 - 26-06-2024 *\/\n.elementor-column .elementor-spacer-inner{height:var(--spacer-size)}.e-con{--container-widget-width:100%}.e-con-inner>.elementor-widget-spacer,.e-con>.elementor-widget-spacer{width:var(--container-widget-width,var(--spacer-size));--align-self:var(--container-widget-align-self,initial);--flex-shrink:0}.e-con-inner>.elementor-widget-spacer>.elementor-widget-container,.e-con>.elementor-widget-spacer>.elementor-widget-container{height:100%;width:100%}.e-con-inner>.elementor-widget-spacer>.elementor-widget-container>.elementor-spacer,.e-con>.elementor-widget-spacer>.elementor-widget-container>.elementor-spacer{height:100%}.e-con-inner>.elementor-widget-spacer>.elementor-widget-container>.elementor-spacer>.elementor-spacer-inner,.e-con>.elementor-widget-spacer>.elementor-widget-container>.elementor-spacer>.elementor-spacer-inner{height:var(--container-widget-height,var(--spacer-size))}.e-con-inner>.elementor-widget-spacer.elementor-widget-empty,.e-con>.elementor-widget-spacer.elementor-widget-empty{position:relative;min-height:22px;min-width:22px}.e-con-inner>.elementor-widget-spacer.elementor-widget-empty .elementor-widget-empty-icon,.e-con>.elementor-widget-spacer.elementor-widget-empty .elementor-widget-empty-icon{position:absolute;top:0;bottom:0;left:0;right:0;margin:auto;padding:0;width:22px;height:22px}<\/style>\t\t<div class=\"elementor-spacer\">\n\t\t\t<div class=\"elementor-spacer-inner\"><\/div>\n\t\t<\/div>\n\t\t\t\t<\/div>\n\t\t\t\t<\/div>\n\t\t\t\t<div class=\"elementor-element elementor-element-f370854 elementor-widget elementor-widget-image\" data-id=\"f370854\" data-element_type=\"widget\" data-widget_type=\"image.default\">\n\t\t\t\t<div class=\"elementor-widget-container\">\n\t\t\t<style>\/*! elementor - v3.22.0 - 26-06-2024 *\/\n.elementor-widget-image{text-align:center}.elementor-widget-image a{display:inline-block}.elementor-widget-image a img[src$=\".svg\"]{width:48px}.elementor-widget-image img{vertical-align:middle;display:inline-block}<\/style>\t\t\t\t\t\t\t\t\t\t<img fetchpriority=\"high\" decoding=\"async\" width=\"870\" height=\"445\" src=\"https:\/\/www.bigadicyilmazasansor.com\/wp-content\/uploads\/2024\/07\/monsarj-870x445.webp\" class=\"attachment-blog-large size-blog-large wp-image-2098\" alt=\"\" srcset=\"https:\/\/www.bigadicyilmazasansor.com\/wp-content\/uploads\/2024\/07\/monsarj-870x445.webp 870w, https:\/\/www.bigadicyilmazasansor.com\/wp-content\/uploads\/2024\/07\/monsarj-450x231.webp 450w\" sizes=\"(max-width: 870px) 100vw, 870px\" \/>\t\t\t\t\t\t\t\t\t\t\t\t\t<\/div>\n\t\t\t\t<\/div>\n\t\t\t\t<div class=\"elementor-element elementor-element-6f47121 elementor-widget elementor-widget-heading\" data-id=\"6f47121\" data-element_type=\"widget\" data-widget_type=\"heading.default\">\n\t\t\t\t<div class=\"elementor-widget-container\">\n\t\t\t<style>\/*! elementor - v3.22.0 - 26-06-2024 *\/\n.elementor-heading-title{padding:0;margin:0;line-height:1}.elementor-widget-heading .elementor-heading-title[class*=elementor-size-]>a{color:inherit;font-size:inherit;line-height:inherit}.elementor-widget-heading .elementor-heading-title.elementor-size-small{font-size:15px}.elementor-widget-heading .elementor-heading-title.elementor-size-medium{font-size:19px}.elementor-widget-heading .elementor-heading-title.elementor-size-large{font-size:29px}.elementor-widget-heading .elementor-heading-title.elementor-size-xl{font-size:39px}.elementor-widget-heading .elementor-heading-title.elementor-size-xxl{font-size:59px}<\/style><h2 class=\"elementor-heading-title elementor-size-default\">Mon\u015farj (Yemek) Asans\u00f6r\u00fc<\/h2>\t\t<\/div>\n\t\t\t\t<\/div>\n\t\t\t\t<div class=\"elementor-element elementor-element-ca92b18 elementor-widget elementor-widget-text-editor\" data-id=\"ca92b18\" data-element_type=\"widget\" data-widget_type=\"text-editor.default\">\n\t\t\t\t<div class=\"elementor-widget-container\">\n\t\t\t<style>\/*! elementor - v3.22.0 - 26-06-2024 *\/\n.elementor-widget-text-editor.elementor-drop-cap-view-stacked .elementor-drop-cap{background-color:#69727d;color:#fff}.elementor-widget-text-editor.elementor-drop-cap-view-framed .elementor-drop-cap{color:#69727d;border:3px solid;background-color:transparent}.elementor-widget-text-editor:not(.elementor-drop-cap-view-default) .elementor-drop-cap{margin-top:8px}.elementor-widget-text-editor:not(.elementor-drop-cap-view-default) .elementor-drop-cap-letter{width:1em;height:1em}.elementor-widget-text-editor .elementor-drop-cap{float:left;text-align:center;line-height:1;font-size:50px}.elementor-widget-text-editor .elementor-drop-cap-letter{display:inline-block}<\/style>\t\t\t\t<div class=\"elementor-element elementor-element-89e8edd elementor-widget elementor-widget-text-editor\" data-id=\"89e8edd\" data-element_type=\"widget\" data-widget_type=\"text-editor.default\">\n<div class=\"elementor-widget-container\">\n<p>Yemek servis asans\u00f6rleri genelde otel, restoran ve villalarda mutfaktan yemek yenilen kata, tabak, bardak, tepsi ta\u015f\u0131nmas\u0131nda kullan\u0131l\u0131r. Sadece y\u00fck ta\u015f\u0131mak ama\u00e7l\u0131 olarak, insanlar\u0131n giremeyece\u011fi boyutlarda tasarlan\u0131rlar. K\u00fc\u00e7\u00fck tip y\u00fck asans\u00f6rler olarak d\u00fc\u015f\u00fcnebilece\u011fimiz servis asans\u00f6rleri 50 Kg\u2019dan 250 Kg\u2019a kadar de\u011fi\u015fik ta\u015f\u0131ma kapasitelere sahiptir.<\/p>\n<p>Servis asans\u00f6rleri, genelde giyotin tipte kap\u0131l\u0131d\u0131rlar. Giyotin kap\u0131lar, basit bir hareketle a\u00e7\u0131l\u0131p kapanmas\u0131 sayesinde kullan\u0131c\u0131ya b\u00fcy\u00fck kolayl\u0131k sa\u011flad\u0131\u011f\u0131 gibi, yar\u0131 otomatik kap\u0131lar gibi a\u00e7\u0131ld\u0131klar\u0131nda yer de i\u015fgal etmezler.<\/p>\n<p>Hijyenik \u015fartlara dikkat edilmesi gereken servis asans\u00f6rlerinde paslanmaz \u00e7elik kabin i\u00e7i kaplamalar\u0131, anti bakteriyel taban malzemeleri se\u00e7ilir.<\/p>\n<p>Yap\u0131n\u0131za uygun servis asans\u00f6r\u00fcn\u00fc planlayabilmemiz i\u00e7in sat\u0131\u015f sorumlumuzu araman\u0131z yeterli.<\/p>\n<\/div>\n<\/div>\n<div class=\"elementor-element elementor-element-a7b1d3f elementor-widget elementor-widget-text-editor\" data-id=\"a7b1d3f\" data-element_type=\"widget\" data-widget_type=\"text-editor.default\">\n<div class=\"elementor-widget-container\">\n<ul>\n<li>Tek h\u0131zl\u0131 tahrik sistemi<\/li>\n<li>I\u015f\u0131kl\u0131 ve sesli kullanma panelleri<\/li>\n<li>Galvaniz profilden olu\u015fan kuyu ta\u015f\u0131y\u0131c\u0131 iskeleti (Mod\u00fcler)<\/li>\n<li>Sessiz, ar\u0131zas\u0131z, ekonomik \u00e7\u00f6z\u00fcmler<\/li>\n<li>Makine dairesi yeri; altta veya \u00fcstte<\/li>\n<\/ul>\n<\/div>\n<\/div>\n<div class=\"elementor-element elementor-element-6ed69d3 elementor-widget elementor-widget-text-editor\" data-id=\"6ed69d3\" data-element_type=\"widget\" data-widget_type=\"text-editor.default\">\n<div class=\"elementor-widget-container\">\n<p><strong>Dikkat! Servis asans\u00f6r\u00fcn\u00fcz\u00fc mutlaka, Bigadi\u00e7 Y\u0131lmaz Asans\u00f6r taraf\u0131ndan periyodik ve genel asans\u00f6r bak\u0131m\u0131 yapt\u0131r\u0131lmal\u0131d\u0131r.<\/strong><\/p>\n<\/div>\n<\/div>\t\t\t\t\t\t<\/div>\n\t\t\t\t<\/div>\n\t\t\t\t\t<\/div>\n\t\t\t\t<\/div>\n\t\t\t\t<\/div>\n\t\t","protected":false},"excerpt":{"rendered":"<p>Mon\u015farj (Yemek) Asans\u00f6r\u00fc Yemek servis asans\u00f6rleri genelde otel, restoran ve villalarda mutfaktan yemek yenilen kata, tabak, bardak, tepsi ta\u015f\u0131nmas\u0131nda kullan\u0131l\u0131r. Sadece y\u00fck ta\u015f\u0131mak ama\u00e7l\u0131 olarak, insanlar\u0131n giremeyece\u011fi boyutlarda tasarlan\u0131rlar. K\u00fc\u00e7\u00fck tip y\u00fck asans\u00f6rler olarak d\u00fc\u015f\u00fcnebilece\u011fimiz servis asans\u00f6rleri 50 Kg\u2019dan 250 Kg\u2019a kadar de\u011fi\u015fik ta\u015f\u0131ma kapasitelere sahiptir. Servis asans\u00f6rleri, genelde giyotin tipte kap\u0131l\u0131d\u0131rlar. Giyotin kap\u0131lar, basit [&hellip;]<\/p>\n","protected":false},"author":1,"featured_media":0,"parent":2142,"menu_order":0,"comment_status":"closed","ping_status":"closed","template":"","meta":{"footnotes":""},"class_list":["post-2218","page","type-page","status-publish","hentry"],"_links":{"self":[{"href":"https:\/\/www.bigadicyilmazasansor.com\/index.php\/wp-json\/wp\/v2\/pages\/2218","targetHints":{"allow":["GET"]}}],"collection":[{"href":"https:\/\/www.bigadicyilmazasansor.com\/index.php\/wp-json\/wp\/v2\/pages"}],"about":[{"href":"https:\/\/www.bigadicyilmazasansor.com\/index.php\/wp-json\/wp\/v2\/types\/page"}],"author":[{"embeddable":true,"href":"https:\/\/www.bigadicyilmazasansor.com\/index.php\/wp-json\/wp\/v2\/users\/1"}],"replies":[{"embeddable":true,"href":"https:\/\/www.bigadicyilmazasansor.com\/index.php\/wp-json\/wp\/v2\/comments?post=2218"}],"version-history":[{"count":4,"href":"https:\/\/www.bigadicyilmazasansor.com\/index.php\/wp-json\/wp\/v2\/pages\/2218\/revisions"}],"predecessor-version":[{"id":2222,"href":"https:\/\/www.bigadicyilmazasansor.com\/index.php\/wp-json\/wp\/v2\/pages\/2218\/revisions\/2222"}],"up":[{"embeddable":true,"href":"https:\/\/www.bigadicyilmazasansor.com\/index.php\/wp-json\/wp\/v2\/pages\/2142"}],"wp:attachment":[{"href":"https:\/\/www.bigadicyilmazasansor.com\/index.php\/wp-json\/wp\/v2\/media?parent=2218"}],"curies":[{"name":"wp","href":"https:\/\/api.w.org\/{rel}","templated":true}]}}