{"id":2211,"date":"2024-07-04T11:55:36","date_gmt":"2024-07-04T08:55:36","guid":{"rendered":"https:\/\/www.bigadicyilmazasansor.com\/?page_id=2211"},"modified":"2024-07-04T11:58:14","modified_gmt":"2024-07-04T08:58:14","slug":"yuk-asansoru","status":"publish","type":"page","link":"https:\/\/www.bigadicyilmazasansor.com\/index.php\/modeller\/yuk-asansoru\/","title":{"rendered":"Y\u00fck Asans\u00f6r\u00fc"},"content":{"rendered":"\t\t<div data-elementor-type=\"wp-page\" data-elementor-id=\"2211\" class=\"elementor elementor-2211\">\n\t\t\t\t<div class=\"elementor-element elementor-element-f980843 e-flex e-con-boxed e-con e-parent\" data-id=\"f980843\" data-element_type=\"container\">\n\t\t\t\t\t<div class=\"e-con-inner\">\n\t\t\t\t<div class=\"elementor-element elementor-element-6ece336 elementor-widget elementor-widget-spacer\" data-id=\"6ece336\" data-element_type=\"widget\" data-widget_type=\"spacer.default\">\n\t\t\t\t<div class=\"elementor-widget-container\">\n\t\t\t<style>\/*! elementor - v3.22.0 - 26-06-2024 *\/\n.elementor-column .elementor-spacer-inner{height:var(--spacer-size)}.e-con{--container-widget-width:100%}.e-con-inner>.elementor-widget-spacer,.e-con>.elementor-widget-spacer{width:var(--container-widget-width,var(--spacer-size));--align-self:var(--container-widget-align-self,initial);--flex-shrink:0}.e-con-inner>.elementor-widget-spacer>.elementor-widget-container,.e-con>.elementor-widget-spacer>.elementor-widget-container{height:100%;width:100%}.e-con-inner>.elementor-widget-spacer>.elementor-widget-container>.elementor-spacer,.e-con>.elementor-widget-spacer>.elementor-widget-container>.elementor-spacer{height:100%}.e-con-inner>.elementor-widget-spacer>.elementor-widget-container>.elementor-spacer>.elementor-spacer-inner,.e-con>.elementor-widget-spacer>.elementor-widget-container>.elementor-spacer>.elementor-spacer-inner{height:var(--container-widget-height,var(--spacer-size))}.e-con-inner>.elementor-widget-spacer.elementor-widget-empty,.e-con>.elementor-widget-spacer.elementor-widget-empty{position:relative;min-height:22px;min-width:22px}.e-con-inner>.elementor-widget-spacer.elementor-widget-empty .elementor-widget-empty-icon,.e-con>.elementor-widget-spacer.elementor-widget-empty .elementor-widget-empty-icon{position:absolute;top:0;bottom:0;left:0;right:0;margin:auto;padding:0;width:22px;height:22px}<\/style>\t\t<div class=\"elementor-spacer\">\n\t\t\t<div class=\"elementor-spacer-inner\"><\/div>\n\t\t<\/div>\n\t\t\t\t<\/div>\n\t\t\t\t<\/div>\n\t\t\t\t<div class=\"elementor-element elementor-element-7e9b0cb elementor-widget elementor-widget-porto_image_gallery\" data-id=\"7e9b0cb\" data-element_type=\"widget\" data-settings=\"{&quot;view&quot;:&quot;grid&quot;,&quot;spacing&quot;:{&quot;unit&quot;:&quot;px&quot;,&quot;size&quot;:&quot;&quot;,&quot;sizes&quot;:[]}}\" data-widget_type=\"porto_image_gallery.default\">\n\t\t\t\t<div class=\"elementor-widget-container\">\n\t\t\t<div class=\"porto-gallery has-ccols ccols-1 ccols-sm-2 ccols-md-3 porto-gallery-grid align-items-start\"><figure><img fetchpriority=\"high\" decoding=\"async\" width=\"812\" height=\"539\" src=\"https:\/\/www.bigadicyilmazasansor.com\/wp-content\/uploads\/2024\/07\/yuk_asansoru01.webp\" class=\"attachment-full size-full\" alt=\"\" srcset=\"https:\/\/www.bigadicyilmazasansor.com\/wp-content\/uploads\/2024\/07\/yuk_asansoru01.webp 812w, https:\/\/www.bigadicyilmazasansor.com\/wp-content\/uploads\/2024\/07\/yuk_asansoru01-768x510.webp 768w, https:\/\/www.bigadicyilmazasansor.com\/wp-content\/uploads\/2024\/07\/yuk_asansoru01-640x425.webp 640w, https:\/\/www.bigadicyilmazasansor.com\/wp-content\/uploads\/2024\/07\/yuk_asansoru01-400x266.webp 400w, https:\/\/www.bigadicyilmazasansor.com\/wp-content\/uploads\/2024\/07\/yuk_asansoru01-367x244.webp 367w\" sizes=\"(max-width: 812px) 100vw, 812px\" \/><\/figure><figure><img decoding=\"async\" width=\"812\" height=\"539\" src=\"https:\/\/www.bigadicyilmazasansor.com\/wp-content\/uploads\/2024\/07\/yuk_asansoru02.webp\" class=\"attachment-full size-full\" alt=\"\" srcset=\"https:\/\/www.bigadicyilmazasansor.com\/wp-content\/uploads\/2024\/07\/yuk_asansoru02.webp 812w, https:\/\/www.bigadicyilmazasansor.com\/wp-content\/uploads\/2024\/07\/yuk_asansoru02-768x510.webp 768w, https:\/\/www.bigadicyilmazasansor.com\/wp-content\/uploads\/2024\/07\/yuk_asansoru02-640x425.webp 640w, https:\/\/www.bigadicyilmazasansor.com\/wp-content\/uploads\/2024\/07\/yuk_asansoru02-400x266.webp 400w, https:\/\/www.bigadicyilmazasansor.com\/wp-content\/uploads\/2024\/07\/yuk_asansoru02-367x244.webp 367w\" sizes=\"(max-width: 812px) 100vw, 812px\" \/><\/figure><figure><img decoding=\"async\" width=\"812\" height=\"539\" src=\"https:\/\/www.bigadicyilmazasansor.com\/wp-content\/uploads\/2024\/07\/yuk_asansoru03.webp\" class=\"attachment-full size-full\" alt=\"\" srcset=\"https:\/\/www.bigadicyilmazasansor.com\/wp-content\/uploads\/2024\/07\/yuk_asansoru03.webp 812w, https:\/\/www.bigadicyilmazasansor.com\/wp-content\/uploads\/2024\/07\/yuk_asansoru03-768x510.webp 768w, https:\/\/www.bigadicyilmazasansor.com\/wp-content\/uploads\/2024\/07\/yuk_asansoru03-640x425.webp 640w, https:\/\/www.bigadicyilmazasansor.com\/wp-content\/uploads\/2024\/07\/yuk_asansoru03-400x266.webp 400w, https:\/\/www.bigadicyilmazasansor.com\/wp-content\/uploads\/2024\/07\/yuk_asansoru03-367x244.webp 367w\" sizes=\"(max-width: 812px) 100vw, 812px\" \/><\/figure><\/div>\t\t<\/div>\n\t\t\t\t<\/div>\n\t\t\t\t<div class=\"elementor-element elementor-element-4e6a6fd elementor-widget elementor-widget-heading\" data-id=\"4e6a6fd\" data-element_type=\"widget\" data-widget_type=\"heading.default\">\n\t\t\t\t<div class=\"elementor-widget-container\">\n\t\t\t<style>\/*! elementor - v3.22.0 - 26-06-2024 *\/\n.elementor-heading-title{padding:0;margin:0;line-height:1}.elementor-widget-heading .elementor-heading-title[class*=elementor-size-]>a{color:inherit;font-size:inherit;line-height:inherit}.elementor-widget-heading .elementor-heading-title.elementor-size-small{font-size:15px}.elementor-widget-heading .elementor-heading-title.elementor-size-medium{font-size:19px}.elementor-widget-heading .elementor-heading-title.elementor-size-large{font-size:29px}.elementor-widget-heading .elementor-heading-title.elementor-size-xl{font-size:39px}.elementor-widget-heading .elementor-heading-title.elementor-size-xxl{font-size:59px}<\/style><h2 class=\"elementor-heading-title elementor-size-default\">Y\u00fck Asans\u00f6r\u00fc<\/h2>\t\t<\/div>\n\t\t\t\t<\/div>\n\t\t\t\t<div class=\"elementor-element elementor-element-aa5c21a elementor-widget elementor-widget-text-editor\" data-id=\"aa5c21a\" data-element_type=\"widget\" data-widget_type=\"text-editor.default\">\n\t\t\t\t<div class=\"elementor-widget-container\">\n\t\t\t<style>\/*! elementor - v3.22.0 - 26-06-2024 *\/\n.elementor-widget-text-editor.elementor-drop-cap-view-stacked .elementor-drop-cap{background-color:#69727d;color:#fff}.elementor-widget-text-editor.elementor-drop-cap-view-framed .elementor-drop-cap{color:#69727d;border:3px solid;background-color:transparent}.elementor-widget-text-editor:not(.elementor-drop-cap-view-default) .elementor-drop-cap{margin-top:8px}.elementor-widget-text-editor:not(.elementor-drop-cap-view-default) .elementor-drop-cap-letter{width:1em;height:1em}.elementor-widget-text-editor .elementor-drop-cap{float:left;text-align:center;line-height:1;font-size:50px}.elementor-widget-text-editor .elementor-drop-cap-letter{display:inline-block}<\/style>\t\t\t\t<p>Y\u00fck ta\u015f\u0131ma ama\u00e7l\u0131 \u00fcretilmi\u015f asans\u00f6rlerdir. \u0130nsan asans\u00f6rlerine g\u00f6re konfor ve h\u0131z aranmayabilir.<\/p><p>Depo, al\u0131\u015fveri\u015f merkezleri, fabrikalar gibi, y\u00fck ta\u015f\u0131ma i\u015flerinin yo\u011fun oldu\u011fu yerlerde kullan\u0131lmak \u00fczere, 630 Kg, 1000 Kg, 1600 Kg, 2000 Kg veya 2000 Kg dan daha fazlas\u0131n\u0131 ta\u015f\u0131yabilecek kapasitede tasarlan\u0131r. 1\/1 ile 1\/2 \u00f6zel tahrik d\u00fczeni ile redakt\u00f6rl\u00fc veya hidroliktir.<\/p><p>Y\u00fck asans\u00f6rlerinde, en a\u011f\u0131r ko\u015fullarda kullan\u0131m sa\u011flanmaktad\u0131r. Yine insan asans\u00f6rleri de oldu\u011fu gibi, y\u00fck asans\u00f6rlerinde de opsiyonel \u00f6zellikler se\u00e7ilir. Seyir mesafesinin \u00e7ok olmad\u0131\u011f\u0131 orta y\u00fckseklikte binalarda hidrolik \u00e7\u00f6z\u00fcmlerimiz ile hem konforlu bir seyir ya\u015fayabilir hem de i\u015fletme maliyeti a\u00e7\u0131s\u0131ndan olduk\u00e7a \u00f6nemli bir tasarruf sa\u011flayabilirsiniz.<\/p><p>Y\u00fck asans\u00f6r\u00fc kap\u0131lar\u0131 ve kabin boyutlar\u0131 (kuyu boyutlar\u0131n\u0131n uygun olmas\u0131 ko\u015fuluyla) istenilen y\u00fckseklikte ve geni\u015flikte yap\u0131l\u0131p, kap\u0131lar tam otomatik veya yar\u0131 otomatik olarak \u00fcretilmektedir. Y\u00fck ve ara\u00e7 asans\u00f6rleri imalat\u0131nda zeminin \u00f6zellikle kaymaz malzemeden se\u00e7ilmesine dikkat edilmektedir. Asans\u00f6r kabininizin y\u00fcksek kapasiteli tekerlek y\u00fcklerine destek sa\u011flayabilmesi i\u00e7in taban k\u0131s\u0131mlar\u0131n\u0131 ilave \u00f6zel malzemeler ile g\u00fc\u00e7lendirme yap\u0131lmaktad\u0131r.<\/p><p>Y\u00fck asans\u00f6rlerinin makasl\u0131 y\u00fck asans\u00f6r\u00fc, halatl\u0131 y\u00fck asans\u00f6r\u00fc, pistonlu y\u00fck asans\u00f6r\u00fc, rampal\u0131 y\u00fck asans\u00f6r\u00fc \u015feklinde farkl\u0131 t\u00fcrleri mevcuttur.<\/p><p>Makasl\u0131 y\u00fck asans\u00f6rleri, seyir mesafesi az, kald\u0131rma kapasitesinin fazla oldu\u011fu durumlarda kullan\u0131l\u0131r.<\/p><p>Halatl\u0131 y\u00fck asans\u00f6rleri, seyir mesafesinin on metre ile otuz metre aras\u0131nda oldu\u011fu y\u00fcksekliklerde kullan\u0131l\u0131r. Ortalama 10000 kg kadar y\u00fck ta\u015f\u0131yabilirler.<\/p><p>Pistonlu y\u00fck asans\u00f6rlerinde, seyir mesafesinin 1 m ile 20 m aras\u0131nda oldu\u011fu y\u00fcksekliklerde kullan\u0131l\u0131r ve 5000 kg a kadar y\u00fck ta\u015f\u0131yabilirler.<\/p><p>Dikkat! \u0130nsan asans\u00f6rlerine g\u00f6re y\u00fck asans\u00f6rleri daha \u00e7ok y\u0131pranmaktad\u0131r. Y\u00fck asans\u00f6r bak\u0131mlar\u0131m\u0131zda y\u0131pranmay\u0131 en aza indirilebilmek i\u00e7in teknik kadromuz belirli periyotlarla, \u00e7al\u0131\u015fan par\u00e7alar\u0131n ayarlar\u0131n\u0131 hassas ve do\u011fru bir \u015fekilde yapmaktad\u0131r. Bu y\u00fczden bak\u0131mlar\u0131n\u0131z\u0131 d\u00fczenli bir \u015fekilde yapmak asans\u00f6r\u00fcn\u00fcz\u00fc daha verimli ve g\u00fcvenli kullanabilmeniz i\u00e7in \u00e7ok \u00f6nemlidir.<\/p>\t\t\t\t\t\t<\/div>\n\t\t\t\t<\/div>\n\t\t\t\t\t<\/div>\n\t\t\t\t<\/div>\n\t\t\t\t<\/div>\n\t\t","protected":false},"excerpt":{"rendered":"<p>Y\u00fck Asans\u00f6r\u00fc Y\u00fck ta\u015f\u0131ma ama\u00e7l\u0131 \u00fcretilmi\u015f asans\u00f6rlerdir. \u0130nsan asans\u00f6rlerine g\u00f6re konfor ve h\u0131z aranmayabilir. Depo, al\u0131\u015fveri\u015f merkezleri, fabrikalar gibi, y\u00fck ta\u015f\u0131ma i\u015flerinin yo\u011fun oldu\u011fu yerlerde kullan\u0131lmak \u00fczere, 630 Kg, 1000 Kg, 1600 Kg, 2000 Kg veya 2000 Kg dan daha fazlas\u0131n\u0131 ta\u015f\u0131yabilecek kapasitede tasarlan\u0131r. 1\/1 ile 1\/2 \u00f6zel tahrik d\u00fczeni ile redakt\u00f6rl\u00fc veya hidroliktir. Y\u00fck [&hellip;]<\/p>\n","protected":false},"author":1,"featured_media":0,"parent":2142,"menu_order":0,"comment_status":"closed","ping_status":"closed","template":"","meta":{"footnotes":""},"class_list":["post-2211","page","type-page","status-publish","hentry"],"_links":{"self":[{"href":"https:\/\/www.bigadicyilmazasansor.com\/index.php\/wp-json\/wp\/v2\/pages\/2211","targetHints":{"allow":["GET"]}}],"collection":[{"href":"https:\/\/www.bigadicyilmazasansor.com\/index.php\/wp-json\/wp\/v2\/pages"}],"about":[{"href":"https:\/\/www.bigadicyilmazasansor.com\/index.php\/wp-json\/wp\/v2\/types\/page"}],"author":[{"embeddable":true,"href":"https:\/\/www.bigadicyilmazasansor.com\/index.php\/wp-json\/wp\/v2\/users\/1"}],"replies":[{"embeddable":true,"href":"https:\/\/www.bigadicyilmazasansor.com\/index.php\/wp-json\/wp\/v2\/comments?post=2211"}],"version-history":[{"count":4,"href":"https:\/\/www.bigadicyilmazasansor.com\/index.php\/wp-json\/wp\/v2\/pages\/2211\/revisions"}],"predecessor-version":[{"id":2217,"href":"https:\/\/www.bigadicyilmazasansor.com\/index.php\/wp-json\/wp\/v2\/pages\/2211\/revisions\/2217"}],"up":[{"embeddable":true,"href":"https:\/\/www.bigadicyilmazasansor.com\/index.php\/wp-json\/wp\/v2\/pages\/2142"}],"wp:attachment":[{"href":"https:\/\/www.bigadicyilmazasansor.com\/index.php\/wp-json\/wp\/v2\/media?parent=2211"}],"curies":[{"name":"wp","href":"https:\/\/api.w.org\/{rel}","templated":true}]}}