{"id":2205,"date":"2024-07-04T11:46:53","date_gmt":"2024-07-04T08:46:53","guid":{"rendered":"https:\/\/www.bigadicyilmazasansor.com\/?page_id=2205"},"modified":"2024-07-04T11:49:28","modified_gmt":"2024-07-04T08:49:28","slug":"insan-yolcu-asansorleri","status":"publish","type":"page","link":"https:\/\/www.bigadicyilmazasansor.com\/index.php\/modeller\/insan-yolcu-asansorleri\/","title":{"rendered":"\u0130nsan (Yolcu) Asans\u00f6rleri"},"content":{"rendered":"\t\t<div data-elementor-type=\"wp-page\" data-elementor-id=\"2205\" class=\"elementor elementor-2205\">\n\t\t\t\t<div class=\"elementor-element elementor-element-ab61cfc e-flex e-con-boxed e-con e-parent\" data-id=\"ab61cfc\" data-element_type=\"container\">\n\t\t\t\t\t<div class=\"e-con-inner\">\n\t\t\t\t<div class=\"elementor-element elementor-element-21aa723 elementor-widget elementor-widget-spacer\" data-id=\"21aa723\" data-element_type=\"widget\" data-widget_type=\"spacer.default\">\n\t\t\t\t<div class=\"elementor-widget-container\">\n\t\t\t<style>\/*! elementor - v3.22.0 - 26-06-2024 *\/\n.elementor-column .elementor-spacer-inner{height:var(--spacer-size)}.e-con{--container-widget-width:100%}.e-con-inner>.elementor-widget-spacer,.e-con>.elementor-widget-spacer{width:var(--container-widget-width,var(--spacer-size));--align-self:var(--container-widget-align-self,initial);--flex-shrink:0}.e-con-inner>.elementor-widget-spacer>.elementor-widget-container,.e-con>.elementor-widget-spacer>.elementor-widget-container{height:100%;width:100%}.e-con-inner>.elementor-widget-spacer>.elementor-widget-container>.elementor-spacer,.e-con>.elementor-widget-spacer>.elementor-widget-container>.elementor-spacer{height:100%}.e-con-inner>.elementor-widget-spacer>.elementor-widget-container>.elementor-spacer>.elementor-spacer-inner,.e-con>.elementor-widget-spacer>.elementor-widget-container>.elementor-spacer>.elementor-spacer-inner{height:var(--container-widget-height,var(--spacer-size))}.e-con-inner>.elementor-widget-spacer.elementor-widget-empty,.e-con>.elementor-widget-spacer.elementor-widget-empty{position:relative;min-height:22px;min-width:22px}.e-con-inner>.elementor-widget-spacer.elementor-widget-empty .elementor-widget-empty-icon,.e-con>.elementor-widget-spacer.elementor-widget-empty .elementor-widget-empty-icon{position:absolute;top:0;bottom:0;left:0;right:0;margin:auto;padding:0;width:22px;height:22px}<\/style>\t\t<div class=\"elementor-spacer\">\n\t\t\t<div class=\"elementor-spacer-inner\"><\/div>\n\t\t<\/div>\n\t\t\t\t<\/div>\n\t\t\t\t<\/div>\n\t\t\t\t<div class=\"elementor-element elementor-element-b5b7e12 elementor-widget elementor-widget-image\" data-id=\"b5b7e12\" data-element_type=\"widget\" data-widget_type=\"image.default\">\n\t\t\t\t<div class=\"elementor-widget-container\">\n\t\t\t<style>\/*! elementor - v3.22.0 - 26-06-2024 *\/\n.elementor-widget-image{text-align:center}.elementor-widget-image a{display:inline-block}.elementor-widget-image a img[src$=\".svg\"]{width:48px}.elementor-widget-image img{vertical-align:middle;display:inline-block}<\/style>\t\t\t\t\t\t\t\t\t\t<img fetchpriority=\"high\" decoding=\"async\" width=\"1140\" height=\"445\" src=\"https:\/\/www.bigadicyilmazasansor.com\/wp-content\/uploads\/2024\/07\/edwin-chen-bIghQbDIcY4-unsplash-scaled-2-1140x445.webp\" class=\"attachment-blog-large size-blog-large wp-image-2207\" alt=\"\" \/>\t\t\t\t\t\t\t\t\t\t\t\t\t<\/div>\n\t\t\t\t<\/div>\n\t\t\t\t<div class=\"elementor-element elementor-element-ae49fdb elementor-widget elementor-widget-heading\" data-id=\"ae49fdb\" data-element_type=\"widget\" data-widget_type=\"heading.default\">\n\t\t\t\t<div class=\"elementor-widget-container\">\n\t\t\t<style>\/*! elementor - v3.22.0 - 26-06-2024 *\/\n.elementor-heading-title{padding:0;margin:0;line-height:1}.elementor-widget-heading .elementor-heading-title[class*=elementor-size-]>a{color:inherit;font-size:inherit;line-height:inherit}.elementor-widget-heading .elementor-heading-title.elementor-size-small{font-size:15px}.elementor-widget-heading .elementor-heading-title.elementor-size-medium{font-size:19px}.elementor-widget-heading .elementor-heading-title.elementor-size-large{font-size:29px}.elementor-widget-heading .elementor-heading-title.elementor-size-xl{font-size:39px}.elementor-widget-heading .elementor-heading-title.elementor-size-xxl{font-size:59px}<\/style><h2 class=\"elementor-heading-title elementor-size-default\">\u0130nsan (Yolcu) Asans\u00f6r\u00fc<\/h2>\t\t<\/div>\n\t\t\t\t<\/div>\n\t\t\t\t<div class=\"elementor-element elementor-element-2692511 elementor-widget elementor-widget-text-editor\" data-id=\"2692511\" data-element_type=\"widget\" data-widget_type=\"text-editor.default\">\n\t\t\t\t<div class=\"elementor-widget-container\">\n\t\t\t<style>\/*! elementor - v3.22.0 - 26-06-2024 *\/\n.elementor-widget-text-editor.elementor-drop-cap-view-stacked .elementor-drop-cap{background-color:#69727d;color:#fff}.elementor-widget-text-editor.elementor-drop-cap-view-framed .elementor-drop-cap{color:#69727d;border:3px solid;background-color:transparent}.elementor-widget-text-editor:not(.elementor-drop-cap-view-default) .elementor-drop-cap{margin-top:8px}.elementor-widget-text-editor:not(.elementor-drop-cap-view-default) .elementor-drop-cap-letter{width:1em;height:1em}.elementor-widget-text-editor .elementor-drop-cap{float:left;text-align:center;line-height:1;font-size:50px}.elementor-widget-text-editor .elementor-drop-cap-letter{display:inline-block}<\/style>\t\t\t\t<div class=\"elementor-element elementor-element-9a7e951 elementor-widget elementor-widget-text-editor\" data-id=\"9a7e951\" data-element_type=\"widget\" data-widget_type=\"text-editor.default\">\n<div class=\"elementor-widget-container\">\n<p>Esas olarak insan ta\u015f\u0131nmas\u0131n\u0131 ama\u00e7layan konfor ve kullan\u0131m rahatl\u0131\u011f\u0131 \u00f6n planda tutulmu\u015f asans\u00f6rlerdir.<\/p>\n<p>\u0130nsan asans\u00f6rleri; konutlarda 240 kg\u2019 dan 1000 kg\u2019a kadar insan ta\u015f\u0131mak i\u00e7in kullan\u0131lan ve konut d\u0131\u015f\u0131 yerlerde(otel, hastane, i\u015f merkezi) 630 kg\u2019 dan 1600 kg\u2019a kadar insan ve\/veya y\u00fck ta\u015f\u0131mak ama\u00e7l\u0131 olarak tasarlanan asans\u00f6rlerdir. 3 ila 21 ki\u015filik kapasiteye kadar yap\u0131labilen insan asans\u00f6rlerinin anma h\u0131zlar\u0131 da binan\u0131n y\u00fcksekli\u011fine g\u00f6re de\u011fi\u015fken bir \u015fekilde 0,40 m\/sn ile 2.5 m\/sn h\u0131zlar\u0131 aras\u0131nda de\u011fi\u015febilir.<\/p>\n<p>\u0130nsan asans\u00f6rleri, binalar\u0131n projelendirmesi a\u015famas\u0131nda yap\u0131lan trafik hesaplar\u0131na ve avan projelerine uygun olarak imal edilip, yerlerine monte edilir.Projelendirme safhas\u0131ndan imalat ve montaj a\u015famas\u0131n\u0131n sonuna kadar t\u00fcm kademeler, uzman ekiplerimiz taraf\u0131ndan kontrol edilerek, son kullan\u0131c\u0131ya en uygun hale getirilir.<\/p>\n<p>Asans\u00f6r talebinize ve asans\u00f6r kuyusuna uygun olarak;<\/p>\n<\/div>\n<\/div>\n<div class=\"elementor-element elementor-element-b499e69 elementor-widget elementor-widget-text-editor\" data-id=\"b499e69\" data-element_type=\"widget\" data-widget_type=\"text-editor.default\">\n<div class=\"elementor-widget-container\">\n<ul>\n<li>Tam otomatik teleskopik veya merkezden a\u00e7\u0131lan kat kap\u0131s\u0131 se\u00e7enekleri<\/li>\n<li>Tam otomatik teleskopik veya merkezden a\u00e7\u0131lan kabin kap\u0131s\u0131 se\u00e7enekleri<\/li>\n<li>\u00c7ift h\u0131z veya VVVF frekans kontroll\u00fc kademesiz h\u0131z se\u00e7enekleri<\/li>\n<li>Tam elektronik mikroi\u015flemci kontroll\u00fc normal kumandal\u0131 veya sellektif toplamal\u0131, simpleks veya grup kumanda se\u00e7enekleri<\/li>\n<li>Opsiyonel olarak acil kata getirme sistemi<\/li>\n<li>Kabin dekoratifleri; paslanmaz ile orijinal tasar\u0131ml\u0131 laminant\u0131n m\u00fckemmel uyumu olan l\u00fcks fosformik veya desenli paslanmaz \u00e7elik kaplamal\u0131 duvar se\u00e7eneklerine sahiptir.<\/li>\n<li>Linolyum, mermer, seramik veya granit taban se\u00e7eneklerine sahiptir.<\/li>\n<\/ul>\n<\/div>\n<\/div>\n<div class=\"elementor-element elementor-element-53eb6e2 elementor-widget elementor-widget-text-editor\" data-id=\"53eb6e2\" data-element_type=\"widget\" data-widget_type=\"text-editor.default\">\n<div class=\"elementor-widget-container\">\n<p>B\u00fct\u00fcn bunlar\u0131n d\u0131\u015f\u0131nda sizin i\u00e7in tasarlanm\u0131\u015f, size \u00f6zel \u00e7\u00f6z\u00fcmler; \u00f6zel paslanmaz desenler, vitray, cam panelli kap\u0131lar, panoramik kabinler gibi bir\u00e7ok se\u00e7enek bulunmaktad\u0131r.<\/p>\n<p><b>Dikkat! \u0130nsan asans\u00f6r\u00fcn\u00fcz\u00fc mutlaka, Bigadi\u00e7 Y\u0131lmaz Asans\u00f6r taraf\u0131ndan periyodik ve genel asans\u00f6r bak\u0131m\u0131 yapt\u0131r\u0131lmal\u0131d\u0131r. \u0130nsan hayat\u0131 her \u015feyden \u00f6nemli ve de\u011ferlidir.<\/b><\/p>\n<\/div>\n<\/div>\t\t\t\t\t\t<\/div>\n\t\t\t\t<\/div>\n\t\t\t\t\t<\/div>\n\t\t\t\t<\/div>\n\t\t\t\t<\/div>\n\t\t","protected":false},"excerpt":{"rendered":"<p>\u0130nsan (Yolcu) Asans\u00f6r\u00fc Esas olarak insan ta\u015f\u0131nmas\u0131n\u0131 ama\u00e7layan konfor ve kullan\u0131m rahatl\u0131\u011f\u0131 \u00f6n planda tutulmu\u015f asans\u00f6rlerdir. \u0130nsan asans\u00f6rleri; konutlarda 240 kg\u2019 dan 1000 kg\u2019a kadar insan ta\u015f\u0131mak i\u00e7in kullan\u0131lan ve konut d\u0131\u015f\u0131 yerlerde(otel, hastane, i\u015f merkezi) 630 kg\u2019 dan 1600 kg\u2019a kadar insan ve\/veya y\u00fck ta\u015f\u0131mak ama\u00e7l\u0131 olarak tasarlanan asans\u00f6rlerdir. 3 ila 21 ki\u015filik kapasiteye [&hellip;]<\/p>\n","protected":false},"author":1,"featured_media":0,"parent":2142,"menu_order":0,"comment_status":"closed","ping_status":"closed","template":"","meta":{"footnotes":""},"class_list":["post-2205","page","type-page","status-publish","hentry"],"_links":{"self":[{"href":"https:\/\/www.bigadicyilmazasansor.com\/index.php\/wp-json\/wp\/v2\/pages\/2205","targetHints":{"allow":["GET"]}}],"collection":[{"href":"https:\/\/www.bigadicyilmazasansor.com\/index.php\/wp-json\/wp\/v2\/pages"}],"about":[{"href":"https:\/\/www.bigadicyilmazasansor.com\/index.php\/wp-json\/wp\/v2\/types\/page"}],"author":[{"embeddable":true,"href":"https:\/\/www.bigadicyilmazasansor.com\/index.php\/wp-json\/wp\/v2\/users\/1"}],"replies":[{"embeddable":true,"href":"https:\/\/www.bigadicyilmazasansor.com\/index.php\/wp-json\/wp\/v2\/comments?post=2205"}],"version-history":[{"count":4,"href":"https:\/\/www.bigadicyilmazasansor.com\/index.php\/wp-json\/wp\/v2\/pages\/2205\/revisions"}],"predecessor-version":[{"id":2210,"href":"https:\/\/www.bigadicyilmazasansor.com\/index.php\/wp-json\/wp\/v2\/pages\/2205\/revisions\/2210"}],"up":[{"embeddable":true,"href":"https:\/\/www.bigadicyilmazasansor.com\/index.php\/wp-json\/wp\/v2\/pages\/2142"}],"wp:attachment":[{"href":"https:\/\/www.bigadicyilmazasansor.com\/index.php\/wp-json\/wp\/v2\/media?parent=2205"}],"curies":[{"name":"wp","href":"https:\/\/api.w.org\/{rel}","templated":true}]}}