{"id":2190,"date":"2024-07-04T11:30:27","date_gmt":"2024-07-04T08:30:27","guid":{"rendered":"https:\/\/www.bigadicyilmazasansor.com\/?page_id=2190"},"modified":"2024-07-04T11:32:26","modified_gmt":"2024-07-04T08:32:26","slug":"revizyon-hizmetleri","status":"publish","type":"page","link":"https:\/\/www.bigadicyilmazasansor.com\/index.php\/servisler\/revizyon-hizmetleri\/","title":{"rendered":"Revizyon Hizmetleri"},"content":{"rendered":"\t\t<div data-elementor-type=\"wp-page\" data-elementor-id=\"2190\" class=\"elementor elementor-2190\">\n\t\t\t\t<div class=\"elementor-element elementor-element-5ca9448 e-flex e-con-boxed e-con e-parent\" data-id=\"5ca9448\" data-element_type=\"container\">\n\t\t\t\t\t<div class=\"e-con-inner\">\n\t\t\t\t<div class=\"elementor-element elementor-element-f687562 elementor-widget elementor-widget-spacer\" data-id=\"f687562\" data-element_type=\"widget\" data-widget_type=\"spacer.default\">\n\t\t\t\t<div class=\"elementor-widget-container\">\n\t\t\t<style>\/*! elementor - v3.22.0 - 26-06-2024 *\/\n.elementor-column .elementor-spacer-inner{height:var(--spacer-size)}.e-con{--container-widget-width:100%}.e-con-inner>.elementor-widget-spacer,.e-con>.elementor-widget-spacer{width:var(--container-widget-width,var(--spacer-size));--align-self:var(--container-widget-align-self,initial);--flex-shrink:0}.e-con-inner>.elementor-widget-spacer>.elementor-widget-container,.e-con>.elementor-widget-spacer>.elementor-widget-container{height:100%;width:100%}.e-con-inner>.elementor-widget-spacer>.elementor-widget-container>.elementor-spacer,.e-con>.elementor-widget-spacer>.elementor-widget-container>.elementor-spacer{height:100%}.e-con-inner>.elementor-widget-spacer>.elementor-widget-container>.elementor-spacer>.elementor-spacer-inner,.e-con>.elementor-widget-spacer>.elementor-widget-container>.elementor-spacer>.elementor-spacer-inner{height:var(--container-widget-height,var(--spacer-size))}.e-con-inner>.elementor-widget-spacer.elementor-widget-empty,.e-con>.elementor-widget-spacer.elementor-widget-empty{position:relative;min-height:22px;min-width:22px}.e-con-inner>.elementor-widget-spacer.elementor-widget-empty .elementor-widget-empty-icon,.e-con>.elementor-widget-spacer.elementor-widget-empty .elementor-widget-empty-icon{position:absolute;top:0;bottom:0;left:0;right:0;margin:auto;padding:0;width:22px;height:22px}<\/style>\t\t<div class=\"elementor-spacer\">\n\t\t\t<div class=\"elementor-spacer-inner\"><\/div>\n\t\t<\/div>\n\t\t\t\t<\/div>\n\t\t\t\t<\/div>\n\t\t\t\t<div class=\"elementor-element elementor-element-57bb2b5 elementor-widget elementor-widget-image\" data-id=\"57bb2b5\" data-element_type=\"widget\" data-widget_type=\"image.default\">\n\t\t\t\t<div class=\"elementor-widget-container\">\n\t\t\t<style>\/*! elementor - v3.22.0 - 26-06-2024 *\/\n.elementor-widget-image{text-align:center}.elementor-widget-image a{display:inline-block}.elementor-widget-image a img[src$=\".svg\"]{width:48px}.elementor-widget-image img{vertical-align:middle;display:inline-block}<\/style>\t\t\t\t\t\t\t\t\t\t<img fetchpriority=\"high\" decoding=\"async\" width=\"600\" height=\"350\" src=\"https:\/\/www.bigadicyilmazasansor.com\/wp-content\/uploads\/2024\/07\/modernasation.png\" class=\"attachment-large size-large wp-image-2009\" alt=\"\" srcset=\"https:\/\/www.bigadicyilmazasansor.com\/wp-content\/uploads\/2024\/07\/modernasation.png 600w, https:\/\/www.bigadicyilmazasansor.com\/wp-content\/uploads\/2024\/07\/modernasation-400x233.png 400w, https:\/\/www.bigadicyilmazasansor.com\/wp-content\/uploads\/2024\/07\/modernasation-367x214.png 367w\" sizes=\"(max-width: 600px) 100vw, 600px\" \/>\t\t\t\t\t\t\t\t\t\t\t\t\t<\/div>\n\t\t\t\t<\/div>\n\t\t\t\t<div class=\"elementor-element elementor-element-2a69aa8 elementor-widget elementor-widget-heading\" data-id=\"2a69aa8\" data-element_type=\"widget\" data-widget_type=\"heading.default\">\n\t\t\t\t<div class=\"elementor-widget-container\">\n\t\t\t<style>\/*! elementor - v3.22.0 - 26-06-2024 *\/\n.elementor-heading-title{padding:0;margin:0;line-height:1}.elementor-widget-heading .elementor-heading-title[class*=elementor-size-]>a{color:inherit;font-size:inherit;line-height:inherit}.elementor-widget-heading .elementor-heading-title.elementor-size-small{font-size:15px}.elementor-widget-heading .elementor-heading-title.elementor-size-medium{font-size:19px}.elementor-widget-heading .elementor-heading-title.elementor-size-large{font-size:29px}.elementor-widget-heading .elementor-heading-title.elementor-size-xl{font-size:39px}.elementor-widget-heading .elementor-heading-title.elementor-size-xxl{font-size:59px}<\/style><h2 class=\"elementor-heading-title elementor-size-default\">Revizyon Hizmetleri<\/h2>\t\t<\/div>\n\t\t\t\t<\/div>\n\t\t\t\t<div class=\"elementor-element elementor-element-4cd4328 elementor-widget elementor-widget-text-editor\" data-id=\"4cd4328\" data-element_type=\"widget\" data-widget_type=\"text-editor.default\">\n\t\t\t\t<div class=\"elementor-widget-container\">\n\t\t\t<style>\/*! elementor - v3.22.0 - 26-06-2024 *\/\n.elementor-widget-text-editor.elementor-drop-cap-view-stacked .elementor-drop-cap{background-color:#69727d;color:#fff}.elementor-widget-text-editor.elementor-drop-cap-view-framed .elementor-drop-cap{color:#69727d;border:3px solid;background-color:transparent}.elementor-widget-text-editor:not(.elementor-drop-cap-view-default) .elementor-drop-cap{margin-top:8px}.elementor-widget-text-editor:not(.elementor-drop-cap-view-default) .elementor-drop-cap-letter{width:1em;height:1em}.elementor-widget-text-editor .elementor-drop-cap{float:left;text-align:center;line-height:1;font-size:50px}.elementor-widget-text-editor .elementor-drop-cap-letter{display:inline-block}<\/style>\t\t\t\t<p>Binalardaki asans\u00f6rler zamanla ekonomik ve teknik \u00f6m\u00fcrlerini tamamlarlar; bu durumda hem seyahat kalitesini, hem binan\u0131n de\u011fer kaybetmesi a\u00e7\u0131s\u0131ndan sistemin yenilenmesini gerektirir.<\/p><p>Bigadi\u00e7 Y\u0131lmaz Asans\u00f6r, geli\u015fen teknolojiye paralel, g\u00fcvenli, verimli, konforlu, ekonomik ve estetik a\u00e7\u0131dan d\u00fczeyli sistemlerle mevcut tesisi yeniler. Asans\u00f6rlerde arabalar gibi ekonomik \u00f6m\u00fcrlerini zamanla tamamlarlar. Mekanik aksamlar y\u0131pran\u0131r ve ar\u0131zalara neden olur. Zaman i\u00e7erisinde y\u0131pranm\u0131\u015f ve tehlike arz eden asans\u00f6rler hem g\u00f6r\u00fcn\u00fcm a\u00e7\u0131s\u0131ndan hem de g\u00fcvenlik a\u00e7\u0131s\u0131ndan tehlikeli durumlar meydana getirebilir.<\/p><p>Binan\u0131z ve ki\u015fisel tercihlerinizle ilgili \u00e7ok \u015fey anlat\u0131r. Bir modernizasyon size sadece estetik yenilik getirmez, yeni g\u00fcvenlik standartlar\u0131, daha az bekleme s\u00fcresi, seyir konforu, d\u00fc\u015f\u00fck ar\u0131zalanma oran\u0131 ve enerji tasarrufu da sa\u011flar.<\/p><p>Asans\u00f6rler de di\u011fer hareketli makineler gibi zamanla deformasyona u\u011frar. Uzun y\u0131llar kullan\u0131lmas\u0131 beklenen asans\u00f6rlerin aral\u0131klarla periyodik bak\u0131m\u0131 yap\u0131lmal\u0131. Kullan\u0131m kalitesindeki performans d\u00fc\u015f\u00fckl\u00fc\u011f\u00fc istenmiyorsa asans\u00f6r\u00fcn\u00fcz\u00fcn ar\u0131zalanmas\u0131n\u0131 beklemeyiniz.<\/p><div id=\"mttContainer\" class=\"notranslate\" style=\"transform: translate(249px, 156px);\" aria-expanded=\"false\">\u00a0<\/div>\t\t\t\t\t\t<\/div>\n\t\t\t\t<\/div>\n\t\t\t\t\t<\/div>\n\t\t\t\t<\/div>\n\t\t<div class=\"elementor-element elementor-element-bc72934 e-flex e-con-boxed e-con e-parent\" data-id=\"bc72934\" data-element_type=\"container\">\n\t\t\t\t\t<div class=\"e-con-inner\">\n\t\t\t\t\t<\/div>\n\t\t\t\t<\/div>\n\t\t\t\t<\/div>\n\t\t","protected":false},"excerpt":{"rendered":"<p>Revizyon Hizmetleri Binalardaki asans\u00f6rler zamanla ekonomik ve teknik \u00f6m\u00fcrlerini tamamlarlar; bu durumda hem seyahat kalitesini, hem binan\u0131n de\u011fer kaybetmesi a\u00e7\u0131s\u0131ndan sistemin yenilenmesini gerektirir. Bigadi\u00e7 Y\u0131lmaz Asans\u00f6r, geli\u015fen teknolojiye paralel, g\u00fcvenli, verimli, konforlu, ekonomik ve estetik a\u00e7\u0131dan d\u00fczeyli sistemlerle mevcut tesisi yeniler. Asans\u00f6rlerde arabalar gibi ekonomik \u00f6m\u00fcrlerini zamanla tamamlarlar. Mekanik aksamlar y\u0131pran\u0131r ve ar\u0131zalara neden olur. [&hellip;]<\/p>\n","protected":false},"author":1,"featured_media":0,"parent":2147,"menu_order":0,"comment_status":"closed","ping_status":"closed","template":"","meta":{"footnotes":""},"class_list":["post-2190","page","type-page","status-publish","hentry"],"_links":{"self":[{"href":"https:\/\/www.bigadicyilmazasansor.com\/index.php\/wp-json\/wp\/v2\/pages\/2190","targetHints":{"allow":["GET"]}}],"collection":[{"href":"https:\/\/www.bigadicyilmazasansor.com\/index.php\/wp-json\/wp\/v2\/pages"}],"about":[{"href":"https:\/\/www.bigadicyilmazasansor.com\/index.php\/wp-json\/wp\/v2\/types\/page"}],"author":[{"embeddable":true,"href":"https:\/\/www.bigadicyilmazasansor.com\/index.php\/wp-json\/wp\/v2\/users\/1"}],"replies":[{"embeddable":true,"href":"https:\/\/www.bigadicyilmazasansor.com\/index.php\/wp-json\/wp\/v2\/comments?post=2190"}],"version-history":[{"count":4,"href":"https:\/\/www.bigadicyilmazasansor.com\/index.php\/wp-json\/wp\/v2\/pages\/2190\/revisions"}],"predecessor-version":[{"id":2194,"href":"https:\/\/www.bigadicyilmazasansor.com\/index.php\/wp-json\/wp\/v2\/pages\/2190\/revisions\/2194"}],"up":[{"embeddable":true,"href":"https:\/\/www.bigadicyilmazasansor.com\/index.php\/wp-json\/wp\/v2\/pages\/2147"}],"wp:attachment":[{"href":"https:\/\/www.bigadicyilmazasansor.com\/index.php\/wp-json\/wp\/v2\/media?parent=2190"}],"curies":[{"name":"wp","href":"https:\/\/api.w.org\/{rel}","templated":true}]}}