{"id":2182,"date":"2024-07-04T11:23:46","date_gmt":"2024-07-04T08:23:46","guid":{"rendered":"https:\/\/www.bigadicyilmazasansor.com\/?page_id=2182"},"modified":"2024-07-04T11:27:10","modified_gmt":"2024-07-04T08:27:10","slug":"bakim-onarim-hizmetleri","status":"publish","type":"page","link":"https:\/\/www.bigadicyilmazasansor.com\/index.php\/servisler\/bakim-onarim-hizmetleri\/","title":{"rendered":"Bak\u0131m &amp; Onar\u0131m Hizmetleri"},"content":{"rendered":"\t\t<div data-elementor-type=\"wp-page\" data-elementor-id=\"2182\" class=\"elementor elementor-2182\">\n\t\t\t\t<div class=\"elementor-element elementor-element-496f46a e-flex e-con-boxed e-con e-parent\" data-id=\"496f46a\" data-element_type=\"container\">\n\t\t\t\t\t<div class=\"e-con-inner\">\n\t\t\t\t<div class=\"elementor-element elementor-element-a84c660 elementor-widget elementor-widget-spacer\" data-id=\"a84c660\" data-element_type=\"widget\" data-widget_type=\"spacer.default\">\n\t\t\t\t<div class=\"elementor-widget-container\">\n\t\t\t<style>\/*! elementor - v3.22.0 - 26-06-2024 *\/\n.elementor-column .elementor-spacer-inner{height:var(--spacer-size)}.e-con{--container-widget-width:100%}.e-con-inner>.elementor-widget-spacer,.e-con>.elementor-widget-spacer{width:var(--container-widget-width,var(--spacer-size));--align-self:var(--container-widget-align-self,initial);--flex-shrink:0}.e-con-inner>.elementor-widget-spacer>.elementor-widget-container,.e-con>.elementor-widget-spacer>.elementor-widget-container{height:100%;width:100%}.e-con-inner>.elementor-widget-spacer>.elementor-widget-container>.elementor-spacer,.e-con>.elementor-widget-spacer>.elementor-widget-container>.elementor-spacer{height:100%}.e-con-inner>.elementor-widget-spacer>.elementor-widget-container>.elementor-spacer>.elementor-spacer-inner,.e-con>.elementor-widget-spacer>.elementor-widget-container>.elementor-spacer>.elementor-spacer-inner{height:var(--container-widget-height,var(--spacer-size))}.e-con-inner>.elementor-widget-spacer.elementor-widget-empty,.e-con>.elementor-widget-spacer.elementor-widget-empty{position:relative;min-height:22px;min-width:22px}.e-con-inner>.elementor-widget-spacer.elementor-widget-empty .elementor-widget-empty-icon,.e-con>.elementor-widget-spacer.elementor-widget-empty .elementor-widget-empty-icon{position:absolute;top:0;bottom:0;left:0;right:0;margin:auto;padding:0;width:22px;height:22px}<\/style>\t\t<div class=\"elementor-spacer\">\n\t\t\t<div class=\"elementor-spacer-inner\"><\/div>\n\t\t<\/div>\n\t\t\t\t<\/div>\n\t\t\t\t<\/div>\n\t\t\t\t<div class=\"elementor-element elementor-element-d38260f elementor-widget elementor-widget-image\" data-id=\"d38260f\" data-element_type=\"widget\" data-widget_type=\"image.default\">\n\t\t\t\t<div class=\"elementor-widget-container\">\n\t\t\t<style>\/*! elementor - v3.22.0 - 26-06-2024 *\/\n.elementor-widget-image{text-align:center}.elementor-widget-image a{display:inline-block}.elementor-widget-image a img[src$=\".svg\"]{width:48px}.elementor-widget-image img{vertical-align:middle;display:inline-block}<\/style>\t\t\t\t\t\t\t\t\t\t<img fetchpriority=\"high\" decoding=\"async\" width=\"600\" height=\"350\" src=\"https:\/\/www.bigadicyilmazasansor.com\/wp-content\/uploads\/2024\/07\/elevator-repair.png\" class=\"attachment-large size-large wp-image-2008\" alt=\"\" srcset=\"https:\/\/www.bigadicyilmazasansor.com\/wp-content\/uploads\/2024\/07\/elevator-repair.png 600w, https:\/\/www.bigadicyilmazasansor.com\/wp-content\/uploads\/2024\/07\/elevator-repair-400x233.png 400w, https:\/\/www.bigadicyilmazasansor.com\/wp-content\/uploads\/2024\/07\/elevator-repair-367x214.png 367w\" sizes=\"(max-width: 600px) 100vw, 600px\" \/>\t\t\t\t\t\t\t\t\t\t\t\t\t<\/div>\n\t\t\t\t<\/div>\n\t\t\t\t<div class=\"elementor-element elementor-element-7264491 elementor-widget elementor-widget-heading\" data-id=\"7264491\" data-element_type=\"widget\" data-widget_type=\"heading.default\">\n\t\t\t\t<div class=\"elementor-widget-container\">\n\t\t\t<style>\/*! elementor - v3.22.0 - 26-06-2024 *\/\n.elementor-heading-title{padding:0;margin:0;line-height:1}.elementor-widget-heading .elementor-heading-title[class*=elementor-size-]>a{color:inherit;font-size:inherit;line-height:inherit}.elementor-widget-heading .elementor-heading-title.elementor-size-small{font-size:15px}.elementor-widget-heading .elementor-heading-title.elementor-size-medium{font-size:19px}.elementor-widget-heading .elementor-heading-title.elementor-size-large{font-size:29px}.elementor-widget-heading .elementor-heading-title.elementor-size-xl{font-size:39px}.elementor-widget-heading .elementor-heading-title.elementor-size-xxl{font-size:59px}<\/style><h2 class=\"elementor-heading-title elementor-size-default\">Bak\u0131m & Onar\u0131m Hizmetleri<\/h2>\t\t<\/div>\n\t\t\t\t<\/div>\n\t\t\t\t<div class=\"elementor-element elementor-element-4f28bad elementor-widget elementor-widget-text-editor\" data-id=\"4f28bad\" data-element_type=\"widget\" data-widget_type=\"text-editor.default\">\n\t\t\t\t<div class=\"elementor-widget-container\">\n\t\t\t<style>\/*! elementor - v3.22.0 - 26-06-2024 *\/\n.elementor-widget-text-editor.elementor-drop-cap-view-stacked .elementor-drop-cap{background-color:#69727d;color:#fff}.elementor-widget-text-editor.elementor-drop-cap-view-framed .elementor-drop-cap{color:#69727d;border:3px solid;background-color:transparent}.elementor-widget-text-editor:not(.elementor-drop-cap-view-default) .elementor-drop-cap{margin-top:8px}.elementor-widget-text-editor:not(.elementor-drop-cap-view-default) .elementor-drop-cap-letter{width:1em;height:1em}.elementor-widget-text-editor .elementor-drop-cap{float:left;text-align:center;line-height:1;font-size:50px}.elementor-widget-text-editor .elementor-drop-cap-letter{display:inline-block}<\/style>\t\t\t\t<p>Asans\u00f6rlerinizin hem emniyet hem de uzun s\u00fcre kullan\u0131m\u0131 a\u00e7\u0131s\u0131ndan periyodik bak\u0131m anla\u015fmas\u0131yla s\u00fcrekli hizmet veriyoruz.<\/p>\n<p><\/p>\n<p>Asans\u00f6rler kullan\u0131m esnas\u0131nda \u00e7e\u015fitli etkenlere maruz kalmaktad\u0131rlar. Kullan\u0131m hatalar\u0131, malzeme a\u015f\u0131nmas\u0131 gibi ola\u011fan sebeplerden ar\u0131za yapabilece\u011fi gibi yetersiz bak\u0131mdan kaynaklanabilen ar\u0131zalar nedeniyle de hizmet veremez duruma gelir ve buna ba\u011fl\u0131 olarak b\u00fcy\u00fck \u00e7apta tadilatlar b\u00fcy\u00fck masraflar gerektirebilir.<\/p>\n<p><\/p>\n<p>Mevcut asans\u00f6r y\u00f6netmeli\u011finde de belirtildi\u011fi gibi asans\u00f6rlerde s\u00fcrekli periyodik bak\u0131m yap\u0131lmas\u0131 zorunludur. Bak\u0131m hizmetini y\u00fcklenen firman\u0131n \u201cTSE hizmet yeterlilik belgesi ve sanayi ticaret bakanl\u0131\u011f\u0131 sat\u0131\u015f sonras\u0131 hizmet yeterlilik\u201d belgesi almas\u0131 gerekmektedir. Bigadi\u00e7 Y\u0131lmaz Asans\u00f6r bak\u0131m hizmetini, tesisin \u00f6zelliklerine g\u00f6re belirlenen periyotlarda uzman kadrosuyla y\u00fcr\u00fctmektedir.<\/p>\n<p><\/p>\n<p>Asans\u00f6rleriniz kullan\u0131m hatalar\u0131, malzeme a\u015f\u0131nmas\u0131 veya yetersiz bak\u0131mdan kaynaklanan sebeplerden dolay\u0131 ar\u0131za yapabilir. Bu gibi istenmeyen durumlarda firmam\u0131z periyodik bak\u0131m anla\u015fmas\u0131 olan veya olmayan t\u00fcm binalara g\u00fcn\u00fcn her saati Acil M\u00fcdahale hizmeti vermektedir.<\/p>\n<p><\/p>\n<p>Asans\u00f6r\u00fcn\u00fczde s\u0131k s\u0131k ar\u0131zalar meydana geliyor ve s\u00fcrekli artan maliyetlerden \u015fikayet ediyorsan\u0131z, Bigadi\u00e7 Y\u0131lmaz Asans\u00f6re gelin s\u00fcrekli bak\u0131m anla\u015fmas\u0131 yapal\u0131m bu sorunlardan sizi tamamen kurtaral\u0131m.<\/p>\n<p><\/p>\n<p>Asans\u00f6r bak\u0131m\u0131 ne yaz\u0131k ki \u00fclkemizde \u00e7ok dikkate al\u0131nmamas\u0131 nedeniyle \u00f6l\u00fcml\u00fc yada yaralanmal\u0131 \u00e7ok s\u0131k kazalar\u0131n\u0131n ya\u015fanmas\u0131na sebep olmaktad\u0131r. Bigadi\u00e7 Y\u0131lmaz Asans\u00f6r, tespit edilen ar\u0131zalar\u0131 h\u0131zl\u0131 bir \u015fekilde \u00e7al\u0131\u015f\u0131r hale getirmek i\u00e7in g\u00fcvenilir bir hizmet sunmaktad\u0131r.<\/p>\t\t\t\t\t\t<\/div>\n\t\t\t\t<\/div>\n\t\t\t\t\t<\/div>\n\t\t\t\t<\/div>\n\t\t\t\t<\/div>\n\t\t","protected":false},"excerpt":{"rendered":"<p>Bak\u0131m &#038; Onar\u0131m Hizmetleri Asans\u00f6rlerinizin hem emniyet hem de uzun s\u00fcre kullan\u0131m\u0131 a\u00e7\u0131s\u0131ndan periyodik bak\u0131m anla\u015fmas\u0131yla s\u00fcrekli hizmet veriyoruz. Asans\u00f6rler kullan\u0131m esnas\u0131nda \u00e7e\u015fitli etkenlere maruz kalmaktad\u0131rlar. Kullan\u0131m hatalar\u0131, malzeme a\u015f\u0131nmas\u0131 gibi ola\u011fan sebeplerden ar\u0131za yapabilece\u011fi gibi yetersiz bak\u0131mdan kaynaklanabilen ar\u0131zalar nedeniyle de hizmet veremez duruma gelir ve buna ba\u011fl\u0131 olarak b\u00fcy\u00fck \u00e7apta tadilatlar b\u00fcy\u00fck masraflar [&hellip;]<\/p>\n","protected":false},"author":1,"featured_media":0,"parent":2147,"menu_order":0,"comment_status":"closed","ping_status":"closed","template":"","meta":{"footnotes":""},"class_list":["post-2182","page","type-page","status-publish","hentry"],"_links":{"self":[{"href":"https:\/\/www.bigadicyilmazasansor.com\/index.php\/wp-json\/wp\/v2\/pages\/2182","targetHints":{"allow":["GET"]}}],"collection":[{"href":"https:\/\/www.bigadicyilmazasansor.com\/index.php\/wp-json\/wp\/v2\/pages"}],"about":[{"href":"https:\/\/www.bigadicyilmazasansor.com\/index.php\/wp-json\/wp\/v2\/types\/page"}],"author":[{"embeddable":true,"href":"https:\/\/www.bigadicyilmazasansor.com\/index.php\/wp-json\/wp\/v2\/users\/1"}],"replies":[{"embeddable":true,"href":"https:\/\/www.bigadicyilmazasansor.com\/index.php\/wp-json\/wp\/v2\/comments?post=2182"}],"version-history":[{"count":4,"href":"https:\/\/www.bigadicyilmazasansor.com\/index.php\/wp-json\/wp\/v2\/pages\/2182\/revisions"}],"predecessor-version":[{"id":2186,"href":"https:\/\/www.bigadicyilmazasansor.com\/index.php\/wp-json\/wp\/v2\/pages\/2182\/revisions\/2186"}],"up":[{"embeddable":true,"href":"https:\/\/www.bigadicyilmazasansor.com\/index.php\/wp-json\/wp\/v2\/pages\/2147"}],"wp:attachment":[{"href":"https:\/\/www.bigadicyilmazasansor.com\/index.php\/wp-json\/wp\/v2\/media?parent=2182"}],"curies":[{"name":"wp","href":"https:\/\/api.w.org\/{rel}","templated":true}]}}