{"id":2170,"date":"2024-07-04T10:39:28","date_gmt":"2024-07-04T07:39:28","guid":{"rendered":"https:\/\/www.bigadicyilmazasansor.com\/?page_id=2170"},"modified":"2024-07-04T11:28:04","modified_gmt":"2024-07-04T08:28:04","slug":"montaj-hizmetleri","status":"publish","type":"page","link":"https:\/\/www.bigadicyilmazasansor.com\/index.php\/servisler\/montaj-hizmetleri\/","title":{"rendered":"Montaj Hizmetleri"},"content":{"rendered":"\t\t<div data-elementor-type=\"wp-page\" data-elementor-id=\"2170\" class=\"elementor elementor-2170\">\n\t\t\t\t<div class=\"elementor-element elementor-element-f754e51 e-flex e-con-boxed e-con e-parent\" data-id=\"f754e51\" data-element_type=\"container\">\n\t\t\t\t\t<div class=\"e-con-inner\">\n\t\t\t\t<div class=\"elementor-element elementor-element-4574bac elementor-widget elementor-widget-spacer\" data-id=\"4574bac\" data-element_type=\"widget\" data-widget_type=\"spacer.default\">\n\t\t\t\t<div class=\"elementor-widget-container\">\n\t\t\t<style>\/*! elementor - v3.22.0 - 26-06-2024 *\/\n.elementor-column .elementor-spacer-inner{height:var(--spacer-size)}.e-con{--container-widget-width:100%}.e-con-inner>.elementor-widget-spacer,.e-con>.elementor-widget-spacer{width:var(--container-widget-width,var(--spacer-size));--align-self:var(--container-widget-align-self,initial);--flex-shrink:0}.e-con-inner>.elementor-widget-spacer>.elementor-widget-container,.e-con>.elementor-widget-spacer>.elementor-widget-container{height:100%;width:100%}.e-con-inner>.elementor-widget-spacer>.elementor-widget-container>.elementor-spacer,.e-con>.elementor-widget-spacer>.elementor-widget-container>.elementor-spacer{height:100%}.e-con-inner>.elementor-widget-spacer>.elementor-widget-container>.elementor-spacer>.elementor-spacer-inner,.e-con>.elementor-widget-spacer>.elementor-widget-container>.elementor-spacer>.elementor-spacer-inner{height:var(--container-widget-height,var(--spacer-size))}.e-con-inner>.elementor-widget-spacer.elementor-widget-empty,.e-con>.elementor-widget-spacer.elementor-widget-empty{position:relative;min-height:22px;min-width:22px}.e-con-inner>.elementor-widget-spacer.elementor-widget-empty .elementor-widget-empty-icon,.e-con>.elementor-widget-spacer.elementor-widget-empty .elementor-widget-empty-icon{position:absolute;top:0;bottom:0;left:0;right:0;margin:auto;padding:0;width:22px;height:22px}<\/style>\t\t<div class=\"elementor-spacer\">\n\t\t\t<div class=\"elementor-spacer-inner\"><\/div>\n\t\t<\/div>\n\t\t\t\t<\/div>\n\t\t\t\t<\/div>\n\t\t\t\t<div class=\"elementor-element elementor-element-2bc4ce0 elementor-widget elementor-widget-image\" data-id=\"2bc4ce0\" data-element_type=\"widget\" data-widget_type=\"image.default\">\n\t\t\t\t<div class=\"elementor-widget-container\">\n\t\t\t<style>\/*! elementor - v3.22.0 - 26-06-2024 *\/\n.elementor-widget-image{text-align:center}.elementor-widget-image a{display:inline-block}.elementor-widget-image a img[src$=\".svg\"]{width:48px}.elementor-widget-image img{vertical-align:middle;display:inline-block}<\/style>\t\t\t\t\t\t\t\t\t\t<img fetchpriority=\"high\" decoding=\"async\" width=\"600\" height=\"350\" src=\"https:\/\/www.bigadicyilmazasansor.com\/wp-content\/uploads\/2024\/07\/elevator-installation.png\" class=\"attachment-large size-large wp-image-2007\" alt=\"\" srcset=\"https:\/\/www.bigadicyilmazasansor.com\/wp-content\/uploads\/2024\/07\/elevator-installation.png 600w, https:\/\/www.bigadicyilmazasansor.com\/wp-content\/uploads\/2024\/07\/elevator-installation-400x233.png 400w, https:\/\/www.bigadicyilmazasansor.com\/wp-content\/uploads\/2024\/07\/elevator-installation-367x214.png 367w\" sizes=\"(max-width: 600px) 100vw, 600px\" \/>\t\t\t\t\t\t\t\t\t\t\t\t\t<\/div>\n\t\t\t\t<\/div>\n\t\t\t\t<div class=\"elementor-element elementor-element-0092eec elementor-widget elementor-widget-heading\" data-id=\"0092eec\" data-element_type=\"widget\" data-widget_type=\"heading.default\">\n\t\t\t\t<div class=\"elementor-widget-container\">\n\t\t\t<style>\/*! elementor - v3.22.0 - 26-06-2024 *\/\n.elementor-heading-title{padding:0;margin:0;line-height:1}.elementor-widget-heading .elementor-heading-title[class*=elementor-size-]>a{color:inherit;font-size:inherit;line-height:inherit}.elementor-widget-heading .elementor-heading-title.elementor-size-small{font-size:15px}.elementor-widget-heading .elementor-heading-title.elementor-size-medium{font-size:19px}.elementor-widget-heading .elementor-heading-title.elementor-size-large{font-size:29px}.elementor-widget-heading .elementor-heading-title.elementor-size-xl{font-size:39px}.elementor-widget-heading .elementor-heading-title.elementor-size-xxl{font-size:59px}<\/style><h2 class=\"elementor-heading-title elementor-size-default\">Montaj Hizmetleri<\/h2>\t\t<\/div>\n\t\t\t\t<\/div>\n\t\t\t\t<div class=\"elementor-element elementor-element-78a09eb elementor-widget elementor-widget-text-editor\" data-id=\"78a09eb\" data-element_type=\"widget\" data-widget_type=\"text-editor.default\">\n\t\t\t\t<div class=\"elementor-widget-container\">\n\t\t\t<style>\/*! elementor - v3.22.0 - 26-06-2024 *\/\n.elementor-widget-text-editor.elementor-drop-cap-view-stacked .elementor-drop-cap{background-color:#69727d;color:#fff}.elementor-widget-text-editor.elementor-drop-cap-view-framed .elementor-drop-cap{color:#69727d;border:3px solid;background-color:transparent}.elementor-widget-text-editor:not(.elementor-drop-cap-view-default) .elementor-drop-cap{margin-top:8px}.elementor-widget-text-editor:not(.elementor-drop-cap-view-default) .elementor-drop-cap-letter{width:1em;height:1em}.elementor-widget-text-editor .elementor-drop-cap{float:left;text-align:center;line-height:1;font-size:50px}.elementor-widget-text-editor .elementor-drop-cap-letter{display:inline-block}<\/style>\t\t\t\t<p>Binan\u0131z\u0131n en \u00f6nemli temsilcisi olan asans\u00f6r\u00fcn\u00fcz, binan\u0131z ve ki\u015fisel tercihlerinizle ilgili \u00e7ok \u015fey anlat\u0131r. En son kural ve direktiflere g\u00f6re yap\u0131lm\u0131\u015f \u015f\u0131k bir kabin dizayn\u0131 ile \u00e7a\u011fr\u0131 d\u00fc\u011fmeleri ve g\u00f6sterge panellerine kadar b\u00fct\u00fcn aksesuar \u00e7e\u015fitlerini size en uygun ko\u015fullarda temin ederek sunmaktay\u0131z.<\/p>\n<p>Asans\u00f6rde, kullan\u0131lan malzemelerin kalite d\u00fczeyi ne kadar y\u00fcksek olursa olsun montaj\u0131 \u00f6zenli bir \u015fekilde dikkatli yap\u0131lmad\u0131\u011f\u0131 takdirde k\u0131sa bir s\u00fcre sonra g\u00f6revlerini aksatmaya ba\u015flar ve s\u0131k s\u0131k ar\u0131zalar ortaya \u00e7\u0131kar. Temelde asans\u00f6r montaj\u0131ndaki hatalar\u0131ndan kaynaklanan ar\u0131zalar\u0131n tespiti ve onar\u0131m\u0131 maddi olarak y\u00fck getirdi\u011fi gibi, manevi olarak da sorumlu ki\u015fileri y\u0131pratmaktad\u0131r.<\/p>\n<p>Meydana gelen bu tip problemlerden kurtulmak i\u00e7in yap\u0131lan aray\u0131\u015flarda bir \u00e7ok zaman yeni hatalara meydan vermektedir. Oysa iyi et\u00fct edilmi\u015f, do\u011fru projelendirilmi\u015f ve itinal\u0131 bir \u015fekilde monte edilmi\u015f asans\u00f6r\u00fcn (periyodik bak\u0131mlar\u0131 da zaman\u0131nda yap\u0131lmak kayd\u0131yla) sa\u011fl\u0131kl\u0131 ve d\u00fczg\u00fcn \u00e7al\u0131\u015fmamas\u0131 i\u00e7in hi\u00e7bir sebep yoktur.<\/p>\n<p>Bu ger\u00e7e\u011fin fark\u0131nda olan firmam\u0131z, asans\u00f6r montaj\u0131 a\u015famas\u0131nda i\u015fe en \u00fcst d\u00fczeyde \u00f6zen g\u00f6sterir. \u015eirketimiz, yap\u0131lacak asans\u00f6r\u00fcn belirlenen s\u00fcreyi iyi de\u011ferlendirip ve montaj\u0131n her evresinde gerekli kontrol ve denetimi yaparak ilerleyen d\u00f6nemde kar\u015f\u0131la\u015f\u0131labilecek aksakl\u0131klara engel olur. \u015eantiye nerede olursa olsun, asans\u00f6r montaj\u0131 gereken s\u0131kl\u0131klarda yetkili m\u00fchendislerimiz taraf\u0131ndan kontrol edilir; varsa i\u015fi aksatan sebepler incelenir ve bu sebeplerin zaman\u0131nda bertaraf edilmesi i\u00e7in gereken her t\u00fcrl\u00fc tedbirler al\u0131n\u0131r.<\/p>\n<p>Bu titiz \u00e7al\u0131\u015fman\u0131n neticesinde asans\u00f6r\u00fcn teslimi s\u00f6zle\u015fmede belirtilen s\u00fcreden \u00f6nce yap\u0131ld\u0131\u011f\u0131 gibi sa\u011fl\u0131kl\u0131 \u00e7al\u0131\u015fan g\u00fczel bir asans\u00f6r sat\u0131n alman\u0131n keyfini \u00e7\u0131kartan yeni dostluklar edinmenin mutlulu\u011funu bize ya\u015fat\u0131r.<\/p>\n<p>Konusunda uzman ekibiyle ba\u015far\u0131l\u0131 projelere imza atan Bigadi\u00e7 Y\u0131lmaz Asans\u00f6r, \u00e7e\u015fitli kapasitelerde insan, hidrolik, servis, y\u00fck, engelli ve di\u011fer t\u00fcm asans\u00f6r sistemleri i\u00e7in g\u00fcvenilir ve g\u00fc\u00e7l\u00fc ekibiyle montaj hizmeti sunmaktad\u0131r.<\/p>\t\t\t\t\t\t<\/div>\n\t\t\t\t<\/div>\n\t\t\t\t\t<\/div>\n\t\t\t\t<\/div>\n\t\t\t\t<section class=\"elementor-section elementor-top-section elementor-element elementor-element-ee80fcb elementor-section-boxed elementor-section-height-default elementor-section-height-default\" data-id=\"ee80fcb\" data-element_type=\"section\" data-settings=\"{&quot;background_background&quot;:&quot;classic&quot;}\">\n\t\t\n\t\t\t\t\t\t\t<div class=\"elementor-container elementor-column-gap-default\">\n\t\t\t\t\t\t\t\t\t\t\t<div class=\"elementor-column elementor-col-50 elementor-top-column elementor-element elementor-element-fd83b96\" data-id=\"fd83b96\" data-element_type=\"column\">\n\t\t\t\t\t<div class=\"elementor-widget-wrap elementor-element-populated\">\n\t\t\t\t\t\t\t\t<div class=\"elementor-element elementor-element-13807c0 elementor-widget elementor-widget-porto_ultimate_heading\" data-id=\"13807c0\" data-element_type=\"widget\" data-widget_type=\"porto_ultimate_heading.default\">\n\t\t\t\t<div class=\"elementor-widget-container\">\n\t\t\t<div class=\"porto-u-heading  porto-u-8429\"><div class=\"porto-u-main-heading\"><h2    style=\"margin-bottom: 2px;\">Bigadi\u00e7 <strong class=\"font-weight-extra-bold\">Y\u0131lmaz Asans\u00f6r<\/strong><\/h2><\/div><div class=\"porto-u-sub-heading\" style=\"\"><p>Kuyu Mahallesi Ye\u015filli Caddesi No:7A Bigadi\u00e7 - BALIKES\u0130R<\/p><\/div><style>.porto-u-8429.porto-u-heading{text-align:center}<\/style><\/div>\t\t<\/div>\n\t\t\t\t<\/div>\n\t\t\t\t\t<\/div>\n\t\t\t\t<\/div>\n\t\t\t\t<div class=\"elementor-column elementor-col-50 elementor-top-column elementor-element elementor-element-54e0217\" data-id=\"54e0217\" data-element_type=\"column\">\n\t\t\t\t\t<div class=\"elementor-widget-wrap elementor-element-populated\">\n\t\t\t\t\t\t\t\t<div class=\"elementor-element elementor-element-bb706df w-auto mx-auto ms-md-0 elementor-widget elementor-widget-text-editor\" data-id=\"bb706df\" data-element_type=\"widget\" data-widget_type=\"text-editor.default\">\n\t\t\t\t<div class=\"elementor-widget-container\">\n\t\t\t\t\t\t\t<p><a class=\"btn btn-badge btn-primary font-weight-bold\" href=\"https:\/\/api.whatsapp.com\/send\/?phone=905455991761&amp;text=Merhaba%2C+Teklif+almak+istiyorum&amp;type=phone_number&amp;app_absent=0\">WhatsApp<\/a><\/p>\t\t\t\t\t\t<\/div>\n\t\t\t\t<\/div>\n\t\t\t\t\t<\/div>\n\t\t\t\t<\/div>\n\t\t\t\t\t<\/div>\n\t\t\t\t<\/section>\n\t\t\t\t<\/div>\n\t\t","protected":false},"excerpt":{"rendered":"<p>Montaj Hizmetleri Binan\u0131z\u0131n en \u00f6nemli temsilcisi olan asans\u00f6r\u00fcn\u00fcz, binan\u0131z ve ki\u015fisel tercihlerinizle ilgili \u00e7ok \u015fey anlat\u0131r. En son kural ve direktiflere g\u00f6re yap\u0131lm\u0131\u015f \u015f\u0131k bir kabin dizayn\u0131 ile \u00e7a\u011fr\u0131 d\u00fc\u011fmeleri ve g\u00f6sterge panellerine kadar b\u00fct\u00fcn aksesuar \u00e7e\u015fitlerini size en uygun ko\u015fullarda temin ederek sunmaktay\u0131z. Asans\u00f6rde, kullan\u0131lan malzemelerin kalite d\u00fczeyi ne kadar y\u00fcksek olursa olsun montaj\u0131 [&hellip;]<\/p>\n","protected":false},"author":1,"featured_media":0,"parent":2147,"menu_order":0,"comment_status":"closed","ping_status":"closed","template":"","meta":{"footnotes":""},"class_list":["post-2170","page","type-page","status-publish","hentry"],"_links":{"self":[{"href":"https:\/\/www.bigadicyilmazasansor.com\/index.php\/wp-json\/wp\/v2\/pages\/2170","targetHints":{"allow":["GET"]}}],"collection":[{"href":"https:\/\/www.bigadicyilmazasansor.com\/index.php\/wp-json\/wp\/v2\/pages"}],"about":[{"href":"https:\/\/www.bigadicyilmazasansor.com\/index.php\/wp-json\/wp\/v2\/types\/page"}],"author":[{"embeddable":true,"href":"https:\/\/www.bigadicyilmazasansor.com\/index.php\/wp-json\/wp\/v2\/users\/1"}],"replies":[{"embeddable":true,"href":"https:\/\/www.bigadicyilmazasansor.com\/index.php\/wp-json\/wp\/v2\/comments?post=2170"}],"version-history":[{"count":13,"href":"https:\/\/www.bigadicyilmazasansor.com\/index.php\/wp-json\/wp\/v2\/pages\/2170\/revisions"}],"predecessor-version":[{"id":2189,"href":"https:\/\/www.bigadicyilmazasansor.com\/index.php\/wp-json\/wp\/v2\/pages\/2170\/revisions\/2189"}],"up":[{"embeddable":true,"href":"https:\/\/www.bigadicyilmazasansor.com\/index.php\/wp-json\/wp\/v2\/pages\/2147"}],"wp:attachment":[{"href":"https:\/\/www.bigadicyilmazasansor.com\/index.php\/wp-json\/wp\/v2\/media?parent=2170"}],"curies":[{"name":"wp","href":"https:\/\/api.w.org\/{rel}","templated":true}]}}