{"id":2142,"date":"2024-07-03T21:03:44","date_gmt":"2024-07-03T18:03:44","guid":{"rendered":"https:\/\/www.bigadicyilmazasansor.com\/?page_id=2142"},"modified":"2024-07-04T12:51:09","modified_gmt":"2024-07-04T09:51:09","slug":"modeller","status":"publish","type":"page","link":"https:\/\/www.bigadicyilmazasansor.com\/index.php\/modeller\/","title":{"rendered":"Asans\u00f6r Modelleri"},"content":{"rendered":"\t\t<div data-elementor-type=\"wp-page\" data-elementor-id=\"2142\" class=\"elementor elementor-2142\">\n\t\t\t\t\t\t<section class=\"elementor-section elementor-top-section elementor-element elementor-element-2e8f6ac elementor-section-boxed elementor-section-height-default elementor-section-height-default\" data-id=\"2e8f6ac\" data-element_type=\"section\" id=\"solutions\">\n\t\t\n\t\t\t\t\t\t\t<div class=\"elementor-container elementor-column-gap-default\">\n\t\t\t\t\t\t\t\t\t\t\t<div class=\"elementor-column elementor-col-100 elementor-top-column elementor-element elementor-element-2e785f9\" data-id=\"2e785f9\" data-element_type=\"column\">\n\t\t\t\t\t<div class=\"elementor-widget-wrap elementor-element-populated\">\n\t\t\t\t\t\t\t\t<div class=\"elementor-element elementor-element-0e7deaa elementor-invisible elementor-widget elementor-widget-heading\" data-id=\"0e7deaa\" data-element_type=\"widget\" data-settings=\"{&quot;_animation&quot;:&quot;fadeInUp&quot;,&quot;_animation_delay&quot;:&quot;600&quot;}\" data-widget_type=\"heading.default\">\n\t\t\t\t<div class=\"elementor-widget-container\">\n\t\t\t<style>\/*! elementor - v3.22.0 - 26-06-2024 *\/\n.elementor-heading-title{padding:0;margin:0;line-height:1}.elementor-widget-heading .elementor-heading-title[class*=elementor-size-]>a{color:inherit;font-size:inherit;line-height:inherit}.elementor-widget-heading .elementor-heading-title.elementor-size-small{font-size:15px}.elementor-widget-heading .elementor-heading-title.elementor-size-medium{font-size:19px}.elementor-widget-heading .elementor-heading-title.elementor-size-large{font-size:29px}.elementor-widget-heading .elementor-heading-title.elementor-size-xl{font-size:39px}.elementor-widget-heading .elementor-heading-title.elementor-size-xxl{font-size:59px}<\/style><h2 class=\"elementor-heading-title elementor-size-default\">Asans\u00f6r Modelleri<\/h2>\t\t<\/div>\n\t\t\t\t<\/div>\n\t\t\t\t<section class=\"elementor-section elementor-inner-section elementor-element elementor-element-f467be6 solution-container elementor-section-boxed elementor-section-height-default elementor-section-height-default elementor-invisible\" data-id=\"f467be6\" data-element_type=\"section\" data-settings=\"{&quot;animation&quot;:&quot;fadeIn&quot;,&quot;animation_delay&quot;:&quot;300&quot;}\">\n\t\t\n\t\t\t\t\t\t\t<div class=\"elementor-container elementor-column-gap-no\">\n\t\t\t\t\t\t\t\t\t\t\t<div class=\"elementor-column elementor-col-33 elementor-inner-column elementor-element elementor-element-1f97238\" data-id=\"1f97238\" data-element_type=\"column\">\n\t\t\t\t\t<div class=\"elementor-widget-wrap elementor-element-populated\">\n\t\t\t\t\t\t\t\t<div class=\"elementor-element elementor-element-1f99027 solution-box elementor-widget elementor-widget-porto_info_box\" data-id=\"1f99027\" data-element_type=\"widget\" data-widget_type=\"porto_info_box.default\">\n\t\t\t\t<div class=\"elementor-widget-container\">\n\t\t\t<div class=\"porto-sicon-box style_2 top-icon\"><div class=\"porto-sicon-top\"><div id=\"porto-icon-93275093969e15d94dc68e\" class=\"porto-just-icon-wrapper porto-sicon-img\" style=\"\"><img fetchpriority=\"high\" decoding=\"async\" class=\"img-icon\" alt=\"\" src=\"https:\/\/www.bigadicyilmazasansor.com\/wp-content\/uploads\/2024\/07\/edwin-chen-bIghQbDIcY4-unsplash-scaled-2.webp\" width=\"2560\" height=\"1440\" \/><\/div><\/div><div class=\"porto-sicon-header\"><a class=\"porto-sicon-box-link\" href=\"https:\/\/www.bigadicyilmazasansor.com\/index.php\/modeller\/insan-yolcu-asansorleri\/\"><h3 class=\"porto-sicon-title\" style=\"\">\u0130nsan (Yolcu) Asans\u00f6r\u00fc<\/h3><\/a><\/div> <!-- header --><div class=\"porto-sicon-description\" style=\"\" ><p>Esas olarak insan ta\u015f\u0131nmas\u0131n\u0131 ama\u00e7layan konfor ve kullan\u0131m rahatl\u0131\u011f\u0131 \u00f6n planda tutulmu\u015f asans\u00f6rlerdir.<\/p><\/div> <!-- description --><\/div><!-- porto-sicon-box -->\t\t<\/div>\n\t\t\t\t<\/div>\n\t\t\t\t\t<\/div>\n\t\t\t\t<\/div>\n\t\t\t\t<div class=\"elementor-column elementor-col-33 elementor-inner-column elementor-element elementor-element-31f2d3b\" data-id=\"31f2d3b\" data-element_type=\"column\">\n\t\t\t\t\t<div class=\"elementor-widget-wrap elementor-element-populated\">\n\t\t\t\t\t\t\t\t<div class=\"elementor-element elementor-element-83cd167 solution-box elementor-widget elementor-widget-porto_info_box\" data-id=\"83cd167\" data-element_type=\"widget\" data-widget_type=\"porto_info_box.default\">\n\t\t\t\t<div class=\"elementor-widget-container\">\n\t\t\t<div class=\"porto-sicon-box style_2 top-icon\"><div class=\"porto-sicon-top\"><div id=\"porto-icon-165327382269e15d94dd62c\" class=\"porto-just-icon-wrapper porto-sicon-img\" style=\"\"><img decoding=\"async\" class=\"img-icon\" alt=\"\" src=\"https:\/\/www.bigadicyilmazasansor.com\/wp-content\/uploads\/2024\/07\/yuk_asansoru01.webp\" width=\"812\" height=\"539\" \/><\/div><\/div><div class=\"porto-sicon-header\"><a class=\"porto-sicon-box-link\" href=\"https:\/\/www.bigadicyilmazasansor.com\/index.php\/modeller\/yuk-asansoru\/\"><h3 class=\"porto-sicon-title\" style=\"\">Y\u00fck Asans\u00f6rleri<\/h3><\/a><\/div> <!-- header --><div class=\"porto-sicon-description\" style=\"\" ><p>Y\u00fck ta\u015f\u0131ma ama\u00e7l\u0131 \u00fcretilmi\u015f asans\u00f6rlerdir. \u0130nsan asans\u00f6rlerine g\u00f6re konfor ve h\u0131z aranmayabilir.<\/p><\/div> <!-- description --><\/div><!-- porto-sicon-box -->\t\t<\/div>\n\t\t\t\t<\/div>\n\t\t\t\t\t<\/div>\n\t\t\t\t<\/div>\n\t\t\t\t<div class=\"elementor-column elementor-col-33 elementor-inner-column elementor-element elementor-element-d80277e\" data-id=\"d80277e\" data-element_type=\"column\">\n\t\t\t\t\t<div class=\"elementor-widget-wrap elementor-element-populated\">\n\t\t\t\t\t\t\t\t<div class=\"elementor-element elementor-element-08d35a8 solution-box elementor-widget elementor-widget-porto_info_box\" data-id=\"08d35a8\" data-element_type=\"widget\" data-widget_type=\"porto_info_box.default\">\n\t\t\t\t<div class=\"elementor-widget-container\">\n\t\t\t<div class=\"porto-sicon-box style_2 top-icon\"><div class=\"porto-sicon-top\"><div id=\"porto-icon-85266800569e15d94de535\" class=\"porto-just-icon-wrapper porto-sicon-img\" style=\"\"><img decoding=\"async\" class=\"img-icon\" alt=\"\" src=\"https:\/\/www.bigadicyilmazasansor.com\/wp-content\/uploads\/2024\/07\/monsarj.webp\" width=\"870\" height=\"500\" \/><\/div><\/div><div class=\"porto-sicon-header\"><a class=\"porto-sicon-box-link\" href=\"https:\/\/www.bigadicyilmazasansor.com\/index.php\/modeller\/monsarj-yemek-asansoru\/\"><h3 class=\"porto-sicon-title\" style=\"\">Mon\u015farj (Yemek) Asans\u00f6r\u00fc<\/h3><\/a><\/div> <!-- header --><div class=\"porto-sicon-description\" style=\"\" ><p>Yemek servis asans\u00f6rleri genelde otel, restoran ve villalarda mutfaktan yemek yenilen kata, tabak, bardak, tepsi ta\u015f\u0131nmas\u0131nda kullan\u0131l\u0131r.<\/p><\/div> <!-- description --><\/div><!-- porto-sicon-box -->\t\t<\/div>\n\t\t\t\t<\/div>\n\t\t\t\t\t<\/div>\n\t\t\t\t<\/div>\n\t\t\t\t\t<\/div>\n\t\t\t\t<\/section>\n\t\t\t\t<section class=\"elementor-section elementor-inner-section elementor-element elementor-element-1db57a8 solution-container elementor-section-boxed elementor-section-height-default elementor-section-height-default elementor-invisible\" data-id=\"1db57a8\" data-element_type=\"section\" data-settings=\"{&quot;animation&quot;:&quot;fadeIn&quot;,&quot;animation_delay&quot;:&quot;300&quot;}\">\n\t\t\n\t\t\t\t\t\t\t<div class=\"elementor-container elementor-column-gap-no\">\n\t\t\t\t\t\t\t\t\t\t\t<div class=\"elementor-column elementor-col-33 elementor-inner-column elementor-element elementor-element-829253a\" data-id=\"829253a\" data-element_type=\"column\">\n\t\t\t\t\t<div class=\"elementor-widget-wrap elementor-element-populated\">\n\t\t\t\t\t\t\t\t<div class=\"elementor-element elementor-element-eacf14e solution-box elementor-widget elementor-widget-porto_info_box\" data-id=\"eacf14e\" data-element_type=\"widget\" data-widget_type=\"porto_info_box.default\">\n\t\t\t\t<div class=\"elementor-widget-container\">\n\t\t\t<div class=\"porto-sicon-box style_2 top-icon\"><div class=\"porto-sicon-top\"><div id=\"porto-icon-184977749669e15d94df7ed\" class=\"porto-just-icon-wrapper porto-sicon-img\" style=\"\"><img loading=\"lazy\" decoding=\"async\" class=\"img-icon\" alt=\"\" src=\"https:\/\/www.bigadicyilmazasansor.com\/wp-content\/uploads\/2024\/07\/fe4a3d48.webp\" width=\"1170\" height=\"700\" \/><\/div><\/div><div class=\"porto-sicon-header\"><a class=\"porto-sicon-box-link\" href=\"https:\/\/www.bigadicyilmazasansor.com\/index.php\/modeller\/engelli-platformlari\/\"><h3 class=\"porto-sicon-title\" style=\"\">Engelli Platformlar\u0131<\/h3><\/a><\/div> <!-- header --><div class=\"porto-sicon-description\" style=\"\" ><p>Engelli platformlar\u0131, engelli ki\u015filerin merdivenleri veya benzeri y\u00fckseltileri kolayca a\u015fabilmeleri i\u00e7in, merdiven \u015feklinde ya da platform \u015feklinde \u00fcretilmektedir.<\/p><\/div> <!-- description --><\/div><!-- porto-sicon-box -->\t\t<\/div>\n\t\t\t\t<\/div>\n\t\t\t\t\t<\/div>\n\t\t\t\t<\/div>\n\t\t\t\t<div class=\"elementor-column elementor-col-33 elementor-inner-column elementor-element elementor-element-081b8cc\" data-id=\"081b8cc\" data-element_type=\"column\">\n\t\t\t\t\t<div class=\"elementor-widget-wrap elementor-element-populated\">\n\t\t\t\t\t\t\t\t<div class=\"elementor-element elementor-element-185c85f solution-box elementor-widget elementor-widget-porto_info_box\" data-id=\"185c85f\" data-element_type=\"widget\" data-widget_type=\"porto_info_box.default\">\n\t\t\t\t<div class=\"elementor-widget-container\">\n\t\t\t<div class=\"porto-sicon-box style_2 top-icon\"><div class=\"porto-sicon-top\"><div id=\"porto-icon-101957117769e15d94e06b0\" class=\"porto-just-icon-wrapper porto-sicon-img\" style=\"\"><img loading=\"lazy\" decoding=\"async\" class=\"img-icon\" alt=\"\" src=\"https:\/\/www.bigadicyilmazasansor.com\/wp-content\/uploads\/2024\/07\/sung-jin-cho-S87hxapFvU-unsplash-scaled-1.webp\" width=\"2560\" height=\"1707\" \/><\/div><\/div><div class=\"porto-sicon-header\"><a class=\"porto-sicon-box-link\" href=\"https:\/\/www.bigadicyilmazasansor.com\/index.php\/modeller\/panoramik-asansor\/\"><h3 class=\"porto-sicon-title\" style=\"\">Panoramik Asans\u00f6r<\/h3><\/a><\/div> <!-- header --><div class=\"porto-sicon-description\" style=\"\" ><p>G\u00fcn\u00fcm\u00fczde artan modern binalar ve estetik mimari tasar\u0131mlar, beraberinde asans\u00f6r tasar\u0131mlar\u0131n\u0131 da etkilemi\u015ftir.<\/p><\/div> <!-- description --><\/div><!-- porto-sicon-box -->\t\t<\/div>\n\t\t\t\t<\/div>\n\t\t\t\t\t<\/div>\n\t\t\t\t<\/div>\n\t\t\t\t<div class=\"elementor-column elementor-col-33 elementor-inner-column elementor-element elementor-element-51bdc68\" data-id=\"51bdc68\" data-element_type=\"column\">\n\t\t\t\t\t<div class=\"elementor-widget-wrap elementor-element-populated\">\n\t\t\t\t\t\t\t\t<div class=\"elementor-element elementor-element-3d1f50e solution-box elementor-widget elementor-widget-porto_info_box\" data-id=\"3d1f50e\" data-element_type=\"widget\" data-widget_type=\"porto_info_box.default\">\n\t\t\t\t<div class=\"elementor-widget-container\">\n\t\t\t<div class=\"porto-sicon-box style_2 top-icon\"><div class=\"porto-sicon-top\"><div id=\"porto-icon-110319830869e15d94e1579\" class=\"porto-just-icon-wrapper porto-sicon-img\" style=\"\"><img loading=\"lazy\" decoding=\"async\" class=\"img-icon\" alt=\"\" src=\"https:\/\/www.bigadicyilmazasansor.com\/wp-content\/uploads\/2024\/07\/arac1.webp\" width=\"900\" height=\"592\" \/><\/div><\/div><div class=\"porto-sicon-header\"><a class=\"porto-sicon-box-link\" href=\"https:\/\/www.bigadicyilmazasansor.com\/index.php\/modeller\/arac-asansoru\/\"><h3 class=\"porto-sicon-title\" style=\"\">Ara\u00e7 Asans\u00f6r\u00fc<\/h3><\/a><\/div> <!-- header --><div class=\"porto-sicon-description\" style=\"\" ><p>Ara\u00e7 asans\u00f6rleri, \u00f6zellikle \u00e7ok y\u00f6nl\u00fc ve fonksiyonel \u00fcr\u00fcnler olarak \u00f6ne \u00e7\u0131kan geli\u015fmi\u015f teknolojilerdir.<\/p><\/div> <!-- description --><\/div><!-- porto-sicon-box -->\t\t<\/div>\n\t\t\t\t<\/div>\n\t\t\t\t\t<\/div>\n\t\t\t\t<\/div>\n\t\t\t\t\t<\/div>\n\t\t\t\t<\/section>\n\t\t\t\t<section class=\"elementor-section elementor-inner-section elementor-element elementor-element-dbbbd40 solution-container elementor-section-boxed elementor-section-height-default elementor-section-height-default elementor-invisible\" data-id=\"dbbbd40\" data-element_type=\"section\" data-settings=\"{&quot;animation&quot;:&quot;fadeIn&quot;,&quot;animation_delay&quot;:&quot;300&quot;}\">\n\t\t\n\t\t\t\t\t\t\t<div class=\"elementor-container elementor-column-gap-no\">\n\t\t\t\t\t\t\t\t\t\t\t<div class=\"elementor-column elementor-col-33 elementor-inner-column elementor-element elementor-element-02ce207\" data-id=\"02ce207\" data-element_type=\"column\">\n\t\t\t\t\t<div class=\"elementor-widget-wrap\">\n\t\t\t\t\t\t\t\t\t<\/div>\n\t\t\t\t<\/div>\n\t\t\t\t<div class=\"elementor-column elementor-col-33 elementor-inner-column elementor-element elementor-element-7274d44\" data-id=\"7274d44\" data-element_type=\"column\">\n\t\t\t\t\t<div class=\"elementor-widget-wrap elementor-element-populated\">\n\t\t\t\t\t\t\t\t<div class=\"elementor-element elementor-element-c721dbc solution-box elementor-widget elementor-widget-porto_info_box\" data-id=\"c721dbc\" data-element_type=\"widget\" data-widget_type=\"porto_info_box.default\">\n\t\t\t\t<div class=\"elementor-widget-container\">\n\t\t\t<div class=\"porto-sicon-box style_2 top-icon\"><div class=\"porto-sicon-top\"><div id=\"porto-icon-208674878769e15d94e29cb\" class=\"porto-just-icon-wrapper porto-sicon-img\" style=\"\"><img loading=\"lazy\" decoding=\"async\" class=\"img-icon\" alt=\"\" src=\"https:\/\/www.bigadicyilmazasansor.com\/wp-content\/uploads\/2024\/07\/sedye_asansoru.webp\" width=\"565\" height=\"200\" \/><\/div><\/div><div class=\"porto-sicon-header\"><a class=\"porto-sicon-box-link\" href=\"https:\/\/www.bigadicyilmazasansor.com\/index.php\/modeller\/sedye-asansorleri\/\"><h3 class=\"porto-sicon-title\" style=\"\">Sedye Asans\u00f6rleri<\/h3><\/a><\/div> <!-- header --><div class=\"porto-sicon-description\" style=\"\" ><p>Sa\u011fl\u0131k tesislerinde kullan\u0131lan hasta asans\u00f6rleri, sedye ta\u015f\u0131mak ama\u00e7l\u0131 olarak tasarlanm\u0131\u015f olup 1600 kg, 2000 kg ve 2500 kg ta\u015f\u0131ma kapasiteleri vard\u0131r.<\/p><\/div> <!-- description --><\/div><!-- porto-sicon-box -->\t\t<\/div>\n\t\t\t\t<\/div>\n\t\t\t\t\t<\/div>\n\t\t\t\t<\/div>\n\t\t\t\t<div class=\"elementor-column elementor-col-33 elementor-inner-column elementor-element elementor-element-611b69a\" data-id=\"611b69a\" data-element_type=\"column\">\n\t\t\t\t\t<div class=\"elementor-widget-wrap\">\n\t\t\t\t\t\t\t\t\t<\/div>\n\t\t\t\t<\/div>\n\t\t\t\t\t<\/div>\n\t\t\t\t<\/section>\n\t\t\t\t\t<\/div>\n\t\t\t\t<\/div>\n\t\t\t\t\t<\/div>\n\t\t\t\t<\/section>\n\t\t\t\t<\/div>\n\t\t","protected":false},"excerpt":{"rendered":"<p>Asans\u00f6r Modelleri \u0130nsan (Yolcu) Asans\u00f6r\u00fc Esas olarak insan ta\u015f\u0131nmas\u0131n\u0131 ama\u00e7layan konfor ve kullan\u0131m rahatl\u0131\u011f\u0131 \u00f6n planda tutulmu\u015f asans\u00f6rlerdir. Y\u00fck Asans\u00f6rleri Y\u00fck ta\u015f\u0131ma ama\u00e7l\u0131 \u00fcretilmi\u015f asans\u00f6rlerdir. \u0130nsan asans\u00f6rlerine g\u00f6re konfor ve h\u0131z aranmayabilir. Mon\u015farj (Yemek) Asans\u00f6r\u00fc Yemek servis asans\u00f6rleri genelde otel, restoran ve villalarda mutfaktan yemek yenilen kata, tabak, bardak, tepsi ta\u015f\u0131nmas\u0131nda kullan\u0131l\u0131r. Engelli Platformlar\u0131 Engelli [&hellip;]<\/p>\n","protected":false},"author":1,"featured_media":0,"parent":0,"menu_order":0,"comment_status":"closed","ping_status":"closed","template":"","meta":{"footnotes":""},"class_list":["post-2142","page","type-page","status-publish","hentry"],"_links":{"self":[{"href":"https:\/\/www.bigadicyilmazasansor.com\/index.php\/wp-json\/wp\/v2\/pages\/2142","targetHints":{"allow":["GET"]}}],"collection":[{"href":"https:\/\/www.bigadicyilmazasansor.com\/index.php\/wp-json\/wp\/v2\/pages"}],"about":[{"href":"https:\/\/www.bigadicyilmazasansor.com\/index.php\/wp-json\/wp\/v2\/types\/page"}],"author":[{"embeddable":true,"href":"https:\/\/www.bigadicyilmazasansor.com\/index.php\/wp-json\/wp\/v2\/users\/1"}],"replies":[{"embeddable":true,"href":"https:\/\/www.bigadicyilmazasansor.com\/index.php\/wp-json\/wp\/v2\/comments?post=2142"}],"version-history":[{"count":7,"href":"https:\/\/www.bigadicyilmazasansor.com\/index.php\/wp-json\/wp\/v2\/pages\/2142\/revisions"}],"predecessor-version":[{"id":2275,"href":"https:\/\/www.bigadicyilmazasansor.com\/index.php\/wp-json\/wp\/v2\/pages\/2142\/revisions\/2275"}],"wp:attachment":[{"href":"https:\/\/www.bigadicyilmazasansor.com\/index.php\/wp-json\/wp\/v2\/media?parent=2142"}],"curies":[{"name":"wp","href":"https:\/\/api.w.org\/{rel}","templated":true}]}}