{"id":2137,"date":"2024-07-03T21:02:23","date_gmt":"2024-07-03T18:02:23","guid":{"rendered":"https:\/\/www.bigadicyilmazasansor.com\/?page_id=2137"},"modified":"2024-07-04T13:00:16","modified_gmt":"2024-07-04T10:00:16","slug":"yuruyen-merdiven-ve-bant-sistemleri","status":"publish","type":"page","link":"https:\/\/www.bigadicyilmazasansor.com\/index.php\/yuruyen-merdiven-ve-bant-sistemleri\/","title":{"rendered":"Y\u00fcr\u00fcyen Merdiven ve Bant Sistemleri"},"content":{"rendered":"\t\t<div data-elementor-type=\"wp-page\" data-elementor-id=\"2137\" class=\"elementor elementor-2137\">\n\t\t\t\t<div class=\"elementor-element elementor-element-d1ec94d e-flex e-con-boxed e-con e-parent\" data-id=\"d1ec94d\" data-element_type=\"container\">\n\t\t\t\t\t<div class=\"e-con-inner\">\n\t\t\t\t<div class=\"elementor-element elementor-element-3c43325 elementor-widget elementor-widget-image\" data-id=\"3c43325\" data-element_type=\"widget\" data-widget_type=\"image.default\">\n\t\t\t\t<div class=\"elementor-widget-container\">\n\t\t\t<style>\/*! elementor - v3.22.0 - 26-06-2024 *\/\n.elementor-widget-image{text-align:center}.elementor-widget-image a{display:inline-block}.elementor-widget-image a img[src$=\".svg\"]{width:48px}.elementor-widget-image img{vertical-align:middle;display:inline-block}<\/style>\t\t\t\t\t\t\t\t\t\t<img fetchpriority=\"high\" decoding=\"async\" width=\"1140\" height=\"445\" src=\"https:\/\/www.bigadicyilmazasansor.com\/wp-content\/uploads\/2024\/07\/stairs-g3d2030298_1920-1140x445.webp\" class=\"attachment-blog-large size-blog-large wp-image-2276\" alt=\"\" \/>\t\t\t\t\t\t\t\t\t\t\t\t\t<\/div>\n\t\t\t\t<\/div>\n\t\t\t\t<div class=\"elementor-element elementor-element-91fadfe elementor-widget elementor-widget-heading\" data-id=\"91fadfe\" data-element_type=\"widget\" data-widget_type=\"heading.default\">\n\t\t\t\t<div class=\"elementor-widget-container\">\n\t\t\t<style>\/*! elementor - v3.22.0 - 26-06-2024 *\/\n.elementor-heading-title{padding:0;margin:0;line-height:1}.elementor-widget-heading .elementor-heading-title[class*=elementor-size-]>a{color:inherit;font-size:inherit;line-height:inherit}.elementor-widget-heading .elementor-heading-title.elementor-size-small{font-size:15px}.elementor-widget-heading .elementor-heading-title.elementor-size-medium{font-size:19px}.elementor-widget-heading .elementor-heading-title.elementor-size-large{font-size:29px}.elementor-widget-heading .elementor-heading-title.elementor-size-xl{font-size:39px}.elementor-widget-heading .elementor-heading-title.elementor-size-xxl{font-size:59px}<\/style><h2 class=\"elementor-heading-title elementor-size-default\">Y\u00fcr\u00fcyen Merdiven ve Bant Sistemleri<\/h2>\t\t<\/div>\n\t\t\t\t<\/div>\n\t\t\t\t<div class=\"elementor-element elementor-element-1e77e75 elementor-widget elementor-widget-text-editor\" data-id=\"1e77e75\" data-element_type=\"widget\" data-widget_type=\"text-editor.default\">\n\t\t\t\t<div class=\"elementor-widget-container\">\n\t\t\t<style>\/*! elementor - v3.22.0 - 26-06-2024 *\/\n.elementor-widget-text-editor.elementor-drop-cap-view-stacked .elementor-drop-cap{background-color:#69727d;color:#fff}.elementor-widget-text-editor.elementor-drop-cap-view-framed .elementor-drop-cap{color:#69727d;border:3px solid;background-color:transparent}.elementor-widget-text-editor:not(.elementor-drop-cap-view-default) .elementor-drop-cap{margin-top:8px}.elementor-widget-text-editor:not(.elementor-drop-cap-view-default) .elementor-drop-cap-letter{width:1em;height:1em}.elementor-widget-text-editor .elementor-drop-cap{float:left;text-align:center;line-height:1;font-size:50px}.elementor-widget-text-editor .elementor-drop-cap-letter{display:inline-block}<\/style>\t\t\t\t<p>Y\u00fcr\u00fcyen merdivenler, insanlar\u0131n g\u00fcvenli transferi i\u00e7in tasarlanm\u0131\u015f makinelerdir. Y\u00fck ta\u015f\u0131nmas\u0131 uygun de\u011fildir.<\/p><p>\u00a0 \u00a0 Y\u00fcr\u00fcyen merdivenler ve bant sistemleri; toplu ta\u015f\u0131ma istasyonlar\u0131, havaalanlar\u0131, hastaneler, i\u015f merkezleri, alt ve \u00fcst ge\u00e7itler, al\u0131\u015fveri\u015f merkezleri ve oteller gibi bir\u00e7ok yap\u0131da kullan\u0131lmakta olup, dikey ta\u015f\u0131mac\u0131l\u0131kta da hayat\u0131m\u0131z\u0131n vazge\u00e7ilmez kolayl\u0131klar\u0131ndan biri olmu\u015ftur.<\/p><p>\u00a0 \u00a0 \u00a0Y\u00fcr\u00fcyen merdiven sistemi temelde iki farkl\u0131 tipte tasarlan\u0131r.<\/p><p>\u00a0 \u00a0 \u00a0<b>1. D\u0131\u015f Mekan Y\u00fcr\u00fcyen Merdiven Sistemleri<\/b><br \/>\u00a0 \u00a0D\u0131\u015f mekan y\u00fcr\u00fcyen merdiven sistemleri i\u00e7 mekan y\u00fcr\u00fcyen merdivenlere g\u00f6re d\u0131\u015f mekan\u0131n \u015fartlar\u0131na g\u00f6re tasarlan\u0131r. Hizmet verilecek b\u00f6lgenin iklimsel ve co\u011frafi durumu (hava s\u0131cakl\u0131\u011f\u0131, ya\u011fmur, kar, buzlanma, korozyonun yo\u011funlu\u011fu, toz vb.) dikkate al\u0131narak projelendirilir. Bu sebeple bu tipteki sistemlerin bir \u00e7ok par\u00e7as\u0131 d\u0131\u015f mekan \u015fartlar\u0131na uygun malzemelerden \u00fcretilir ve tasarlan\u0131r. \u00d6rne\u011fin; korozyona dayan\u0131kl\u0131 galvanize iskelet, makine dairesi, tarak, el band\u0131 \u0131s\u0131tma sistemleri, d\u0131\u015f mekan basamak zinciri, paslanmaz korkuluk ve benzeri gibi. Bu gerekliliklerinden dolay\u0131 d\u0131\u015f mekan merdivenlerin ayn\u0131 \u00f6l\u00e7\u00fclerdeki i\u00e7 mekan merdivenlere g\u00f6re yat\u0131r\u0131m maliyetleri y\u00fcksektir.<\/p><p>\u00a0 \u00a0 \u00a0<b>2. \u0130\u00e7 Mekan Y\u00fcr\u00fcyen Merdiven Sistemleri<\/b><br \/>\u0130\u00e7 mekan y\u00fcr\u00fcyen merdivenler d\u0131\u015f mekan sistemlerinden farkl\u0131 olarak kapal\u0131 ve korunakl\u0131 yap\u0131larda hizmet verdi\u011fi i\u00e7in d\u0131\u015f mekan sitemlerinde kullan\u0131lan \u00f6zellikte komponentlere sahip olmak zorunda de\u011fildir.<\/p><p>\u00a0 \u00a0 \u00a0<b>Tasar\u0131m<\/b><\/p><p>\u00a0 \u00a0 \u00a0Bir y\u00fcr\u00fcyen merdiven sisteminin i\u00e7 mekan d\u0131\u015f mekan karar\u0131ndan sonra tasar\u0131m\u0131n\u0131 etkileyecek bir \u00e7ok kriter bulunmaktad\u0131r.<\/p><ul><li>\u00c7al\u0131\u015fma y\u00fcksekli\u011fi<\/li><li>\u00c7al\u0131\u015fma a\u00e7\u0131s\u0131<\/li><li>\u0130htiya\u00e7 duyulan hizmet kapasitesi motor g\u00fcc\u00fc\/basamak geni\u015fli\u011fi\/h\u0131z\u0131<\/li><li>Kaplama cinsi (paslanmaz levha, statik boya levha, cam ve iste\u011fe ba\u011fl\u0131 \u00f6zel tasar\u0131mlar)<\/li><li>Korkuluk t\u00fcr\u00fc (paslanmaz levha cam)<\/li><li>Trafik hizmet konumu (tek y\u00f6n tek \u00fcnite, \u00e7ift y\u00f6n paralel, \u00e7ift y\u00f6n paralel ayr\u0131k, \u00e7ift y\u00f6n \u00e7apraz d\u00fczen, paralel \u00fc\u00e7l\u00fc esnek sistem)<\/li><\/ul><p>\u00a0 \u00a0 \u00a0<b>G\u00fcvenlik<\/b><\/p><p>\u00a0 \u00a0 \u00a0Y\u00fcr\u00fcyen merdivenlerin g\u00fcvenli\u011fini tescil eden en \u00f6nemli sertifikasyon EN-115-1 uluslararas\u0131 g\u00fcvenlik sertifikasyonudur. Bu sertifikasyona sahip ve elbette bak\u0131mlar\u0131 d\u00fczenli ve yetkin firmalarca eksiksiz yap\u0131lan merdivenler g\u00fcvenlidir.<\/p><p>\u00a0<u>Yolcu G\u00fcvenli\u011fini Sa\u011flayan \u00d6zellikler<\/u><\/p><p>\u00a0<\/p><ul><li>Basamak k\u0131r\u0131lma\/d\u00fc\u015fme koruma sistemi<\/li><li>El band\u0131 h\u0131z takip sistemi.<\/li><li>El band\u0131 s\u0131k\u0131\u015fma takip sistemi<\/li><li>Basamak \u00e7arpma koruma sistemi<\/li><li>Makine dairesi a\u00e7\u0131lma koruma sistemi<\/li><li>H\u0131z takip sistemi<\/li><li>Elektromekanik fren kontrol sistemi<\/li><li>Basamak ve tahrik zinciri izleme sistemleri<\/li><li>Kenar sac\u0131 s\u0131k\u0131\u015fma \u00f6nleyici f\u0131r\u00e7a sistemi<\/li><li>Kenar sac\u0131 darbe koruma sitemi<\/li><li>Elektrostatik y\u00fckleme \u00f6nleyici sistem<\/li><li>Ka\u00e7ak ak\u0131m \u00f6nleyici sistemler.<\/li><li>Acil durum butonu<\/li><li>El band\u0131 t\u0131rman\u0131\u015f \u00f6nleyici bar<\/li><li>Yolcu uzuv s\u0131k\u0131\u015fma \u00f6nleyici barlar.<\/li><\/ul><p>\u00a0<\/p><p>\u00a0<\/p><p><b>Y\u00fcr\u00fcyen yollar;<\/b>\u00a0genel olarak y\u00fck ta\u015f\u0131mac\u0131l\u0131\u011f\u0131n\u0131n \u00f6n planda tutuldu\u011fu tesislerde kullan\u0131l\u0131r. Y\u00fcr\u00fcyen merdivenin sa\u011flad\u0131\u011f\u0131 gerekliliklerin t\u00fcm\u00fcn\u00fc sa\u011flar ve y\u00fcr\u00fcyen merdivenin sa\u011flayamad\u0131\u011f\u0131 baz\u0131 kolayl\u0131klar da sa\u011flar. \u00d6rne\u011fin, y\u00fcr\u00fcyen merdivenlerde bebek, al\u0131\u015f-veri\u015f arabas\u0131, bavul-\u00e7anta gibi y\u00fcklerin ta\u015f\u0131nmas\u0131 kullan\u0131c\u0131 sa\u011fl\u0131\u011f\u0131 a\u00e7\u0131s\u0131ndan g\u00fcvensizdir ve yasakt\u0131r. Hatta bir\u00e7ok y\u00fcr\u00fcyen merdivenin \u00f6nlerinde bunlar\u0131n kullan\u0131m\u0131n\u0131 \u00f6nlemek ad\u0131na engeller g\u00f6rebilirsiniz. Y\u00fcr\u00fcyen yollar ise bu malzemelerin ta\u015f\u0131nmas\u0131 \u00f6nceli\u011fi ile tasarland\u0131\u011f\u0131 i\u00e7in kullan\u0131m\u0131 yasal ve g\u00fcvenlidir.<\/p><p>Y\u00fcr\u00fcyen yollar\u0131n tasar\u0131m\u0131 gere\u011fi, y\u00fcr\u00fcyen merdivende basamak olarak adland\u0131r\u0131lan ayak bas\u0131lan k\u0131s\u0131mlarda palet kullan\u0131l\u0131r. Bu paletler etek alt\u0131nda k\u0131lavuzlanarak, kullan\u0131c\u0131 g\u00fcvenli\u011fini daha da artt\u0131r\u0131r. Ayr\u0131ca, paletler kendisini ta\u015f\u0131yan zincire ba\u011flanmas\u0131 sebebi ile a\u015f\u0131nma son derece az olur. A\u015f\u0131nman\u0131n olmad\u0131\u011f\u0131 yerde de, sessiz ve uzun \u00f6m\u00fcrl\u00fc bir kullan\u0131m ortaya \u00e7\u0131kar.<\/p><div id=\"mttContainer\" class=\"notranslate\" style=\"transform: translate(-21px, -17px);\" aria-expanded=\"false\">\u00a0<\/div>\t\t\t\t\t\t<\/div>\n\t\t\t\t<\/div>\n\t\t\t\t\t<\/div>\n\t\t\t\t<\/div>\n\t\t\t\t<\/div>\n\t\t","protected":false},"excerpt":{"rendered":"<p>Y\u00fcr\u00fcyen Merdiven ve Bant Sistemleri Y\u00fcr\u00fcyen merdivenler, insanlar\u0131n g\u00fcvenli transferi i\u00e7in tasarlanm\u0131\u015f makinelerdir. Y\u00fck ta\u015f\u0131nmas\u0131 uygun de\u011fildir. \u00a0 \u00a0 Y\u00fcr\u00fcyen merdivenler ve bant sistemleri; toplu ta\u015f\u0131ma istasyonlar\u0131, havaalanlar\u0131, hastaneler, i\u015f merkezleri, alt ve \u00fcst ge\u00e7itler, al\u0131\u015fveri\u015f merkezleri ve oteller gibi bir\u00e7ok yap\u0131da kullan\u0131lmakta olup, dikey ta\u015f\u0131mac\u0131l\u0131kta da hayat\u0131m\u0131z\u0131n vazge\u00e7ilmez kolayl\u0131klar\u0131ndan biri olmu\u015ftur. \u00a0 \u00a0 \u00a0Y\u00fcr\u00fcyen [&hellip;]<\/p>\n","protected":false},"author":1,"featured_media":0,"parent":0,"menu_order":0,"comment_status":"closed","ping_status":"closed","template":"","meta":{"footnotes":""},"class_list":["post-2137","page","type-page","status-publish","hentry"],"_links":{"self":[{"href":"https:\/\/www.bigadicyilmazasansor.com\/index.php\/wp-json\/wp\/v2\/pages\/2137","targetHints":{"allow":["GET"]}}],"collection":[{"href":"https:\/\/www.bigadicyilmazasansor.com\/index.php\/wp-json\/wp\/v2\/pages"}],"about":[{"href":"https:\/\/www.bigadicyilmazasansor.com\/index.php\/wp-json\/wp\/v2\/types\/page"}],"author":[{"embeddable":true,"href":"https:\/\/www.bigadicyilmazasansor.com\/index.php\/wp-json\/wp\/v2\/users\/1"}],"replies":[{"embeddable":true,"href":"https:\/\/www.bigadicyilmazasansor.com\/index.php\/wp-json\/wp\/v2\/comments?post=2137"}],"version-history":[{"count":7,"href":"https:\/\/www.bigadicyilmazasansor.com\/index.php\/wp-json\/wp\/v2\/pages\/2137\/revisions"}],"predecessor-version":[{"id":2280,"href":"https:\/\/www.bigadicyilmazasansor.com\/index.php\/wp-json\/wp\/v2\/pages\/2137\/revisions\/2280"}],"wp:attachment":[{"href":"https:\/\/www.bigadicyilmazasansor.com\/index.php\/wp-json\/wp\/v2\/media?parent=2137"}],"curies":[{"name":"wp","href":"https:\/\/api.w.org\/{rel}","templated":true}]}}